{"id":698107,"date":"2025-08-27T14:43:34","date_gmt":"2025-08-27T11:43:34","guid":{"rendered":"https:\/\/roveyayinevi.com.tr\/index.php\/urun\/pasa-pasa-yatacaksiniz\/"},"modified":"2026-04-16T02:07:46","modified_gmt":"2026-04-15T23:07:46","slug":"pasa-pasa-yatacaksiniz","status":"publish","type":"product","link":"https:\/\/roveyayinevi.com.tr\/index.php\/urun\/pasa-pasa-yatacaksiniz\/","title":{"rendered":"Pa\u015fa Pa\u015fa Yatacaks\u0131n\u0131z"},"content":{"rendered":"<p>Bu kitab\u0131n yazar\u0131 \u0130krami \u00d6zturan, \u201cKonu mizah olunca, Hasdal\u2019dakilerin akl\u0131na ilk siz geldiniz\u201d diyor. Kitab\u0131n \u00f6ns\u00f6z\u00fcn\u00fc yazmam konusunda beni onurland\u0131rm\u0131\u015flar\u2026 Bir insan\u0131n haks\u0131zl\u0131\u011fa u\u011fray\u0131p ac\u0131 \u00e7ekerken mizah \u00fcretmesi zor ama makbul bir olgudur. Zaten mizah g\u00fcl\u00fcmseterek ba\u015fkald\u0131rmad\u0131r. Mizah ac\u0131t\u0131r; ama ger\u00e7e\u011fi de s\u00f6yler\u2026Biz cezaevlerinde iken, ak\u015fam say\u0131m\u0131nda gardiyan, \u201cAllah kurtars\u0131n\u201d diye veda ederdi. Ayn\u0131 \u015feyi ben de s\u00f6ylemek istiyorum; ama iki kez: \u0130lki: \u0130\u00e7eride haks\u0131z yere yatan arkada\u015flara\u2026 \u0130kincisi: Bizi ba\u015f\u0131m\u0131zdakilerden\u2026 Allah kurtars\u0131n.M\u00dcJDAT GEZEN <\/p>\n","protected":false},"excerpt":{"rendered":"<p>Bu kitab\u0131n yazar\u0131 \u0130krami \u00d6zturan, \u201cKonu mizah olunca, Hasdal\u2019dakilerin akl\u0131na ilk siz geldiniz\u201d diyor. Kitab\u0131n \u00f6ns\u00f6z\u00fcn\u00fc yazmam konusunda beni onurland\u0131rm\u0131\u015flar\u2026 Bir insan\u0131n haks\u0131zl\u0131\u011fa u\u011fray\u0131p ac\u0131 \u00e7ekerken<span class=\"excerpt-hellip\"> [\u2026]<\/span><\/p>\n","protected":false},"featured_media":0,"template":"","meta":{"_monsterinsights_skip_tracking":false,"_monsterinsights_sitenote_active":false,"_monsterinsights_sitenote_note":"","_monsterinsights_sitenote_category":0},"product_brand":[],"product_cat":[12782,12291],"product_tag":[],"class_list":{"0":"post-698107","1":"product","2":"type-product","3":"status-publish","5":"product_cat-alman-edebiyati","6":"product_cat-edebiyat","7":"pa_tur-kitap","8":"pa_yayinevi-bilgi-yayinevi","9":"pa_yazar-ikrami-ozturan","11":"first","12":"instock","13":"sale","14":"shipping-taxable","15":"purchasable","16":"product-type-simple"},"_links":{"self":[{"href":"https:\/\/roveyayinevi.com.tr\/index.php\/wp-json\/wp\/v2\/product\/698107","targetHints":{"allow":["GET"]}}],"collection":[{"href":"https:\/\/roveyayinevi.com.tr\/index.php\/wp-json\/wp\/v2\/product"}],"about":[{"href":"https:\/\/roveyayinevi.com.tr\/index.php\/wp-json\/wp\/v2\/types\/product"}],"wp:attachment":[{"href":"https:\/\/roveyayinevi.com.tr\/index.php\/wp-json\/wp\/v2\/media?parent=698107"}],"wp:term":[{"taxonomy":"product_brand","embeddable":true,"href":"https:\/\/roveyayinevi.com.tr\/index.php\/wp-json\/wp\/v2\/product_brand?post=698107"},{"taxonomy":"product_cat","embeddable":true,"href":"https:\/\/roveyayinevi.com.tr\/index.php\/wp-json\/wp\/v2\/product_cat?post=698107"},{"taxonomy":"product_tag","embeddable":true,"href":"https:\/\/roveyayinevi.com.tr\/index.php\/wp-json\/wp\/v2\/product_tag?post=698107"}],"curies":[{"name":"wp","href":"https:\/\/api.w.org\/{rel}","templated":true}]}}