{"id":698105,"date":"2025-08-27T14:43:34","date_gmt":"2025-08-27T11:43:34","guid":{"rendered":"https:\/\/roveyayinevi.com.tr\/index.php\/urun\/hirka-hirka-i-saadetin-kab-bin-zuheyrin-romani\/"},"modified":"2026-04-16T02:07:46","modified_gmt":"2026-04-15T23:07:46","slug":"hirka-hirka-i-saadetin-kab-bin-zuheyrin-romani","status":"publish","type":"product","link":"https:\/\/roveyayinevi.com.tr\/index.php\/urun\/hirka-hirka-i-saadetin-kab-bin-zuheyrin-romani\/","title":{"rendered":"H\u0131rka: H\u0131rka-i Saadetin Kab Bin Z\u00fcheyr\u2019in Roman\u0131"},"content":{"rendered":"<p>H\u0131rka: H\u0131rka-i Saadetin Kab Bin Z\u00fcheyr&#8217;in Roman\u0131 \ufffcTan\u0131t\u0131m Metni<\/p>\n","protected":false},"excerpt":{"rendered":"<p>H\u0131rka: H\u0131rka-i Saadetin Kab Bin Z\u00fcheyr&#8217;in Roman\u0131 \ufffcTan\u0131t\u0131m Metni<\/p>\n","protected":false},"featured_media":0,"template":"","meta":{"_monsterinsights_skip_tracking":false,"_monsterinsights_sitenote_active":false,"_monsterinsights_sitenote_note":"","_monsterinsights_sitenote_category":0},"product_brand":[],"product_cat":[12718,16794],"product_tag":[],"class_list":{"0":"post-698105","1":"product","2":"type-product","3":"status-publish","5":"product_cat-din","6":"product_cat-dinler-tarihi","7":"pa_cilt-ciltsiz","8":"pa_tur-kitap","9":"pa_yayinevi-edille","10":"pa_yazar-mahmut-cetin","12":"first","13":"instock","14":"sale","15":"shipping-taxable","16":"purchasable","17":"product-type-simple"},"_links":{"self":[{"href":"https:\/\/roveyayinevi.com.tr\/index.php\/wp-json\/wp\/v2\/product\/698105","targetHints":{"allow":["GET"]}}],"collection":[{"href":"https:\/\/roveyayinevi.com.tr\/index.php\/wp-json\/wp\/v2\/product"}],"about":[{"href":"https:\/\/roveyayinevi.com.tr\/index.php\/wp-json\/wp\/v2\/types\/product"}],"wp:attachment":[{"href":"https:\/\/roveyayinevi.com.tr\/index.php\/wp-json\/wp\/v2\/media?parent=698105"}],"wp:term":[{"taxonomy":"product_brand","embeddable":true,"href":"https:\/\/roveyayinevi.com.tr\/index.php\/wp-json\/wp\/v2\/product_brand?post=698105"},{"taxonomy":"product_cat","embeddable":true,"href":"https:\/\/roveyayinevi.com.tr\/index.php\/wp-json\/wp\/v2\/product_cat?post=698105"},{"taxonomy":"product_tag","embeddable":true,"href":"https:\/\/roveyayinevi.com.tr\/index.php\/wp-json\/wp\/v2\/product_tag?post=698105"}],"curies":[{"name":"wp","href":"https:\/\/api.w.org\/{rel}","templated":true}]}}