{"id":698103,"date":"2025-08-27T14:43:33","date_gmt":"2025-08-27T11:43:33","guid":{"rendered":"https:\/\/roveyayinevi.com.tr\/index.php\/urun\/golgelerin-efendisi-4-skandiyayi-kurtarmak\/"},"modified":"2026-04-16T02:07:46","modified_gmt":"2026-04-15T23:07:46","slug":"golgelerin-efendisi-4-skandiyayi-kurtarmak","status":"publish","type":"product","link":"https:\/\/roveyayinevi.com.tr\/index.php\/urun\/golgelerin-efendisi-4-skandiyayi-kurtarmak\/","title":{"rendered":"G\u00f6lgelerin Efendisi 4 &#8211; Skandiya\u2019y\u0131 Kurtarmak"},"content":{"rendered":"<p>Bahar gelirken, sonunda sa\u011fl\u0131\u011f\u0131na kavu\u015fan Will ile Evanlyn, Skandiya\u2019dan ka\u00e7maya devam ederler. Bu s\u0131rada Evanlyn, birtak\u0131m gizemli atl\u0131lar taraf\u0131ndan ka\u00e7\u0131r\u0131l\u0131r. Will, onu izleyip kurtarmak istese de tek ba\u015f\u0131na alt\u0131 ac\u0131mas\u0131z sava\u015f\u00e7\u0131yla ba\u015fa \u00e7\u0131kmas\u0131 olanaks\u0131zd\u0131r. Halt ile Horace, Will\u2019in imdad\u0131na tam zaman\u0131nda yeti\u015firler. Alt\u0131 Temu\u00e7i sava\u015f\u00e7\u0131s\u0131n\u0131n, asl\u0131nda b\u00fcy\u00fck bir i\u015fgal g\u00fcc\u00fcn\u00fcn par\u00e7as\u0131 oldu\u011funu anlayan Halt, Skandiyal\u0131lar\u2019\u0131 i\u015fbirli\u011fi yapmaya ikna edebilecek mi? \ufffcTan\u0131t\u0131m Metni<\/p>\n","protected":false},"excerpt":{"rendered":"<p>Bahar gelirken, sonunda sa\u011fl\u0131\u011f\u0131na kavu\u015fan Will ile Evanlyn, Skandiya\u2019dan ka\u00e7maya devam ederler. Bu s\u0131rada Evanlyn, birtak\u0131m gizemli atl\u0131lar taraf\u0131ndan ka\u00e7\u0131r\u0131l\u0131r. Will, onu izleyip kurtarmak istese de<span class=\"excerpt-hellip\"> [\u2026]<\/span><\/p>\n","protected":false},"featured_media":0,"template":"","meta":{"_monsterinsights_skip_tracking":false,"_monsterinsights_sitenote_active":false,"_monsterinsights_sitenote_note":"","_monsterinsights_sitenote_category":0},"product_brand":[],"product_cat":[12274,12284],"product_tag":[],"class_list":{"0":"post-698103","1":"product","2":"type-product","3":"status-publish","5":"product_cat-cocuk-ve-genclik-kitaplari","6":"product_cat-hikayeler","7":"pa_cilt-ciltsiz","8":"pa_tur-kitap","9":"pa_yayinevi-beyaz-balina-yayinlari","10":"pa_yazar-john-flanagan","12":"first","13":"instock","14":"sale","15":"shipping-taxable","16":"purchasable","17":"product-type-simple"},"_links":{"self":[{"href":"https:\/\/roveyayinevi.com.tr\/index.php\/wp-json\/wp\/v2\/product\/698103","targetHints":{"allow":["GET"]}}],"collection":[{"href":"https:\/\/roveyayinevi.com.tr\/index.php\/wp-json\/wp\/v2\/product"}],"about":[{"href":"https:\/\/roveyayinevi.com.tr\/index.php\/wp-json\/wp\/v2\/types\/product"}],"wp:attachment":[{"href":"https:\/\/roveyayinevi.com.tr\/index.php\/wp-json\/wp\/v2\/media?parent=698103"}],"wp:term":[{"taxonomy":"product_brand","embeddable":true,"href":"https:\/\/roveyayinevi.com.tr\/index.php\/wp-json\/wp\/v2\/product_brand?post=698103"},{"taxonomy":"product_cat","embeddable":true,"href":"https:\/\/roveyayinevi.com.tr\/index.php\/wp-json\/wp\/v2\/product_cat?post=698103"},{"taxonomy":"product_tag","embeddable":true,"href":"https:\/\/roveyayinevi.com.tr\/index.php\/wp-json\/wp\/v2\/product_tag?post=698103"}],"curies":[{"name":"wp","href":"https:\/\/api.w.org\/{rel}","templated":true}]}}