{"id":698102,"date":"2025-08-27T14:43:33","date_gmt":"2025-08-27T11:43:33","guid":{"rendered":"https:\/\/roveyayinevi.com.tr\/index.php\/urun\/gorunmez-arkadasim\/"},"modified":"2026-04-16T02:07:46","modified_gmt":"2026-04-15T23:07:46","slug":"gorunmez-arkadasim","status":"publish","type":"product","link":"https:\/\/roveyayinevi.com.tr\/index.php\/urun\/gorunmez-arkadasim\/","title":{"rendered":"G\u00f6r\u00fcnmez Arkada\u015f\u0131m"},"content":{"rendered":"<p>1926, Venedik do\u011fumlu yazar, hen\u00fcz 6 ya\u015f\u0131ndayken \u201cfarkl\u0131-\u00f6teki\u201d olman\u0131n ne demek oldu\u011funu anlad\u0131. Annesiyle babas\u0131 ayr\u0131ld\u0131. Ard\u0131ndan, 13 ya\u015f\u0131ndayken, insan\u0131n annesinin Yahudi olmas\u0131n\u0131n ve \u0131rk\u00e7\u0131 yasalar\u0131n sonu\u00e7lar\u0131na katlanman\u0131n da ne demek oldu\u011funu anlad\u0131. Annesi Maria Luzzatto ile uzun s\u00fcre saklanarak ya\u015famak zorunda kald\u0131. Ana-k\u0131z direni\u015f m\u00fccadelesine kat\u0131ld\u0131, sava\u015f\u0131n bitiminde 1945\u2019te annesi \u00f6l\u00fcnce, Lucia babas\u0131n\u0131n yan\u0131na Floransa\u2019ya d\u00f6nd\u00fc. \u00dcniversitede edebiyat b\u00f6l\u00fcm\u00fcnde e\u011fitimini s\u00fcrd\u00fcrd\u00fc. \u0130kinci D\u00fcnya Sava\u015f\u0131\u2019ndan bug\u00fcne kadar \u00e7ocuklar ve gen\u00e7ler i\u00e7in yazan b\u00fcy\u00fck yazarlardan biri olarak nitelendi. \ufffcTan\u0131t\u0131m Metni<\/p>\n","protected":false},"excerpt":{"rendered":"<p>1926, Venedik do\u011fumlu yazar, hen\u00fcz 6 ya\u015f\u0131ndayken \u201cfarkl\u0131-\u00f6teki\u201d olman\u0131n ne demek oldu\u011funu anlad\u0131. Annesiyle babas\u0131 ayr\u0131ld\u0131. Ard\u0131ndan, 13 ya\u015f\u0131ndayken, insan\u0131n annesinin Yahudi olmas\u0131n\u0131n ve \u0131rk\u00e7\u0131 yasalar\u0131n<span class=\"excerpt-hellip\"> [\u2026]<\/span><\/p>\n","protected":false},"featured_media":0,"template":"","meta":{"_monsterinsights_skip_tracking":false,"_monsterinsights_sitenote_active":false,"_monsterinsights_sitenote_note":"","_monsterinsights_sitenote_category":0},"product_brand":[],"product_cat":[12274,12284],"product_tag":[],"class_list":{"0":"post-698102","1":"product","2":"type-product","3":"status-publish","5":"product_cat-cocuk-ve-genclik-kitaplari","6":"product_cat-hikayeler","7":"pa_cilt-ciltsiz","8":"pa_tur-kitap","9":"pa_yayinevi-yapi-kredi-yayinlari","10":"pa_yazar-lucia-tumiati","12":"first","13":"instock","14":"sale","15":"shipping-taxable","16":"purchasable","17":"product-type-simple"},"_links":{"self":[{"href":"https:\/\/roveyayinevi.com.tr\/index.php\/wp-json\/wp\/v2\/product\/698102","targetHints":{"allow":["GET"]}}],"collection":[{"href":"https:\/\/roveyayinevi.com.tr\/index.php\/wp-json\/wp\/v2\/product"}],"about":[{"href":"https:\/\/roveyayinevi.com.tr\/index.php\/wp-json\/wp\/v2\/types\/product"}],"wp:attachment":[{"href":"https:\/\/roveyayinevi.com.tr\/index.php\/wp-json\/wp\/v2\/media?parent=698102"}],"wp:term":[{"taxonomy":"product_brand","embeddable":true,"href":"https:\/\/roveyayinevi.com.tr\/index.php\/wp-json\/wp\/v2\/product_brand?post=698102"},{"taxonomy":"product_cat","embeddable":true,"href":"https:\/\/roveyayinevi.com.tr\/index.php\/wp-json\/wp\/v2\/product_cat?post=698102"},{"taxonomy":"product_tag","embeddable":true,"href":"https:\/\/roveyayinevi.com.tr\/index.php\/wp-json\/wp\/v2\/product_tag?post=698102"}],"curies":[{"name":"wp","href":"https:\/\/api.w.org\/{rel}","templated":true}]}}