{"id":698101,"date":"2025-08-27T14:43:32","date_gmt":"2025-08-27T11:43:32","guid":{"rendered":"https:\/\/roveyayinevi.com.tr\/index.php\/urun\/beyinsiz-adam\/"},"modified":"2026-04-16T02:07:46","modified_gmt":"2026-04-15T23:07:46","slug":"beyinsiz-adam","status":"publish","type":"product","link":"https:\/\/roveyayinevi.com.tr\/index.php\/urun\/beyinsiz-adam\/","title":{"rendered":"Beyinsiz Adam"},"content":{"rendered":"<p>Hayatta en \u00e7ok \u00e7ay\u0131 seven, y\u0131llarca Jean-Jacques Rousseau, Sokrates okudu\u011fu halde d\u00f6n\u00fcp dola\u015f\u0131p babaannesinin laflar\u0131n\u0131 hat\u0131rlayan, g\u00fcndelik dertleri \u00f6nemsemeyen, \u00fc\u015fenge\u00e7likte s\u0131n\u0131r tan\u0131mayan bir gen\u00e7 adam; Beyinsiz Adam.Neredeyse hi\u00e7 g\u00f6r\u00fc\u015fmedi\u011fi ve onu evlatl\u0131k ald\u0131klar\u0131ndan \u015f\u00fcphelendi\u011fi anne babas\u0131, onun i\u00e7in \u00fcz\u00fclen ancak mahallenin dedikodular\u0131ndan f\u0131rsat bulup da pek ilgilenemeyen babaannesi, kiray\u0131 \u00f6deyemedi\u011fi i\u00e7in kap\u0131s\u0131n\u0131 s\u0131k s\u0131k \u00e7alan ev sahibinden ba\u015fka kimsesi yok; gerek de yok zaten!Ama\u2026Herkesin hayat\u0131nda bir g\u00fcn hi\u00e7 hesapta olmayan olaylar cereyan edebilir. Mesela bir gece tan\u0131\u015ft\u0131\u011f\u0131n\u0131z bir k\u0131z de\u011fi\u015ftirebilir hayat\u0131n\u0131z\u0131 ve ad\u0131 Bedia olabilir o k\u0131z\u0131n\u2026A\u015fk her insan\u0131n hayat\u0131nda yanarda\u011f patlamas\u0131 etkisi yaratabilir, peki ya Beyinsiz Adam\u2019\u0131n?Hakim T\u00fcrkmen, bildi\u011fimizi sand\u0131\u011f\u0131m\u0131z bir hayat\u0131 asl\u0131nda hi\u00e7 bilmedi\u011fimizi g\u00f6sterirken, kahkahalar att\u0131r\u0131yor&#8230; <\/p>\n","protected":false},"excerpt":{"rendered":"<p>Hayatta en \u00e7ok \u00e7ay\u0131 seven, y\u0131llarca Jean-Jacques Rousseau, Sokrates okudu\u011fu halde d\u00f6n\u00fcp dola\u015f\u0131p babaannesinin laflar\u0131n\u0131 hat\u0131rlayan, g\u00fcndelik dertleri \u00f6nemsemeyen, \u00fc\u015fenge\u00e7likte s\u0131n\u0131r tan\u0131mayan bir gen\u00e7 adam; Beyinsiz<span class=\"excerpt-hellip\"> [\u2026]<\/span><\/p>\n","protected":false},"featured_media":0,"template":"","meta":{"_monsterinsights_skip_tracking":false,"_monsterinsights_sitenote_active":false,"_monsterinsights_sitenote_note":"","_monsterinsights_sitenote_category":0},"product_brand":[],"product_cat":[12291,12292],"product_tag":[],"class_list":{"0":"post-698101","1":"product","2":"type-product","3":"status-publish","5":"product_cat-edebiyat","6":"product_cat-turk-edebiyati","7":"pa_tur-kitap","8":"pa_yayinevi-timas-yayinlari","9":"pa_yazar-hakim-turkmen","11":"first","12":"instock","13":"sale","14":"shipping-taxable","15":"purchasable","16":"product-type-simple"},"_links":{"self":[{"href":"https:\/\/roveyayinevi.com.tr\/index.php\/wp-json\/wp\/v2\/product\/698101","targetHints":{"allow":["GET"]}}],"collection":[{"href":"https:\/\/roveyayinevi.com.tr\/index.php\/wp-json\/wp\/v2\/product"}],"about":[{"href":"https:\/\/roveyayinevi.com.tr\/index.php\/wp-json\/wp\/v2\/types\/product"}],"wp:attachment":[{"href":"https:\/\/roveyayinevi.com.tr\/index.php\/wp-json\/wp\/v2\/media?parent=698101"}],"wp:term":[{"taxonomy":"product_brand","embeddable":true,"href":"https:\/\/roveyayinevi.com.tr\/index.php\/wp-json\/wp\/v2\/product_brand?post=698101"},{"taxonomy":"product_cat","embeddable":true,"href":"https:\/\/roveyayinevi.com.tr\/index.php\/wp-json\/wp\/v2\/product_cat?post=698101"},{"taxonomy":"product_tag","embeddable":true,"href":"https:\/\/roveyayinevi.com.tr\/index.php\/wp-json\/wp\/v2\/product_tag?post=698101"}],"curies":[{"name":"wp","href":"https:\/\/api.w.org\/{rel}","templated":true}]}}