{"id":698098,"date":"2025-08-27T14:43:32","date_gmt":"2025-08-27T11:43:32","guid":{"rendered":"https:\/\/roveyayinevi.com.tr\/index.php\/urun\/afrikanin-yesil-tepeleri-butun-eserleri-3\/"},"modified":"2026-04-16T02:07:46","modified_gmt":"2026-04-15T23:07:46","slug":"afrikanin-yesil-tepeleri-butun-eserleri-3","status":"publish","type":"product","link":"https:\/\/roveyayinevi.com.tr\/index.php\/urun\/afrikanin-yesil-tepeleri-butun-eserleri-3\/","title":{"rendered":"Afrika\u2019n\u0131n Ye\u015fil Tepeleri B\u00fct\u00fcn Eserleri 3"},"content":{"rendered":"<p>Hemingway, Avrupa&#8217;da bulundu\u011fu y\u0131llarda s\u0131k s\u0131k Afrika&#8217;ya avlanmaya gitmi\u015ftir. Kendi \u00fclkesinde de bal\u0131k\u00e7\u0131l\u0131kla birlikte, avlanman\u0131n her t\u00fcr\u00fcne ilgi duymu\u015f; \u00e7o\u011funlukla avlanabilece\u011fi yerlerde ya\u015fam\u0131\u015f; daha sonra da bunlar\u0131 birbirinden g\u00fczel \u00f6yk\u00fclerle anlatm\u0131\u015ft\u0131r. Afrika&#8217;n\u0131n Ye\u015fil Tepeleri, yaln\u0131zca avc\u0131l\u0131\u011f\u0131, avlanmay\u0131 anlatan bir yap\u0131t de\u011fildir. Kitapta, bir yandan t\u00fcm canl\u0131 cans\u0131z varl\u0131klar\u0131yla Afrika&#8217;n\u0131n do\u011fas\u0131n\u0131, bir yandan da kendi ya\u015fam\u0131yla, ya\u015fam felsefesiyle Hemingway&#8217;i bulacaks\u0131n\u0131z. Avc\u0131l\u0131k, do\u011fal ya\u015fam, hayvan haklar\u0131 gibi konular \u00fcst\u00fcne d\u00fc\u015f\u00fcnen herkesin okumas\u0131 gereken bir kitap olan Afrika&#8217;n\u0131n Ye\u015fil Tepeleri, K\u00fc\u00e7\u00fck \u0130skender&#8217;in \u00f6ns\u00f6z\u00fc ve Fatma Aylin Sa\u011ft\u00fcr&#8217;\u00fcn \u00f6zenli \u00e7evirisiyle av tutkunlar\u0131n\u0131n i\u00e7 d\u00fcnyas\u0131na tutulmu\u015f bir ayna gibi. Afrika&#8217;n\u0131n Ye\u015fil Tepeleri ba\u015ftan sona g\u00f6zden ge\u00e7irilip yenilendi, i\u00e7inde Hemingway&#8217;in Afrika g\u00fcnlerinden foto\u011fraflar\u0131n ve el yazmas\u0131 m\u00fcsvedde \u00f6rneklerinin bulundu\u011fu, ku\u015fe k\u00e2\u011f\u0131da bas\u0131lm\u0131\u015f 21 g\u00f6rselle zenginle\u015ftirildi.<\/p>\n","protected":false},"excerpt":{"rendered":"<p>Hemingway, Avrupa&#8217;da bulundu\u011fu y\u0131llarda s\u0131k s\u0131k Afrika&#8217;ya avlanmaya gitmi\u015ftir. Kendi \u00fclkesinde de bal\u0131k\u00e7\u0131l\u0131kla birlikte, avlanman\u0131n her t\u00fcr\u00fcne ilgi duymu\u015f; \u00e7o\u011funlukla avlanabilece\u011fi yerlerde ya\u015fam\u0131\u015f; daha sonra da<span class=\"excerpt-hellip\"> [\u2026]<\/span><\/p>\n","protected":false},"featured_media":0,"template":"","meta":{"_monsterinsights_skip_tracking":false,"_monsterinsights_sitenote_active":false,"_monsterinsights_sitenote_note":"","_monsterinsights_sitenote_category":0},"product_brand":[],"product_cat":[12891,12291],"product_tag":[],"class_list":{"0":"post-698098","1":"product","2":"type-product","3":"status-publish","5":"product_cat-amerikan-edebiyati","6":"product_cat-edebiyat","7":"pa_tur-kitap","8":"pa_yayinevi-bilgi-yayinevi","9":"pa_yazar-ernest-hemingway","11":"first","12":"instock","13":"sale","14":"shipping-taxable","15":"purchasable","16":"product-type-simple"},"_links":{"self":[{"href":"https:\/\/roveyayinevi.com.tr\/index.php\/wp-json\/wp\/v2\/product\/698098","targetHints":{"allow":["GET"]}}],"collection":[{"href":"https:\/\/roveyayinevi.com.tr\/index.php\/wp-json\/wp\/v2\/product"}],"about":[{"href":"https:\/\/roveyayinevi.com.tr\/index.php\/wp-json\/wp\/v2\/types\/product"}],"wp:attachment":[{"href":"https:\/\/roveyayinevi.com.tr\/index.php\/wp-json\/wp\/v2\/media?parent=698098"}],"wp:term":[{"taxonomy":"product_brand","embeddable":true,"href":"https:\/\/roveyayinevi.com.tr\/index.php\/wp-json\/wp\/v2\/product_brand?post=698098"},{"taxonomy":"product_cat","embeddable":true,"href":"https:\/\/roveyayinevi.com.tr\/index.php\/wp-json\/wp\/v2\/product_cat?post=698098"},{"taxonomy":"product_tag","embeddable":true,"href":"https:\/\/roveyayinevi.com.tr\/index.php\/wp-json\/wp\/v2\/product_tag?post=698098"}],"curies":[{"name":"wp","href":"https:\/\/api.w.org\/{rel}","templated":true}]}}