{"id":698096,"date":"2025-08-27T14:43:31","date_gmt":"2025-08-27T11:43:31","guid":{"rendered":"https:\/\/roveyayinevi.com.tr\/index.php\/urun\/lozan-gunlugu\/"},"modified":"2026-04-16T02:07:46","modified_gmt":"2026-04-15T23:07:46","slug":"lozan-gunlugu","status":"publish","type":"product","link":"https:\/\/roveyayinevi.com.tr\/index.php\/urun\/lozan-gunlugu\/","title":{"rendered":"Lozan G\u00fcnl\u00fc\u011f\u00fc"},"content":{"rendered":"<p>Lozan 100 y\u0131ll\u0131\u011f\u0131na m\u0131 imzaland\u0131? Lozan bir ba\u015far\u0131 m\u0131d\u0131r; eksikleri var m\u0131d\u0131r? T\u00fcrkiye\u2019nin s\u0131n\u0131rlar\u0131 farkl\u0131 olabilir miydi? T\u00fcm sorular\u0131n yan\u0131t\u0131 bu ara\u015ft\u0131rmada. \u00dcstelik ger\u00e7ek belgelerle. <\/p>\n","protected":false},"excerpt":{"rendered":"<p>Lozan 100 y\u0131ll\u0131\u011f\u0131na m\u0131 imzaland\u0131? Lozan bir ba\u015far\u0131 m\u0131d\u0131r; eksikleri var m\u0131d\u0131r? T\u00fcrkiye\u2019nin s\u0131n\u0131rlar\u0131 farkl\u0131 olabilir miydi? T\u00fcm sorular\u0131n yan\u0131t\u0131 bu ara\u015ft\u0131rmada. \u00dcstelik ger\u00e7ek belgelerle.<\/p>\n","protected":false},"featured_media":0,"template":"","meta":{"_monsterinsights_skip_tracking":false,"_monsterinsights_sitenote_active":false,"_monsterinsights_sitenote_note":"","_monsterinsights_sitenote_category":0},"product_brand":[],"product_cat":[12304,13493],"product_tag":[],"class_list":{"0":"post-698096","1":"product","2":"type-product","3":"status-publish","5":"product_cat-tarih","6":"product_cat-turkiye-ve-cumhuriyet-tarihi","7":"pa_cilt-ciltsiz","8":"pa_tur-kitap","9":"pa_yayinevi-bilgi-yayinevi","10":"pa_yazar-bilal-n-simsir","12":"first","13":"instock","14":"sale","15":"shipping-taxable","16":"purchasable","17":"product-type-simple"},"_links":{"self":[{"href":"https:\/\/roveyayinevi.com.tr\/index.php\/wp-json\/wp\/v2\/product\/698096","targetHints":{"allow":["GET"]}}],"collection":[{"href":"https:\/\/roveyayinevi.com.tr\/index.php\/wp-json\/wp\/v2\/product"}],"about":[{"href":"https:\/\/roveyayinevi.com.tr\/index.php\/wp-json\/wp\/v2\/types\/product"}],"wp:attachment":[{"href":"https:\/\/roveyayinevi.com.tr\/index.php\/wp-json\/wp\/v2\/media?parent=698096"}],"wp:term":[{"taxonomy":"product_brand","embeddable":true,"href":"https:\/\/roveyayinevi.com.tr\/index.php\/wp-json\/wp\/v2\/product_brand?post=698096"},{"taxonomy":"product_cat","embeddable":true,"href":"https:\/\/roveyayinevi.com.tr\/index.php\/wp-json\/wp\/v2\/product_cat?post=698096"},{"taxonomy":"product_tag","embeddable":true,"href":"https:\/\/roveyayinevi.com.tr\/index.php\/wp-json\/wp\/v2\/product_tag?post=698096"}],"curies":[{"name":"wp","href":"https:\/\/api.w.org\/{rel}","templated":true}]}}