{"id":698094,"date":"2025-08-27T14:43:31","date_gmt":"2025-08-27T11:43:31","guid":{"rendered":"https:\/\/roveyayinevi.com.tr\/index.php\/urun\/bir-nefeste-dunya-tarihi\/"},"modified":"2025-10-09T02:54:44","modified_gmt":"2025-10-08T23:54:44","slug":"bir-nefeste-dunya-tarihi","status":"publish","type":"product","link":"https:\/\/roveyayinevi.com.tr\/index.php\/urun\/bir-nefeste-dunya-tarihi\/","title":{"rendered":"Bir Nefeste D\u00fcnya Tarihi"},"content":{"rendered":"<p>M.\u00d6. 3500&#8217;den 1945&#8217;e kadar kronolojik olarak d\u00fczenlenmi\u015f; Avrupa, Kuzey ve G\u00fcney Amerika, Okyanusya, Ortado\u011fu ve Orta Asya olarak b\u00f6lgelere g\u00f6re ayr\u0131lm\u0131\u015f, bir nefeste okuyaca\u011f\u0131n\u0131z bir d\u00fcnya tarihi kitab\u0131.Fark\u0131nda olsak da olmasak da, ya\u015fad\u0131\u011f\u0131m\u0131z d\u00fcnya, tarihimiz taraf\u0131ndan \u015fekillendirilmi\u015ftir. Tarih, ayn\u0131 anda ortak insanl\u0131\u011f\u0131n hem bir kayd\u0131 hem de b\u00fct\u00fcnl\u00fc\u011f\u00fcn\u00fc sa\u011flayan bir ba\u011fd\u0131r. Bu kitap, antik medeniyetlerden II. D\u00fcnya Sava\u015f\u0131&#8217;na kadar ya\u015fanm\u0131\u015f b\u00fcy\u00fck tarihsel olaylar hakk\u0131nda fikir sahibi olmam\u0131z i\u00e7in gereken temel bilgileri i\u00e7eren bir rehber. B\u00fcy\u00fck \u0130skender&#8217;in imparatorlu\u011fu, Arap halifelerinin y\u00fckseli\u015fi ya da \u00c7in&#8217;deki Tang Hanedanl\u0131\u011f\u0131, kad\u0131nlar\u0131n \u00f6zg\u00fcrle\u015fmesi, kom\u00fcnizm ve fa\u015fizmin y\u00fckseli\u015f ve d\u00fc\u015f\u00fc\u015fleriyle ilgileniyor olabilirsiniz. T\u00fcm bu konular ve daha fazlas\u0131 hakk\u0131nda son derece \u00f6nemli bilgileri bu kitapta bulabileceksiniz.K\u0131sa, kolay okunur, sade ve g\u00fcvenilir bir kaynak olan bu eser, bug\u00fcnk\u00fc d\u00fcnyan\u0131n neden \u015fimdiki gibi oldu\u011funu anlamam\u0131z\u0131 m\u00fcmk\u00fcn k\u0131lacak kritik ipu\u00e7lar\u0131n\u0131 ortaya koyuyor. <\/p>\n","protected":false},"excerpt":{"rendered":"<p>M.\u00d6. 3500&#8217;den 1945&#8217;e kadar kronolojik olarak d\u00fczenlenmi\u015f; Avrupa, Kuzey ve G\u00fcney Amerika, Okyanusya, Ortado\u011fu ve Orta Asya olarak b\u00f6lgelere g\u00f6re ayr\u0131lm\u0131\u015f, bir nefeste okuyaca\u011f\u0131n\u0131z bir d\u00fcnya<span class=\"excerpt-hellip\"> [\u2026]<\/span><\/p>\n","protected":false},"featured_media":0,"template":"","meta":{"_monsterinsights_skip_tracking":false,"_monsterinsights_sitenote_active":false,"_monsterinsights_sitenote_note":"","_monsterinsights_sitenote_category":0},"product_brand":[],"product_cat":[12338,12337],"product_tag":[],"class_list":{"0":"post-698094","1":"product","2":"type-product","3":"status-publish","5":"product_cat-dunya-siyaseti-ve-politikasi","6":"product_cat-politika-siyaset","7":"pa_cilt-ciltsiz","8":"pa_tur-kitap","9":"pa_yayinevi-maya-kitap","10":"pa_yazar-emma-marriott","12":"first","13":"instock","14":"sale","15":"shipping-taxable","16":"purchasable","17":"product-type-simple"},"_links":{"self":[{"href":"https:\/\/roveyayinevi.com.tr\/index.php\/wp-json\/wp\/v2\/product\/698094","targetHints":{"allow":["GET"]}}],"collection":[{"href":"https:\/\/roveyayinevi.com.tr\/index.php\/wp-json\/wp\/v2\/product"}],"about":[{"href":"https:\/\/roveyayinevi.com.tr\/index.php\/wp-json\/wp\/v2\/types\/product"}],"wp:attachment":[{"href":"https:\/\/roveyayinevi.com.tr\/index.php\/wp-json\/wp\/v2\/media?parent=698094"}],"wp:term":[{"taxonomy":"product_brand","embeddable":true,"href":"https:\/\/roveyayinevi.com.tr\/index.php\/wp-json\/wp\/v2\/product_brand?post=698094"},{"taxonomy":"product_cat","embeddable":true,"href":"https:\/\/roveyayinevi.com.tr\/index.php\/wp-json\/wp\/v2\/product_cat?post=698094"},{"taxonomy":"product_tag","embeddable":true,"href":"https:\/\/roveyayinevi.com.tr\/index.php\/wp-json\/wp\/v2\/product_tag?post=698094"}],"curies":[{"name":"wp","href":"https:\/\/api.w.org\/{rel}","templated":true}]}}