{"id":698090,"date":"2025-08-27T14:43:29","date_gmt":"2025-08-27T11:43:29","guid":{"rendered":"https:\/\/roveyayinevi.com.tr\/index.php\/urun\/etkili-insanlarin-7-aliskanligi\/"},"modified":"2026-04-03T02:11:49","modified_gmt":"2026-04-02T23:11:49","slug":"etkili-insanlarin-7-aliskanligi","status":"publish","type":"product","link":"https:\/\/roveyayinevi.com.tr\/index.php\/urun\/etkili-insanlarin-7-aliskanligi\/","title":{"rendered":"Etkili \u0130nsanlar\u0131n 7 Al\u0131\u015fkanl\u0131\u011f\u0131"},"content":{"rendered":"<p>Ki\u015fisel mesleki ve ailevi sorunlar\u0131n \u00e7\u00f6z\u00fcm\u00fcnde ilke merkezi bir yakla\u015f\u0131m benimseyen ve toplam kalite anlay\u0131\u015f\u0131n\u0131n \u00f6nc\u00fclerinden olan Stephen R.Covey \u00e7arp\u0131c\u0131 \u00f6rneklerden yola \u00e7\u0131karak a\u015fama a\u015fama,insana yara\u015f\u0131r bi\u00e7imde d\u00fcr\u00fcst uyumlu huzurlu ba\u015far\u0131l\u0131 bir ya\u015fam i\u00e7in de\u011fi\u015fimine ayak uydurmam\u0131z\u0131 sa\u011flayan al\u0131\u015fkanl\u0131klar\u0131 belirliyor de\u011fi\u015fimin yaratt\u0131\u011f\u0131 f\u0131rsatlardan yararlanabilmek i\u00e7in gerekli olan bilgelik ve g\u00fcce ula\u015fman\u0131n yollar\u0131n\u0131 g\u00f6steriyor. \ufffc<\/p>\n","protected":false},"excerpt":{"rendered":"<p>Ki\u015fisel mesleki ve ailevi sorunlar\u0131n \u00e7\u00f6z\u00fcm\u00fcnde ilke merkezi bir yakla\u015f\u0131m benimseyen ve toplam kalite anlay\u0131\u015f\u0131n\u0131n \u00f6nc\u00fclerinden olan Stephen R.Covey \u00e7arp\u0131c\u0131 \u00f6rneklerden yola \u00e7\u0131karak a\u015fama a\u015fama,insana yara\u015f\u0131r<span class=\"excerpt-hellip\"> [\u2026]<\/span><\/p>\n","protected":false},"featured_media":0,"template":"","meta":{"_monsterinsights_skip_tracking":false,"_monsterinsights_sitenote_active":false,"_monsterinsights_sitenote_note":"","_monsterinsights_sitenote_category":0},"product_brand":[],"product_cat":[12364,12376],"product_tag":[],"class_list":{"0":"post-698090","1":"product","2":"type-product","3":"status-publish","5":"product_cat-genel-konular","6":"product_cat-kisisel-gelisim","7":"pa_cilt-ciltsiz","8":"pa_tur-kitap","9":"pa_yayinevi-varlik-yayinlari","10":"pa_yazar-stephen-r-covey","12":"first","13":"instock","14":"sale","15":"shipping-taxable","16":"purchasable","17":"product-type-simple"},"_links":{"self":[{"href":"https:\/\/roveyayinevi.com.tr\/index.php\/wp-json\/wp\/v2\/product\/698090","targetHints":{"allow":["GET"]}}],"collection":[{"href":"https:\/\/roveyayinevi.com.tr\/index.php\/wp-json\/wp\/v2\/product"}],"about":[{"href":"https:\/\/roveyayinevi.com.tr\/index.php\/wp-json\/wp\/v2\/types\/product"}],"wp:attachment":[{"href":"https:\/\/roveyayinevi.com.tr\/index.php\/wp-json\/wp\/v2\/media?parent=698090"}],"wp:term":[{"taxonomy":"product_brand","embeddable":true,"href":"https:\/\/roveyayinevi.com.tr\/index.php\/wp-json\/wp\/v2\/product_brand?post=698090"},{"taxonomy":"product_cat","embeddable":true,"href":"https:\/\/roveyayinevi.com.tr\/index.php\/wp-json\/wp\/v2\/product_cat?post=698090"},{"taxonomy":"product_tag","embeddable":true,"href":"https:\/\/roveyayinevi.com.tr\/index.php\/wp-json\/wp\/v2\/product_tag?post=698090"}],"curies":[{"name":"wp","href":"https:\/\/api.w.org\/{rel}","templated":true}]}}