{"id":698086,"date":"2025-08-27T14:43:28","date_gmt":"2025-08-27T11:43:28","guid":{"rendered":"https:\/\/roveyayinevi.com.tr\/index.php\/urun\/masada-kaybedilen-vatan\/"},"modified":"2026-04-16T02:07:46","modified_gmt":"2026-04-15T23:07:46","slug":"masada-kaybedilen-vatan","status":"publish","type":"product","link":"https:\/\/roveyayinevi.com.tr\/index.php\/urun\/masada-kaybedilen-vatan\/","title":{"rendered":"Masada Kaybedilen Vatan"},"content":{"rendered":"<p>Lozan\u2019a giden heyetteki ba\u015fkan \u0130smet \u0130n\u00f6n\u00fc hari\u00e7 hi\u00e7 kimse, bir zaferle d\u00f6n\u00fcld\u00fc\u011f\u00fc kanaatinde de\u011fil. T\u00fcrkiyeCumhuriyeti\u2019nin hemen hemen bug\u00fcnk\u00fc s\u0131n\u0131r\u0131n\u0131n \u00e7izildi\u011fi Lozan Antla\u015fmas\u0131, T\u00fcrkiye\u2019de antla\u015fma \u00f6ncesi varolmayan hangi de\u011feri ya da topra\u011f\u0131 kazand\u0131rd\u0131? Bu soru Lozan\u2019a \u201czafer\u201d g\u00f6z\u00fcyle bakanlar\u0131n cevapland\u0131rmas\u0131gereken bir sorudur. Lozan\u2019da heyetin herhangi bir ihmal veya acziyeti mevcut mudur? Ve bu acziyetneticesinde kaybedilen toprak var m\u0131d\u0131r? Bu soru da Lozan\u2019a \u201chezimettir\u201d g\u00f6z\u00fcyle bakanlar\u0131n pay\u0131na d\u00fc\u015fen vecevapland\u0131rmalar\u0131 gereken sorudur.<\/p>\n","protected":false},"excerpt":{"rendered":"<p>Lozan\u2019a giden heyetteki ba\u015fkan \u0130smet \u0130n\u00f6n\u00fc hari\u00e7 hi\u00e7 kimse, bir zaferle d\u00f6n\u00fcld\u00fc\u011f\u00fc kanaatinde de\u011fil. T\u00fcrkiyeCumhuriyeti\u2019nin hemen hemen bug\u00fcnk\u00fc s\u0131n\u0131r\u0131n\u0131n \u00e7izildi\u011fi Lozan Antla\u015fmas\u0131, T\u00fcrkiye\u2019de antla\u015fma \u00f6ncesi varolmayan<span class=\"excerpt-hellip\"> [\u2026]<\/span><\/p>\n","protected":false},"featured_media":0,"template":"","meta":{"_monsterinsights_skip_tracking":false,"_monsterinsights_sitenote_active":false,"_monsterinsights_sitenote_note":"","_monsterinsights_sitenote_category":0},"product_brand":[],"product_cat":[12304,13493],"product_tag":[],"class_list":{"0":"post-698086","1":"product","2":"type-product","3":"status-publish","5":"product_cat-tarih","6":"product_cat-turkiye-ve-cumhuriyet-tarihi","7":"pa_cilt-ciltsiz","8":"pa_tur-kitap","9":"pa_yayinevi-profil-kitap","10":"pa_yazar-ahmet-anapali","12":"first","13":"instock","14":"sale","15":"shipping-taxable","16":"purchasable","17":"product-type-simple"},"_links":{"self":[{"href":"https:\/\/roveyayinevi.com.tr\/index.php\/wp-json\/wp\/v2\/product\/698086","targetHints":{"allow":["GET"]}}],"collection":[{"href":"https:\/\/roveyayinevi.com.tr\/index.php\/wp-json\/wp\/v2\/product"}],"about":[{"href":"https:\/\/roveyayinevi.com.tr\/index.php\/wp-json\/wp\/v2\/types\/product"}],"wp:attachment":[{"href":"https:\/\/roveyayinevi.com.tr\/index.php\/wp-json\/wp\/v2\/media?parent=698086"}],"wp:term":[{"taxonomy":"product_brand","embeddable":true,"href":"https:\/\/roveyayinevi.com.tr\/index.php\/wp-json\/wp\/v2\/product_brand?post=698086"},{"taxonomy":"product_cat","embeddable":true,"href":"https:\/\/roveyayinevi.com.tr\/index.php\/wp-json\/wp\/v2\/product_cat?post=698086"},{"taxonomy":"product_tag","embeddable":true,"href":"https:\/\/roveyayinevi.com.tr\/index.php\/wp-json\/wp\/v2\/product_tag?post=698086"}],"curies":[{"name":"wp","href":"https:\/\/api.w.org\/{rel}","templated":true}]}}