{"id":698083,"date":"2025-08-27T14:43:27","date_gmt":"2025-08-27T11:43:27","guid":{"rendered":"https:\/\/roveyayinevi.com.tr\/index.php\/urun\/1453-istanbul-kusatmasi\/"},"modified":"2026-04-16T02:07:46","modified_gmt":"2026-04-15T23:07:46","slug":"1453-istanbul-kusatmasi","status":"publish","type":"product","link":"https:\/\/roveyayinevi.com.tr\/index.php\/urun\/1453-istanbul-kusatmasi\/","title":{"rendered":"1453 \u0130stanbul Ku\u015fatmas\u0131"},"content":{"rendered":"<p>\u0130stanbul&#8217;un fethi T\u00fcrk ve d\u00fcnya tarihinin en \u00f6nemli hadiselerinden biridir. T\u00fcrklerin daha \u00f6nceki taihlerinde e\u015fine rastlan\u0131lmayan, d\u00fcnya siyasetine y\u00f6n veren bir imparatorlu\u011fun kurulu\u015funa vesile oldu\u011fu i\u00e7in T\u00fcrk tarihinin Yeni\u00e7a\u011f\u0131&#8217;n\u0131n ba\u015flang\u0131c\u0131d\u0131r. <\/p>\n","protected":false},"excerpt":{"rendered":"<p>\u0130stanbul&#8217;un fethi T\u00fcrk ve d\u00fcnya tarihinin en \u00f6nemli hadiselerinden biridir. T\u00fcrklerin daha \u00f6nceki taihlerinde e\u015fine rastlan\u0131lmayan, d\u00fcnya siyasetine y\u00f6n veren bir imparatorlu\u011fun kurulu\u015funa vesile oldu\u011fu i\u00e7in<span class=\"excerpt-hellip\"> [\u2026]<\/span><\/p>\n","protected":false},"featured_media":0,"template":"","meta":{"_monsterinsights_skip_tracking":false,"_monsterinsights_sitenote_active":false,"_monsterinsights_sitenote_note":"","_monsterinsights_sitenote_category":0},"product_brand":[],"product_cat":[13517,12304],"product_tag":[],"class_list":{"0":"post-698083","1":"product","2":"type-product","3":"status-publish","5":"product_cat-osmanli-tarihi","6":"product_cat-tarih","7":"pa_tur-kitap","8":"pa_yayinevi-yeditepe-yayinevi","9":"pa_yazar-j-r-melville-jones","11":"first","12":"instock","13":"sale","14":"shipping-taxable","15":"purchasable","16":"product-type-simple"},"_links":{"self":[{"href":"https:\/\/roveyayinevi.com.tr\/index.php\/wp-json\/wp\/v2\/product\/698083","targetHints":{"allow":["GET"]}}],"collection":[{"href":"https:\/\/roveyayinevi.com.tr\/index.php\/wp-json\/wp\/v2\/product"}],"about":[{"href":"https:\/\/roveyayinevi.com.tr\/index.php\/wp-json\/wp\/v2\/types\/product"}],"wp:attachment":[{"href":"https:\/\/roveyayinevi.com.tr\/index.php\/wp-json\/wp\/v2\/media?parent=698083"}],"wp:term":[{"taxonomy":"product_brand","embeddable":true,"href":"https:\/\/roveyayinevi.com.tr\/index.php\/wp-json\/wp\/v2\/product_brand?post=698083"},{"taxonomy":"product_cat","embeddable":true,"href":"https:\/\/roveyayinevi.com.tr\/index.php\/wp-json\/wp\/v2\/product_cat?post=698083"},{"taxonomy":"product_tag","embeddable":true,"href":"https:\/\/roveyayinevi.com.tr\/index.php\/wp-json\/wp\/v2\/product_tag?post=698083"}],"curies":[{"name":"wp","href":"https:\/\/api.w.org\/{rel}","templated":true}]}}