{"id":698077,"date":"2025-08-27T14:43:25","date_gmt":"2025-08-27T11:43:25","guid":{"rendered":"https:\/\/roveyayinevi.com.tr\/index.php\/urun\/arsipel\/"},"modified":"2026-04-16T02:07:45","modified_gmt":"2026-04-15T23:07:45","slug":"arsipel","status":"publish","type":"product","link":"https:\/\/roveyayinevi.com.tr\/index.php\/urun\/arsipel\/","title":{"rendered":"Ar\u015fipel"},"content":{"rendered":"<p>Ar\u015fipel&#8230; Antik \u00e7a\u011flarda   Eski Deniz   anlam\u0131na gelen bu s\u00f6zc\u00fck,   Bal\u0131k\u00e7\u0131   i\u00e7in ya\u015fama sevinci ile \u00f6zle\u015fti. Kalebendlik cezas\u0131n\u0131 \u00e7ekmesi i\u00e7in Bodrum\u2019a g\u00f6t\u00fcr\u00fclen   Bal\u0131k\u00e7\u0131  n\u0131n   Ege Denizi  ni g\u00f6rd\u00fc\u011f\u00fc anda y\u00fcre\u011fini dolduran mutlulu\u011fun r\u00fczgar\u0131   Ar\u015fipel   \u00e7\u0131\u011fl\u0131\u011f\u0131yla \u00e7evreye yay\u0131ld\u0131. <\/p>\n","protected":false},"excerpt":{"rendered":"<p>Ar\u015fipel&#8230; Antik \u00e7a\u011flarda Eski Deniz anlam\u0131na gelen bu s\u00f6zc\u00fck, Bal\u0131k\u00e7\u0131 i\u00e7in ya\u015fama sevinci ile \u00f6zle\u015fti. Kalebendlik cezas\u0131n\u0131 \u00e7ekmesi i\u00e7in Bodrum\u2019a g\u00f6t\u00fcr\u00fclen Bal\u0131k\u00e7\u0131 n\u0131n Ege Denizi ni<span class=\"excerpt-hellip\"> [\u2026]<\/span><\/p>\n","protected":false},"featured_media":0,"template":"","meta":{"_monsterinsights_skip_tracking":false,"_monsterinsights_sitenote_active":false,"_monsterinsights_sitenote_note":"","_monsterinsights_sitenote_category":0},"product_brand":[],"product_cat":[12291,12292],"product_tag":[],"class_list":{"0":"post-698077","1":"product","2":"type-product","3":"status-publish","5":"product_cat-edebiyat","6":"product_cat-turk-edebiyati","7":"pa_tur-kitap","8":"pa_yayinevi-bilgi-yayinevi","9":"pa_yazar-cevat-sakir-kabaagacli-halikarnas-balikcisi","11":"first","12":"instock","13":"sale","14":"shipping-taxable","15":"purchasable","16":"product-type-simple"},"_links":{"self":[{"href":"https:\/\/roveyayinevi.com.tr\/index.php\/wp-json\/wp\/v2\/product\/698077","targetHints":{"allow":["GET"]}}],"collection":[{"href":"https:\/\/roveyayinevi.com.tr\/index.php\/wp-json\/wp\/v2\/product"}],"about":[{"href":"https:\/\/roveyayinevi.com.tr\/index.php\/wp-json\/wp\/v2\/types\/product"}],"wp:attachment":[{"href":"https:\/\/roveyayinevi.com.tr\/index.php\/wp-json\/wp\/v2\/media?parent=698077"}],"wp:term":[{"taxonomy":"product_brand","embeddable":true,"href":"https:\/\/roveyayinevi.com.tr\/index.php\/wp-json\/wp\/v2\/product_brand?post=698077"},{"taxonomy":"product_cat","embeddable":true,"href":"https:\/\/roveyayinevi.com.tr\/index.php\/wp-json\/wp\/v2\/product_cat?post=698077"},{"taxonomy":"product_tag","embeddable":true,"href":"https:\/\/roveyayinevi.com.tr\/index.php\/wp-json\/wp\/v2\/product_tag?post=698077"}],"curies":[{"name":"wp","href":"https:\/\/api.w.org\/{rel}","templated":true}]}}