{"id":698076,"date":"2025-08-27T14:43:25","date_gmt":"2025-08-27T11:43:25","guid":{"rendered":"https:\/\/roveyayinevi.com.tr\/index.php\/urun\/bir-hiristiyan-masali\/"},"modified":"2026-04-16T02:07:45","modified_gmt":"2026-04-15T23:07:45","slug":"bir-hiristiyan-masali","status":"publish","type":"product","link":"https:\/\/roveyayinevi.com.tr\/index.php\/urun\/bir-hiristiyan-masali\/","title":{"rendered":"Bir H\u0131ristiyan Masal\u0131"},"content":{"rendered":"<p>Papal\u0131k makam\u0131 ve devletinin kurucu yasas\u0131, Vatikan\u2019\u0131n gizli ar\u015fivlerinde \u00abDonatio Constantini\u00bb ba\u015fl\u0131\u011f\u0131yla yer alan B\u00fcy\u00fck Konstantin\u2019in vasiyet belgesi, d\u00fcnya tarihinin en b\u00fcy\u00fck sahtekarl\u0131\u011f\u0131, Avrupa\u2019y\u0131 Asya\u2019dan ay\u0131ran siyasal olu\u015fumun temel yalan\u0131d\u0131r. B\u00f6yle bir vasiyet yoktur. Papal\u0131k devleti bir tezgaht\u0131r ve Papa\u2019lar\u0131n ne ruhani, ne de siyasal me\u015fruiyeti vard\u0131r. B\u00fcy\u00fck Konstantin\u2019e atfedilen sahte vasiyet, H\u0131ristiyan d\u00fcnyaya \u00f6nderlik ve devletler \u00fcst\u00fc yetki makam\u0131n\u0131, Konstantinopolis\u2019ten Roma\u2019ya kayd\u0131rmaya yaram\u0131\u015ft\u0131r. \ufffcTan\u0131t\u0131m Metni<\/p>\n","protected":false},"excerpt":{"rendered":"<p>Papal\u0131k makam\u0131 ve devletinin kurucu yasas\u0131, Vatikan\u2019\u0131n gizli ar\u015fivlerinde \u00abDonatio Constantini\u00bb ba\u015fl\u0131\u011f\u0131yla yer alan B\u00fcy\u00fck Konstantin\u2019in vasiyet belgesi, d\u00fcnya tarihinin en b\u00fcy\u00fck sahtekarl\u0131\u011f\u0131, Avrupa\u2019y\u0131 Asya\u2019dan ay\u0131ran<span class=\"excerpt-hellip\"> [\u2026]<\/span><\/p>\n","protected":false},"featured_media":0,"template":"","meta":{"_monsterinsights_skip_tracking":false,"_monsterinsights_sitenote_active":false,"_monsterinsights_sitenote_note":"","_monsterinsights_sitenote_category":0},"product_brand":[],"product_cat":[12718,12858],"product_tag":[],"class_list":{"0":"post-698076","1":"product","2":"type-product","3":"status-publish","5":"product_cat-din","6":"product_cat-mitolojiler","7":"pa_cilt-ciltsiz","8":"pa_tur-kitap","9":"pa_yayinevi-kirmizi-kedi-yayinevi","10":"pa_yazar-mine-g-kirikkanat","12":"first","13":"instock","14":"sale","15":"shipping-taxable","16":"purchasable","17":"product-type-simple"},"_links":{"self":[{"href":"https:\/\/roveyayinevi.com.tr\/index.php\/wp-json\/wp\/v2\/product\/698076","targetHints":{"allow":["GET"]}}],"collection":[{"href":"https:\/\/roveyayinevi.com.tr\/index.php\/wp-json\/wp\/v2\/product"}],"about":[{"href":"https:\/\/roveyayinevi.com.tr\/index.php\/wp-json\/wp\/v2\/types\/product"}],"wp:attachment":[{"href":"https:\/\/roveyayinevi.com.tr\/index.php\/wp-json\/wp\/v2\/media?parent=698076"}],"wp:term":[{"taxonomy":"product_brand","embeddable":true,"href":"https:\/\/roveyayinevi.com.tr\/index.php\/wp-json\/wp\/v2\/product_brand?post=698076"},{"taxonomy":"product_cat","embeddable":true,"href":"https:\/\/roveyayinevi.com.tr\/index.php\/wp-json\/wp\/v2\/product_cat?post=698076"},{"taxonomy":"product_tag","embeddable":true,"href":"https:\/\/roveyayinevi.com.tr\/index.php\/wp-json\/wp\/v2\/product_tag?post=698076"}],"curies":[{"name":"wp","href":"https:\/\/api.w.org\/{rel}","templated":true}]}}