{"id":698075,"date":"2025-08-27T14:43:25","date_gmt":"2025-08-27T11:43:25","guid":{"rendered":"https:\/\/roveyayinevi.com.tr\/index.php\/urun\/baslangicindan-gunumuze-turkiye-cumhuriyeti-tarihi\/"},"modified":"2026-04-16T02:07:45","modified_gmt":"2026-04-15T23:07:45","slug":"baslangicindan-gunumuze-turkiye-cumhuriyeti-tarihi","status":"publish","type":"product","link":"https:\/\/roveyayinevi.com.tr\/index.php\/urun\/baslangicindan-gunumuze-turkiye-cumhuriyeti-tarihi\/","title":{"rendered":"Ba\u015flang\u0131c\u0131ndan G\u00fcn\u00fcm\u00fcze T\u00fcrkiye Cumhuriyeti Tarihi"},"content":{"rendered":"<p>T\u00fcrk modernle\u015fmesi tarihsel s\u00fcreklili\u011fi ve kopu\u015fu b\u00fcnyesinde bar\u0131nd\u0131ran ve kendi i\u00e7inde \u00e7e\u015fitli d\u00f6nemlere ayr\u0131lan bir s\u00fcre\u00e7tir. Atat\u00fcrk \u00f6nderli\u011finde ger\u00e7ekle\u015ftirilen T\u00fcrk devrimi sonucunda kurulmu\u015f olan T\u00fcrkiye Cumhuriyeti&#8217;nin geli\u015fimi de, bu modernle\u015fme s\u00fcrecinin bir par\u00e7as\u0131d\u0131r. G\u00fcn\u00fcm\u00fczde T\u00fcrkiye Cumhuriyeti&#8217;nin kurulu\u015f s\u00fcreci ve geli\u015fimi, t\u00fcm y\u00fcksek\u00f6\u011frenim kurumlar\u0131nda Atat\u00fcrk \u0130lkeleri ve \u0130nk\u0131l\u00e2p Tarihi dersi ad\u0131 alt\u0131nda anlat\u0131lmaktad\u0131r. Atat\u00fcrk \u0130lkeleri ve \u0130nk\u0131l\u00e2p Tarihi, T\u00fcrk Tarihi&#8217;nin bir alan\u0131 olup, dersten \u00f6te bir anlam ta\u015f\u0131maktad\u0131r. T\u00fcrkiye Cumhuriyeti yurtta\u015flar\u0131 i\u00e7in Atat\u00fcrk \u0130lkeleri ve \u0130nk\u0131l\u00e2p Tarihi&#8217;ni \u00f6\u011frenmek, kendi tarihinin \u00f6nemli bir par\u00e7as\u0131n\u0131 \u00f6\u011frenmek demektir. Elinizdeki kitap Ba\u015flang\u0131c\u0131ndan G\u00fcn\u00fcm\u00fcze T\u00fcrkiye Cumhuriyeti Tarihi derken, Osmanl\u0131&#8217;n\u0131n son d\u00f6neminden ba\u015flay\u0131p, Cumhuriyet&#8217;in kurulmas\u0131ndan bug\u00fcne kadar olan s\u00fcreci de belirli d\u00f6nemlere ay\u0131rarak okuyucuya aktarmay\u0131 hedeflemi\u015ftir. B\u00f6ylelikle, bir Cumhuriyet k\u00fclt\u00fcr\u00fcn\u00fcn olu\u015fumuna katk\u0131 sa\u011flamak ama\u00e7lanm\u0131\u015ft\u0131r.<\/p>\n","protected":false},"excerpt":{"rendered":"<p>T\u00fcrk modernle\u015fmesi tarihsel s\u00fcreklili\u011fi ve kopu\u015fu b\u00fcnyesinde bar\u0131nd\u0131ran ve kendi i\u00e7inde \u00e7e\u015fitli d\u00f6nemlere ayr\u0131lan bir s\u00fcre\u00e7tir. Atat\u00fcrk \u00f6nderli\u011finde ger\u00e7ekle\u015ftirilen T\u00fcrk devrimi sonucunda kurulmu\u015f olan T\u00fcrkiye Cumhuriyeti&#8217;nin<span class=\"excerpt-hellip\"> [\u2026]<\/span><\/p>\n","protected":false},"featured_media":0,"template":"","meta":{"_monsterinsights_skip_tracking":false,"_monsterinsights_sitenote_active":false,"_monsterinsights_sitenote_note":"","_monsterinsights_sitenote_category":0},"product_brand":[],"product_cat":[13590,12337],"product_tag":[],"class_list":{"0":"post-698075","1":"product","2":"type-product","3":"status-publish","5":"product_cat-arastirma-inceleme-politika-siyaset","6":"product_cat-politika-siyaset","7":"pa_cilt-ciltsiz","8":"pa_tur-kitap","9":"pa_yayinevi-siyasal-kitabevi-akademik-kitaplar","10":"pa_yazar-temucin-faik-ertan","12":"first","13":"instock","14":"sale","15":"shipping-taxable","16":"purchasable","17":"product-type-simple"},"_links":{"self":[{"href":"https:\/\/roveyayinevi.com.tr\/index.php\/wp-json\/wp\/v2\/product\/698075","targetHints":{"allow":["GET"]}}],"collection":[{"href":"https:\/\/roveyayinevi.com.tr\/index.php\/wp-json\/wp\/v2\/product"}],"about":[{"href":"https:\/\/roveyayinevi.com.tr\/index.php\/wp-json\/wp\/v2\/types\/product"}],"wp:attachment":[{"href":"https:\/\/roveyayinevi.com.tr\/index.php\/wp-json\/wp\/v2\/media?parent=698075"}],"wp:term":[{"taxonomy":"product_brand","embeddable":true,"href":"https:\/\/roveyayinevi.com.tr\/index.php\/wp-json\/wp\/v2\/product_brand?post=698075"},{"taxonomy":"product_cat","embeddable":true,"href":"https:\/\/roveyayinevi.com.tr\/index.php\/wp-json\/wp\/v2\/product_cat?post=698075"},{"taxonomy":"product_tag","embeddable":true,"href":"https:\/\/roveyayinevi.com.tr\/index.php\/wp-json\/wp\/v2\/product_tag?post=698075"}],"curies":[{"name":"wp","href":"https:\/\/api.w.org\/{rel}","templated":true}]}}