{"id":698074,"date":"2025-08-27T14:43:25","date_gmt":"2025-08-27T11:43:25","guid":{"rendered":"https:\/\/roveyayinevi.com.tr\/index.php\/urun\/sinema-teorisine-giris\/"},"modified":"2026-04-16T02:07:45","modified_gmt":"2026-04-15T23:07:45","slug":"sinema-teorisine-giris","status":"publish","type":"product","link":"https:\/\/roveyayinevi.com.tr\/index.php\/urun\/sinema-teorisine-giris\/","title":{"rendered":"Sinema Teorisine Giri\u015f"},"content":{"rendered":"<p>Sinema Teorisine Giri\u015f, \u201csinema y\u00fczy\u0131l\u0131\u201d boyunca sinema teorisinin tarihini anlat\u0131yor. Kitap, Vachel Lindsay ve Hugo Munsterberg gibi sessiz d\u00f6nem teorisyenlerinden yola \u00e7\u0131k\u0131p, sinema teorisi ve k\u00fclt\u00fcrel \u00e7al\u0131\u015fmalardaki son geli\u015fmelere (bili\u015fsel teori, Deleuze, Queer teorisi, postkolonyal teori, dijital teori) kadar uzan\u0131yor. D\u00fcnya sinemas\u0131n\u0131 b\u00fct\u00fcnsel olarak ele alan bu kitap, Fransa, Almanya, Rusya, \u0130talya, \u0130ngiltere, Amerika Birle\u015fik Devletleri, Meksika, Brezilya ve Arjantin gibi \u00fclkelerdeki geli\u015fmeleri irdelemekle kalm\u0131yor, bu geli\u015fmeler aras\u0131ndaki ba\u011flant\u0131lar\u0131 da a\u00e7\u0131kl\u0131yor. Sinema teorisine heyecanl\u0131 ve k\u0131\u015fk\u0131rt\u0131c\u0131 bir giri\u015f olman\u0131n yan\u0131 s\u0131ra, bir\u00e7ok farkl\u0131 disiplini; ama \u00f6zellikle de ger\u00e7ek\u00e7ilik, g\u00f6r\u00fcng\u00fcbilim, anlat\u0131, bak\u0131\u015f a\u00e7\u0131s\u0131, semiyoloji, feminizm, kolonyalizm, psikanaliz ve \u00e7okk\u00fclt\u00fcrl\u00fcl\u00fck gibi konular\u0131 i\u015fleyen bu kitap sinema ve edebiyat \u00f6\u011frencileri ve akademisyenler i\u00e7in de vazge\u00e7ilmez bir kaynak niteli\u011fi ta\u015f\u0131yor. Fikirlerini a\u00e7\u0131k ve net bir \u015fekilde ortaya koyu\u015fuyla hakl\u0131 bir \u015f\u00f6hrete sahip olan Robert Stam Sinema Teorisine Giri\u015f\u2018te ancak sinema alan\u0131nda uzmanlar\u0131n vak\u0131f olabilece\u011fi geni\u015f bir kaynak taramas\u0131n\u0131 okura sunmakla kalm\u0131yor, edebiyat eserlerinden yap\u0131lan film uyarlamalar\u0131na da kapsaml\u0131 bir bi\u00e7imde de\u011finiyor. Ayr\u0131ca edebi ele\u015ftirisi ile film ele\u015ftirisi aras\u0131ndaki benzerlikleri ortaya koyan yazar, sinema teorisi ile tarihsel, sanatsal ve felsefi ak\u0131mlar aras\u0131ndaki ili\u015fkileri de sorguluyor. Ele ald\u0131\u011f\u0131 konular\u0131 derinlemesine irdeleyen ve bunu anla\u015f\u0131l\u0131r bir dille okura sunan Robert Stam, Sinema Teorisine Giri\u015f\u2019le zengin ve renkli, bir o kadar da karma\u015f\u0131k bir alan olan sineman\u0131n kap\u0131lar\u0131n\u0131 a\u00e7\u0131yor herkese. Haydi koltuklar\u0131n\u0131za oturun, a\u00e7\u0131n kitab\u0131, film ba\u015fl\u0131yor\u2026 Yirminci y\u00fczy\u0131lda sinema teorisini \u015fekillendirmi\u015f olan soru ve tart\u0131\u015fmalar\u0131 anlamak isteyen herkese tavsiye edilebilecek, fevkalade bir sentez. Stam\u2019in \u00e7al\u0131\u015fmas\u0131 ba\u015ftan sona kolay anla\u015f\u0131l\u0131r, yararl\u0131 ve zekice.Prof. James Naremore, Indiana \u00dcniversitesi<\/p>\n","protected":false},"excerpt":{"rendered":"<p>Sinema Teorisine Giri\u015f, \u201csinema y\u00fczy\u0131l\u0131\u201d boyunca sinema teorisinin tarihini anlat\u0131yor. Kitap, Vachel Lindsay ve Hugo Munsterberg gibi sessiz d\u00f6nem teorisyenlerinden yola \u00e7\u0131k\u0131p, sinema teorisi ve k\u00fclt\u00fcrel<span class=\"excerpt-hellip\"> [\u2026]<\/span><\/p>\n","protected":false},"featured_media":0,"template":"","meta":{"_monsterinsights_skip_tracking":false,"_monsterinsights_sitenote_active":false,"_monsterinsights_sitenote_note":"","_monsterinsights_sitenote_category":0},"product_brand":[],"product_cat":[12409,12408],"product_tag":[],"class_list":{"0":"post-698074","1":"product","2":"type-product","3":"status-publish","5":"product_cat-fotograf-sinema-tiyatro","6":"product_cat-sanat","7":"pa_cilt-ciltsiz","8":"pa_tur-kitap","9":"pa_yayinevi-ayrinti-yayinlari","10":"pa_yazar-robert-stam","12":"first","13":"instock","14":"sale","15":"shipping-taxable","16":"purchasable","17":"product-type-simple"},"_links":{"self":[{"href":"https:\/\/roveyayinevi.com.tr\/index.php\/wp-json\/wp\/v2\/product\/698074","targetHints":{"allow":["GET"]}}],"collection":[{"href":"https:\/\/roveyayinevi.com.tr\/index.php\/wp-json\/wp\/v2\/product"}],"about":[{"href":"https:\/\/roveyayinevi.com.tr\/index.php\/wp-json\/wp\/v2\/types\/product"}],"wp:attachment":[{"href":"https:\/\/roveyayinevi.com.tr\/index.php\/wp-json\/wp\/v2\/media?parent=698074"}],"wp:term":[{"taxonomy":"product_brand","embeddable":true,"href":"https:\/\/roveyayinevi.com.tr\/index.php\/wp-json\/wp\/v2\/product_brand?post=698074"},{"taxonomy":"product_cat","embeddable":true,"href":"https:\/\/roveyayinevi.com.tr\/index.php\/wp-json\/wp\/v2\/product_cat?post=698074"},{"taxonomy":"product_tag","embeddable":true,"href":"https:\/\/roveyayinevi.com.tr\/index.php\/wp-json\/wp\/v2\/product_tag?post=698074"}],"curies":[{"name":"wp","href":"https:\/\/api.w.org\/{rel}","templated":true}]}}