{"id":698072,"date":"2025-08-27T14:43:24","date_gmt":"2025-08-27T11:43:24","guid":{"rendered":"https:\/\/roveyayinevi.com.tr\/index.php\/urun\/sen-bilim-siirler\/"},"modified":"2026-04-16T02:07:45","modified_gmt":"2026-04-15T23:07:45","slug":"sen-bilim-siirler","status":"publish","type":"product","link":"https:\/\/roveyayinevi.com.tr\/index.php\/urun\/sen-bilim-siirler\/","title":{"rendered":"\u015een Bilim (\u015eiirler)"},"content":{"rendered":"<p>Sofu olman\u0131n ne zarar\u0131 var, G\u00fczel g\u00f6r\u00fcns\u00fcn bedenci\u011fim de. Biliriz Tanr\u0131 kad\u0131n\u0131 sever, En az\u0131ndan, kad\u0131nc\u0131k \u015firinse. Ku\u015fkusuz Tanr\u0131 hemen affeder, Dokunmaz garip ke\u015fi\u015f\u00e7i\u011fime. Benimle olmaya hep can atar, Di\u011fer bir\u00e7ok ke\u015fi\u015f gibi hem de. Kilise babalar\u0131 de\u011fil gri! Hay\u0131r gen\u00e7ler, al al yanaklar\u0131, Yine de soluksa benizleri Sebep: K\u0131skan\u00e7l\u0131k para darl\u0131\u011f\u0131. Sevmem elden ayaktan d\u00fc\u015feni, Hi\u00e7 sevmez Tanr\u0131 da ya\u011fl\u0131lar\u0131: Ne muhte\u015fem, bilgece, de\u011fil mi? Kurmu\u015f i\u015fte d\u00fczenini Tanr\u0131! Friedrich Nietzsche <\/p>\n","protected":false},"excerpt":{"rendered":"<p>Sofu olman\u0131n ne zarar\u0131 var, G\u00fczel g\u00f6r\u00fcns\u00fcn bedenci\u011fim de. Biliriz Tanr\u0131 kad\u0131n\u0131 sever, En az\u0131ndan, kad\u0131nc\u0131k \u015firinse. Ku\u015fkusuz Tanr\u0131 hemen affeder, Dokunmaz garip ke\u015fi\u015f\u00e7i\u011fime. Benimle olmaya<span class=\"excerpt-hellip\"> [\u2026]<\/span><\/p>\n","protected":false},"featured_media":0,"template":"","meta":{"_monsterinsights_skip_tracking":false,"_monsterinsights_sitenote_active":false,"_monsterinsights_sitenote_note":"","_monsterinsights_sitenote_category":0},"product_brand":[],"product_cat":[12291,12509],"product_tag":[],"class_list":{"0":"post-698072","1":"product","2":"type-product","3":"status-publish","5":"product_cat-edebiyat","6":"product_cat-siir","7":"pa_cilt-ciltsiz","8":"pa_tur-kitap","9":"pa_yayinevi-say-yayinlari","10":"pa_yazar-friedrich-wilhelm-nietzsche","12":"first","13":"instock","14":"sale","15":"shipping-taxable","16":"purchasable","17":"product-type-simple"},"_links":{"self":[{"href":"https:\/\/roveyayinevi.com.tr\/index.php\/wp-json\/wp\/v2\/product\/698072","targetHints":{"allow":["GET"]}}],"collection":[{"href":"https:\/\/roveyayinevi.com.tr\/index.php\/wp-json\/wp\/v2\/product"}],"about":[{"href":"https:\/\/roveyayinevi.com.tr\/index.php\/wp-json\/wp\/v2\/types\/product"}],"wp:attachment":[{"href":"https:\/\/roveyayinevi.com.tr\/index.php\/wp-json\/wp\/v2\/media?parent=698072"}],"wp:term":[{"taxonomy":"product_brand","embeddable":true,"href":"https:\/\/roveyayinevi.com.tr\/index.php\/wp-json\/wp\/v2\/product_brand?post=698072"},{"taxonomy":"product_cat","embeddable":true,"href":"https:\/\/roveyayinevi.com.tr\/index.php\/wp-json\/wp\/v2\/product_cat?post=698072"},{"taxonomy":"product_tag","embeddable":true,"href":"https:\/\/roveyayinevi.com.tr\/index.php\/wp-json\/wp\/v2\/product_tag?post=698072"}],"curies":[{"name":"wp","href":"https:\/\/api.w.org\/{rel}","templated":true}]}}