{"id":698070,"date":"2025-08-27T14:43:23","date_gmt":"2025-08-27T11:43:23","guid":{"rendered":"https:\/\/roveyayinevi.com.tr\/index.php\/urun\/yolcu-3\/"},"modified":"2026-04-16T02:07:45","modified_gmt":"2026-04-15T23:07:45","slug":"yolcu-3","status":"publish","type":"product","link":"https:\/\/roveyayinevi.com.tr\/index.php\/urun\/yolcu-3\/","title":{"rendered":"Yolcu"},"content":{"rendered":"<p>Bu kitapta yer alan s\u00f6z, s\u00f6ylence, konu ve temalar 1982 y\u0131l\u0131ndan itibaren yazar\u0131n 5 cilt el yazmas\u0131 notlar\u0131ndan \u00f6zetlenmi\u015ftir. Kitapta y\u0131llard\u0131r okunan, incelenen, ara\u015ft\u0131r\u0131lan kitap, dergi ve dok\u00fcmanlardan elde edilen bilgiler ve yazar\u0131n k\u00fclt\u00fcrel birikimi yer almaktad\u0131r. <\/p>\n","protected":false},"excerpt":{"rendered":"<p>Bu kitapta yer alan s\u00f6z, s\u00f6ylence, konu ve temalar 1982 y\u0131l\u0131ndan itibaren yazar\u0131n 5 cilt el yazmas\u0131 notlar\u0131ndan \u00f6zetlenmi\u015ftir. Kitapta y\u0131llard\u0131r okunan, incelenen, ara\u015ft\u0131r\u0131lan kitap, dergi<span class=\"excerpt-hellip\"> [\u2026]<\/span><\/p>\n","protected":false},"featured_media":0,"template":"","meta":{"_monsterinsights_skip_tracking":false,"_monsterinsights_sitenote_active":false,"_monsterinsights_sitenote_note":"","_monsterinsights_sitenote_category":0},"product_brand":[],"product_cat":[12364,12376],"product_tag":[],"class_list":{"0":"post-698070","1":"product","2":"type-product","3":"status-publish","5":"product_cat-genel-konular","6":"product_cat-kisisel-gelisim","7":"pa_cilt-ciltsiz","8":"pa_tur-kitap","9":"pa_yayinevi-inkilap-kitabevi","10":"pa_yazar-osman-pamukoglu","12":"first","13":"instock","14":"sale","15":"shipping-taxable","16":"purchasable","17":"product-type-simple"},"_links":{"self":[{"href":"https:\/\/roveyayinevi.com.tr\/index.php\/wp-json\/wp\/v2\/product\/698070","targetHints":{"allow":["GET"]}}],"collection":[{"href":"https:\/\/roveyayinevi.com.tr\/index.php\/wp-json\/wp\/v2\/product"}],"about":[{"href":"https:\/\/roveyayinevi.com.tr\/index.php\/wp-json\/wp\/v2\/types\/product"}],"wp:attachment":[{"href":"https:\/\/roveyayinevi.com.tr\/index.php\/wp-json\/wp\/v2\/media?parent=698070"}],"wp:term":[{"taxonomy":"product_brand","embeddable":true,"href":"https:\/\/roveyayinevi.com.tr\/index.php\/wp-json\/wp\/v2\/product_brand?post=698070"},{"taxonomy":"product_cat","embeddable":true,"href":"https:\/\/roveyayinevi.com.tr\/index.php\/wp-json\/wp\/v2\/product_cat?post=698070"},{"taxonomy":"product_tag","embeddable":true,"href":"https:\/\/roveyayinevi.com.tr\/index.php\/wp-json\/wp\/v2\/product_tag?post=698070"}],"curies":[{"name":"wp","href":"https:\/\/api.w.org\/{rel}","templated":true}]}}