{"id":698069,"date":"2025-08-27T14:43:23","date_gmt":"2025-08-27T11:43:23","guid":{"rendered":"https:\/\/roveyayinevi.com.tr\/index.php\/urun\/gaspirali-ismail\/"},"modified":"2026-04-16T02:07:45","modified_gmt":"2026-04-15T23:07:45","slug":"gaspirali-ismail","status":"publish","type":"product","link":"https:\/\/roveyayinevi.com.tr\/index.php\/urun\/gaspirali-ismail\/","title":{"rendered":"Gasp\u0131ral\u0131 \u0130smail"},"content":{"rendered":"<p>Gasp\u0131ral\u0131, T\u00fcrk Milleti&#8217;nin bir b\u00fct\u00fcn oldu\u011funa inan\u0131yordu. Co\u011frafi ayr\u0131l\u0131klar\u0131 ve leh\u00e7eyi bu b\u00fct\u00fcn\u00fcn \u00f6n\u00fcnde bir engel olarak g\u00f6rm\u00fcyordu. Bu d\u00fc\u015f\u00fcncesinde dile b\u00fcy\u00fck bir \u00f6nem veriyor, sade bir T\u00fcrk\u00e7e ile konu\u015fup yazman\u0131n bu b\u00fct\u00fcnl\u00fc\u011f\u00fc sa\u011flamada \u00f6nemli bir ad\u0131m olaca\u011f\u0131na inan\u0131yordu. Dil konusunda g\u00f6sterdi\u011fi \u00f6zverili \u00e7abalar\u0131 e\u011fitim konusunda da g\u00f6steren Gasp\u0131ral\u0131 \u0130smail, ilk okulunu, 1884 y\u0131l\u0131nda Bah\u00e7esaray&#8217;da a\u00e7m\u0131\u015ft\u0131r. Yeni bir y\u00f6ntemle okumay\u0131 ve yazmay\u0131 k\u0131sa zamanda \u00f6\u011freten okullar\u0131n say\u0131s\u0131 gittik\u00e7e artm\u0131\u015f, 10 y\u0131l i\u00e7inde bu y\u00f6ntemle e\u011fitim veren 100 kadar okulun a\u00e7\u0131lmas\u0131na \u00f6nc\u00fcl\u00fck etmi\u015ftir. Ara\u015ft\u0131rmac\u0131lara g\u00f6re, bu rakam daha sonra 5 bine kadar ula\u015fm\u0131\u015ft\u0131r. Fikirleri, \u00e7\u0131kard\u0131\u011f\u0131 Terc\u00fcman Gazetesi arac\u0131l\u0131\u011f\u0131yla, Kafkasya, Kazan, Sibirya, T\u00fcrkistan, \u00c7in, \u0130ran ve M\u0131s\u0131r&#8217;da tan\u0131nan Gasp\u0131ral\u0131, 1907&#8217;de, Kahire&#8217;de bir \u0130slam Kongresi toplayabilmek i\u00e7in b\u00fcy\u00fck \u00e7aba sarf etmi\u015f,1910&#8217;da ise Hindistan&#8217;a giderek Bombay&#8217;daki Enc\u00fcmen-i \u0130slamiye&#8217;nin toplant\u0131lar\u0131na kat\u0131larak g\u00f6r\u00fc\u015flerini anlatm\u0131\u015ft\u0131r. T\u00fcrk D\u00fcnyas\u0131&#8217;n\u0131n g\u00f6rd\u00fc\u011f\u00fc ender zeki ve idealist \u015fahsiyetlerden birisi olan Gasp\u0131ral\u0131 \u0130smail, sadece Rusya T\u00fcrkleri&#8217;nin de\u011fil, b\u00fct\u00fcn M\u00fcsl\u00fcmanlar&#8217;\u0131n meseleleriyle yak\u0131ndan ilgilenmi\u015ftir. Bu kitap, \u00c7arl\u0131k Rusyas\u0131&#8217;n\u0131n T\u00fcrk halk\u0131n\u0131 e\u011fitimsizli\u011fe ve gerili\u011fe s\u00fcr\u00fckleyen politikalar\u0131na kar\u015f\u0131 siyasi m\u00fccadelenin ve toplumsal bir bilincinin olu\u015fturulmas\u0131n\u0131n da \u00f6yk\u00fcs\u00fc asl\u0131nda. Gasp\u0131ral\u0131 \u0130smail ile ortaya konulan fikirler, bir d\u00f6nemin k\u0131r\u0131lmas\u0131n\u0131 da yans\u0131tmas\u0131 a\u00e7\u0131s\u0131ndan tarihe \u0131\u015f\u0131k tutuyor. <\/p>\n","protected":false},"excerpt":{"rendered":"<p>Gasp\u0131ral\u0131, T\u00fcrk Milleti&#8217;nin bir b\u00fct\u00fcn oldu\u011funa inan\u0131yordu. Co\u011frafi ayr\u0131l\u0131klar\u0131 ve leh\u00e7eyi bu b\u00fct\u00fcn\u00fcn \u00f6n\u00fcnde bir engel olarak g\u00f6rm\u00fcyordu. Bu d\u00fc\u015f\u00fcncesinde dile b\u00fcy\u00fck bir \u00f6nem veriyor, sade<span class=\"excerpt-hellip\"> [\u2026]<\/span><\/p>\n","protected":false},"featured_media":0,"template":"","meta":{"_monsterinsights_skip_tracking":false,"_monsterinsights_sitenote_active":false,"_monsterinsights_sitenote_note":"","_monsterinsights_sitenote_category":0},"product_brand":[],"product_cat":[14009,12291],"product_tag":[],"class_list":{"0":"post-698069","1":"product","2":"type-product","3":"status-publish","5":"product_cat-biyografi-otobiyografi-edebiyat","6":"product_cat-edebiyat","7":"pa_cilt-ciltsiz","8":"pa_tur-kitap","9":"pa_yayinevi-pozitif-yayinlari","10":"pa_yazar-necip-hablemitoglu","12":"first","13":"instock","14":"sale","15":"shipping-taxable","16":"purchasable","17":"product-type-simple"},"_links":{"self":[{"href":"https:\/\/roveyayinevi.com.tr\/index.php\/wp-json\/wp\/v2\/product\/698069","targetHints":{"allow":["GET"]}}],"collection":[{"href":"https:\/\/roveyayinevi.com.tr\/index.php\/wp-json\/wp\/v2\/product"}],"about":[{"href":"https:\/\/roveyayinevi.com.tr\/index.php\/wp-json\/wp\/v2\/types\/product"}],"wp:attachment":[{"href":"https:\/\/roveyayinevi.com.tr\/index.php\/wp-json\/wp\/v2\/media?parent=698069"}],"wp:term":[{"taxonomy":"product_brand","embeddable":true,"href":"https:\/\/roveyayinevi.com.tr\/index.php\/wp-json\/wp\/v2\/product_brand?post=698069"},{"taxonomy":"product_cat","embeddable":true,"href":"https:\/\/roveyayinevi.com.tr\/index.php\/wp-json\/wp\/v2\/product_cat?post=698069"},{"taxonomy":"product_tag","embeddable":true,"href":"https:\/\/roveyayinevi.com.tr\/index.php\/wp-json\/wp\/v2\/product_tag?post=698069"}],"curies":[{"name":"wp","href":"https:\/\/api.w.org\/{rel}","templated":true}]}}