{"id":698068,"date":"2025-08-27T14:43:23","date_gmt":"2025-08-27T11:43:23","guid":{"rendered":"https:\/\/roveyayinevi.com.tr\/index.php\/urun\/musanin-uykusu\/"},"modified":"2026-04-16T02:07:45","modified_gmt":"2026-04-15T23:07:45","slug":"musanin-uykusu","status":"publish","type":"product","link":"https:\/\/roveyayinevi.com.tr\/index.php\/urun\/musanin-uykusu\/","title":{"rendered":"Musa&#8217;n\u0131n Uykusu"},"content":{"rendered":"<p>\u00c7\u00fcnk\u00fc Musa ba\u015f\u0131ndan beri ayr\u0131lmay\u0131 bilmiyordu. Ya\u015famak i\u00e7in ayr\u0131lmak gerekti\u011fini bilmiyordu. D\u00fcnyaya geli\u015f hik\u00e2yesinde b\u00fct\u00fcn hayat hik\u00e2yesinin kalbi sakl\u0131d\u0131r, kaderinin \u015fifresi bu ilk sahnede, gecikmeli ger\u00e7ekle\u015fen do\u011fumunda gizlidir. Nas\u0131l annesinin karn\u0131ndan vakti geldi\u011finde ayr\u0131lamad\u0131ysa daha sonra da hi\u00e7bir yerden hi\u00e7bir \u015feyden zaman\u0131nda ayr\u0131lmas\u0131n\u0131 bilmeyecekti. S\u0131cak su muslu\u011funun, k\u0131\u015f ya\u011fmurunun, kom\u015fu kad\u0131n\u0131n hal\u0131 silkeledi\u011fi balkonun alt\u0131ndan; yaya ge\u00e7idinin, y\u00fcr\u00fcyen merdivenin, tren raylar\u0131n\u0131n \u00fcst\u00fcnden, \u00e7atapat patlatan o\u011flanlar\u0131n, hasta sokak k\u00f6peklerinin, can \u00e7eki\u015fen kedilerin yan\u0131ndan. Son olarak da yang\u0131ndan. Musa ayr\u0131lmay\u0131 bilmiyordu. Oysa hayatta kalman\u0131n ko\u015fulu do\u011fru zamanda ayr\u0131lmas\u0131n\u0131 bilmektir. \u00d6nce anne karn\u0131ndan ve sonra da s\u0131ras\u0131yla her \u015feyden. \ufffcTan\u0131t\u0131m Metni<\/p>\n","protected":false},"excerpt":{"rendered":"<p>\u00c7\u00fcnk\u00fc Musa ba\u015f\u0131ndan beri ayr\u0131lmay\u0131 bilmiyordu. Ya\u015famak i\u00e7in ayr\u0131lmak gerekti\u011fini bilmiyordu. D\u00fcnyaya geli\u015f hik\u00e2yesinde b\u00fct\u00fcn hayat hik\u00e2yesinin kalbi sakl\u0131d\u0131r, kaderinin \u015fifresi bu ilk sahnede, gecikmeli ger\u00e7ekle\u015fen<span class=\"excerpt-hellip\"> [\u2026]<\/span><\/p>\n","protected":false},"featured_media":0,"template":"","meta":{"_monsterinsights_skip_tracking":false,"_monsterinsights_sitenote_active":false,"_monsterinsights_sitenote_note":"","_monsterinsights_sitenote_category":0},"product_brand":[],"product_cat":[12364],"product_tag":[],"class_list":{"0":"post-698068","1":"product","2":"type-product","3":"status-publish","5":"product_cat-genel-konular","6":"pa_cilt-ciltsiz","7":"pa_tur-kitap","8":"pa_yayinevi-yapi-kredi-yayinlari","9":"pa_yazar-tugba-dogan","11":"first","12":"instock","13":"sale","14":"shipping-taxable","15":"purchasable","16":"product-type-simple"},"_links":{"self":[{"href":"https:\/\/roveyayinevi.com.tr\/index.php\/wp-json\/wp\/v2\/product\/698068","targetHints":{"allow":["GET"]}}],"collection":[{"href":"https:\/\/roveyayinevi.com.tr\/index.php\/wp-json\/wp\/v2\/product"}],"about":[{"href":"https:\/\/roveyayinevi.com.tr\/index.php\/wp-json\/wp\/v2\/types\/product"}],"wp:attachment":[{"href":"https:\/\/roveyayinevi.com.tr\/index.php\/wp-json\/wp\/v2\/media?parent=698068"}],"wp:term":[{"taxonomy":"product_brand","embeddable":true,"href":"https:\/\/roveyayinevi.com.tr\/index.php\/wp-json\/wp\/v2\/product_brand?post=698068"},{"taxonomy":"product_cat","embeddable":true,"href":"https:\/\/roveyayinevi.com.tr\/index.php\/wp-json\/wp\/v2\/product_cat?post=698068"},{"taxonomy":"product_tag","embeddable":true,"href":"https:\/\/roveyayinevi.com.tr\/index.php\/wp-json\/wp\/v2\/product_tag?post=698068"}],"curies":[{"name":"wp","href":"https:\/\/api.w.org\/{rel}","templated":true}]}}