{"id":698065,"date":"2025-08-27T14:43:22","date_gmt":"2025-08-27T11:43:22","guid":{"rendered":"https:\/\/roveyayinevi.com.tr\/index.php\/urun\/demokrat-parti\/"},"modified":"2026-04-16T02:07:45","modified_gmt":"2026-04-15T23:07:45","slug":"demokrat-parti","status":"publish","type":"product","link":"https:\/\/roveyayinevi.com.tr\/index.php\/urun\/demokrat-parti\/","title":{"rendered":"Demokrat Parti"},"content":{"rendered":"<p>Kimine g\u00f6re, Demokrat Parti, Atat\u00fcrk devrimlerini yok etmeyi ama\u00e7 edinen ve bug\u00fcn bu ere\u011fine iyice yakla\u015fm\u0131\u015f g\u00f6r\u00fcnen, gerici bir siyasal ak\u0131m\u0131n ilk b\u00fcy\u00fck dalgas\u0131d\u0131r. DP demek, kar\u015f\u0131devrim demektir. Kimine g\u00f6re ise, Demokrat Parti, bask\u0131c\u0131 y\u00f6netimler kar\u015f\u0131s\u0131nda y\u00fczy\u0131llard\u0131r boyun e\u011fmi\u015f \u201ckitlelerin isyan\u0131\u201dd\u0131r ve en b\u00fcy\u00fck \u00f6zelli\u011fi demokrasinin kurucusu olmas\u0131d\u0131r.Ancak, birbirinin tam kar\u015f\u0131t\u0131 olan bu iki sav\u0131n yine de anla\u015ft\u0131klar\u0131 bir nokta vard\u0131r: Bug\u00fcnk\u00fc d\u00fczenin olu\u015fmas\u0131nda DP\u2019nin pay\u0131n\u0131 az\u0131msamak olanaks\u0131zd\u0131r. \u00d6yleyse, bug\u00fcn\u00fc \u00e7\u00f6z\u00fcmlemek isteyenlerin, ge\u00e7en y\u00fczy\u0131l\u0131n ortalar\u0131na uzan\u0131p o g\u00fcnlerin siyasal havas\u0131n\u0131 solumalar\u0131 gerekiyor. <\/p>\n","protected":false},"excerpt":{"rendered":"<p>Kimine g\u00f6re, Demokrat Parti, Atat\u00fcrk devrimlerini yok etmeyi ama\u00e7 edinen ve bug\u00fcn bu ere\u011fine iyice yakla\u015fm\u0131\u015f g\u00f6r\u00fcnen, gerici bir siyasal ak\u0131m\u0131n ilk b\u00fcy\u00fck dalgas\u0131d\u0131r. DP demek,<span class=\"excerpt-hellip\"> [\u2026]<\/span><\/p>\n","protected":false},"featured_media":0,"template":"","meta":{"_monsterinsights_skip_tracking":false,"_monsterinsights_sitenote_active":false,"_monsterinsights_sitenote_note":"","_monsterinsights_sitenote_category":0},"product_brand":[],"product_cat":[12304,14128],"product_tag":[],"class_list":{"0":"post-698065","1":"product","2":"type-product","3":"status-publish","5":"product_cat-tarih","6":"product_cat-yakin-tarih","7":"pa_cilt-ciltsiz","8":"pa_tur-kitap","9":"pa_yayinevi-yordam-kitap","10":"pa_yazar-cem-erogul","12":"first","13":"instock","14":"sale","15":"shipping-taxable","16":"purchasable","17":"product-type-simple"},"_links":{"self":[{"href":"https:\/\/roveyayinevi.com.tr\/index.php\/wp-json\/wp\/v2\/product\/698065","targetHints":{"allow":["GET"]}}],"collection":[{"href":"https:\/\/roveyayinevi.com.tr\/index.php\/wp-json\/wp\/v2\/product"}],"about":[{"href":"https:\/\/roveyayinevi.com.tr\/index.php\/wp-json\/wp\/v2\/types\/product"}],"wp:attachment":[{"href":"https:\/\/roveyayinevi.com.tr\/index.php\/wp-json\/wp\/v2\/media?parent=698065"}],"wp:term":[{"taxonomy":"product_brand","embeddable":true,"href":"https:\/\/roveyayinevi.com.tr\/index.php\/wp-json\/wp\/v2\/product_brand?post=698065"},{"taxonomy":"product_cat","embeddable":true,"href":"https:\/\/roveyayinevi.com.tr\/index.php\/wp-json\/wp\/v2\/product_cat?post=698065"},{"taxonomy":"product_tag","embeddable":true,"href":"https:\/\/roveyayinevi.com.tr\/index.php\/wp-json\/wp\/v2\/product_tag?post=698065"}],"curies":[{"name":"wp","href":"https:\/\/api.w.org\/{rel}","templated":true}]}}