{"id":698064,"date":"2025-08-27T14:43:22","date_gmt":"2025-08-27T11:43:22","guid":{"rendered":"https:\/\/roveyayinevi.com.tr\/index.php\/urun\/cicek-ile-kirlikara\/"},"modified":"2026-04-16T02:07:45","modified_gmt":"2026-04-15T23:07:45","slug":"cicek-ile-kirlikara","status":"publish","type":"product","link":"https:\/\/roveyayinevi.com.tr\/index.php\/urun\/cicek-ile-kirlikara\/","title":{"rendered":"\u00c7i\u00e7ek ile Kirlikara"},"content":{"rendered":"<p>\u00c7i\u00e7ek, G\u00fcne\u015fli Ada\u2019da ya\u015fayan bir bal\u0131k\u00e7\u0131n\u0131n k\u0131z\u0131. G\u00fcn\u00fcn birinde adaya Kirlikara ve k\u0131rk adam\u0131 gelince, \u00c7i\u00e7ek\u2019in ve b\u00fct\u00fcn adal\u0131lar\u0131n ya\u015fam\u0131 de\u011fi\u015fti. Bir s\u00fcre sonra Kirlikara\u2019n\u0131n gizini, onun adal\u0131lar\u0131 etkileyen g\u00fcc\u00fcn\u00fcn ard\u0131ndaki gizi \u00f6\u011frendi. \u00c7i\u00e7ek ile Kirlikara\u2019n\u0131n \u00f6yk\u00fcs\u00fcn\u00fc yeni \u015feyler \u00f6\u011frenerek, d\u00fc\u015f\u00fcnerek heyecanla okuyacaks\u0131n\u0131z. \ufffcTan\u0131t\u0131m Metni<\/p>\n","protected":false},"excerpt":{"rendered":"<p>\u00c7i\u00e7ek, G\u00fcne\u015fli Ada\u2019da ya\u015fayan bir bal\u0131k\u00e7\u0131n\u0131n k\u0131z\u0131. G\u00fcn\u00fcn birinde adaya Kirlikara ve k\u0131rk adam\u0131 gelince, \u00c7i\u00e7ek\u2019in ve b\u00fct\u00fcn adal\u0131lar\u0131n ya\u015fam\u0131 de\u011fi\u015fti. Bir s\u00fcre sonra Kirlikara\u2019n\u0131n gizini,<span class=\"excerpt-hellip\"> [\u2026]<\/span><\/p>\n","protected":false},"featured_media":0,"template":"","meta":{"_monsterinsights_skip_tracking":false,"_monsterinsights_sitenote_active":false,"_monsterinsights_sitenote_note":"","_monsterinsights_sitenote_category":0},"product_brand":[],"product_cat":[12274,12284],"product_tag":[],"class_list":{"0":"post-698064","1":"product","2":"type-product","3":"status-publish","5":"product_cat-cocuk-ve-genclik-kitaplari","6":"product_cat-hikayeler","7":"pa_cilt-ciltsiz","8":"pa_tur-kitap","9":"pa_yayinevi-say-cocuk","10":"pa_yazar-gulsum-cengiz","12":"first","13":"instock","14":"sale","15":"shipping-taxable","16":"purchasable","17":"product-type-simple"},"_links":{"self":[{"href":"https:\/\/roveyayinevi.com.tr\/index.php\/wp-json\/wp\/v2\/product\/698064","targetHints":{"allow":["GET"]}}],"collection":[{"href":"https:\/\/roveyayinevi.com.tr\/index.php\/wp-json\/wp\/v2\/product"}],"about":[{"href":"https:\/\/roveyayinevi.com.tr\/index.php\/wp-json\/wp\/v2\/types\/product"}],"wp:attachment":[{"href":"https:\/\/roveyayinevi.com.tr\/index.php\/wp-json\/wp\/v2\/media?parent=698064"}],"wp:term":[{"taxonomy":"product_brand","embeddable":true,"href":"https:\/\/roveyayinevi.com.tr\/index.php\/wp-json\/wp\/v2\/product_brand?post=698064"},{"taxonomy":"product_cat","embeddable":true,"href":"https:\/\/roveyayinevi.com.tr\/index.php\/wp-json\/wp\/v2\/product_cat?post=698064"},{"taxonomy":"product_tag","embeddable":true,"href":"https:\/\/roveyayinevi.com.tr\/index.php\/wp-json\/wp\/v2\/product_tag?post=698064"}],"curies":[{"name":"wp","href":"https:\/\/api.w.org\/{rel}","templated":true}]}}