{"id":698062,"date":"2025-08-27T14:43:21","date_gmt":"2025-08-27T11:43:21","guid":{"rendered":"https:\/\/roveyayinevi.com.tr\/index.php\/urun\/aksam-gunesi\/"},"modified":"2026-04-16T02:07:45","modified_gmt":"2026-04-15T23:07:45","slug":"aksam-gunesi","status":"publish","type":"product","link":"https:\/\/roveyayinevi.com.tr\/index.php\/urun\/aksam-gunesi\/","title":{"rendered":"Ak\u015fam G\u00fcne\u015fi"},"content":{"rendered":"<p>\u201cArzular\u0131m, ihtiraslar\u0131m, isyanlar\u0131m s\u00f6nmu\u0308\u015f&#8230; Mazi ba\u015f\u0131m\u0131zdan uzakla\u015fm\u0131\u015f ak\u015fam gu\u0308ne\u015flerine benzemi\u015f: Art\u0131k \u0131st\u0131rap vermiyor, yakm\u0131yor, sade uzun ve pu\u0308rhayal g\u00f6lgeler aras\u0131nda ruhuma hafif \u015fa\u015faa ve hararetini g\u00f6nderiyor.\u201d Re\u015fat Nuri G\u00fcntekin\u2019in duygusal temas\u0131yla \u00f6ne \u00e7\u0131kan roman\u0131 Ak\u015fam G\u00fcne\u015fi, toplumsal tahamm\u00fcl\u00fcn s\u0131n\u0131rlar\u0131nda gezen bir yasak a\u015fk hik\u00e2yesini sade ve ak\u0131c\u0131 bir \u00fcslupla okura sunuyor. Ege\u2019nin sakin sular\u0131nda bir adada ge\u00e7en anlat\u0131, Nazmi Bey ve Julide\u2019nin hik\u00e2yesiyle insana dair umutlar\u0131, korkular\u0131, ihtiraslar\u0131 ve zaaflar\u0131 ustaca resmederken; aile ya\u015fam\u0131na, ge\u00e7mi\u015fin duygusal y\u00fck\u00fcne ve ruhsal \u00e7at\u0131\u015fmalara dair de \u00f6\u011feler bar\u0131nd\u0131r\u0131yor. G\u00fcntekin\u2019in ana izle\u011fi bir a\u015fk hik\u00e2yesi olan roman\u0131, derinlikli ruhsal \u00e7\u00f6z\u00fcmlemeleri ve insan\u0131n zihinsel katmanlar\u0131na ili\u015fkin kusursuz g\u00f6zlemleriyle edebiyat\u0131m\u0131z\u0131n \u00f6zel bir \u00f6rne\u011fini te\u015fkil ediyor. Re\u015fat Nuri G\u00fcnetkin\u2019in en \u00e7ok okunan romanlar\u0131 aras\u0131nda yer alan Ak\u015fam G\u00fcne\u015fi, usta yazar\u0131n T\u00fcrk\u00e7eyi kullanmaktaki maharetini de g\u00f6zler \u00f6n\u00fcne seriyor. <\/p>\n","protected":false},"excerpt":{"rendered":"<p>\u201cArzular\u0131m, ihtiraslar\u0131m, isyanlar\u0131m s\u00f6nmu\u0308\u015f&#8230; Mazi ba\u015f\u0131m\u0131zdan uzakla\u015fm\u0131\u015f ak\u015fam gu\u0308ne\u015flerine benzemi\u015f: Art\u0131k \u0131st\u0131rap vermiyor, yakm\u0131yor, sade uzun ve pu\u0308rhayal g\u00f6lgeler aras\u0131nda ruhuma hafif \u015fa\u015faa ve hararetini g\u00f6nderiyor.\u201d<span class=\"excerpt-hellip\"> [\u2026]<\/span><\/p>\n","protected":false},"featured_media":0,"template":"","meta":{"_monsterinsights_skip_tracking":false,"_monsterinsights_sitenote_active":false,"_monsterinsights_sitenote_note":"","_monsterinsights_sitenote_category":0},"product_brand":[],"product_cat":[12291,12292],"product_tag":[],"class_list":{"0":"post-698062","1":"product","2":"type-product","3":"status-publish","5":"product_cat-edebiyat","6":"product_cat-turk-edebiyati","7":"pa_cilt-ciltsiz","8":"pa_tur-kitap","9":"pa_yayinevi-resat-nuri-guntekin-yayinlari","10":"pa_yazar-resat-nuri-guntekin","12":"first","13":"instock","14":"sale","15":"shipping-taxable","16":"purchasable","17":"product-type-simple"},"_links":{"self":[{"href":"https:\/\/roveyayinevi.com.tr\/index.php\/wp-json\/wp\/v2\/product\/698062","targetHints":{"allow":["GET"]}}],"collection":[{"href":"https:\/\/roveyayinevi.com.tr\/index.php\/wp-json\/wp\/v2\/product"}],"about":[{"href":"https:\/\/roveyayinevi.com.tr\/index.php\/wp-json\/wp\/v2\/types\/product"}],"wp:attachment":[{"href":"https:\/\/roveyayinevi.com.tr\/index.php\/wp-json\/wp\/v2\/media?parent=698062"}],"wp:term":[{"taxonomy":"product_brand","embeddable":true,"href":"https:\/\/roveyayinevi.com.tr\/index.php\/wp-json\/wp\/v2\/product_brand?post=698062"},{"taxonomy":"product_cat","embeddable":true,"href":"https:\/\/roveyayinevi.com.tr\/index.php\/wp-json\/wp\/v2\/product_cat?post=698062"},{"taxonomy":"product_tag","embeddable":true,"href":"https:\/\/roveyayinevi.com.tr\/index.php\/wp-json\/wp\/v2\/product_tag?post=698062"}],"curies":[{"name":"wp","href":"https:\/\/api.w.org\/{rel}","templated":true}]}}