{"id":698046,"date":"2025-08-27T14:43:16","date_gmt":"2025-08-27T11:43:16","guid":{"rendered":"https:\/\/roveyayinevi.com.tr\/index.php\/urun\/benim-adim-hic-kimse\/"},"modified":"2026-04-16T02:07:45","modified_gmt":"2026-04-15T23:07:45","slug":"benim-adim-hic-kimse","status":"publish","type":"product","link":"https:\/\/roveyayinevi.com.tr\/index.php\/urun\/benim-adim-hic-kimse\/","title":{"rendered":"Benim Ad\u0131m Hi\u00e7 Kimse"},"content":{"rendered":"<p>&#8220;Usta bir elden \u00e7\u0131km\u0131\u015f nefis bir \u00f6yk\u00fc.&#8221; -Carousel- &#8220;Komik, orijinal ve dokunakl\u0131\u2026 Bu kitab\u0131 okumak bir zevk.&#8221;. -Independent- &#8220;\u0130yi rehber&#8221; olabilmek i\u00e7in\u2026 Carnegie Madalyal\u0131 \u0130ngiliz yazar Frank Cottrell Boyce&#8217;un, 2012 y\u0131l\u0131nda Guardian \u00c7ocuk Edebiyat\u0131 \u00d6d\u00fcl\u00fc&#8217;ne de\u011fer g\u00f6r\u00fclen Benim Ad\u0131m Hi\u00e7 Kimse adl\u0131 kitab\u0131, g\u00f6z al\u0131c\u0131 foto\u011fraflar\u0131, mucizevi, s\u00fcr\u00fckleyici ve kahkahalarla g\u00fcld\u00fcren komik hik\u00e2yesi ile okurlar\u0131 i\u00e7in \u00e7ekmeyi ba\u015farabilen \u00e7a\u011fda\u015f bir klasik.  Mo\u011folistan&#8217;dan ka\u00e7ak yollarla \u0130ngiltere&#8217;nin Liverpool kentine yerle\u015fmi\u015f bir aile. \u015eehir hayat\u0131na uyum sa\u011flamaya \u00e7al\u0131\u015fan iki erkek \u00e7ocuk. Yakalad\u0131\u011f\u0131n\u0131 ortadan yok eden bir iblis. Do\u011fruyu ve iyiyi g\u00f6stererek herkese kol kanat geren bir &#8220;iyi rehber&#8221;\u2026 Yeni yurtlar\u0131nda, yeni bir okula ba\u015flayan Chingis ve Nergui karde\u015fleri zorlu bir m\u00fccadele bekliyor. Ve bu yolda onlara rehberlik edecek biri gerekli. S\u0131n\u0131f arkada\u015flar\u0131 Julie bu i\u015f i\u00e7in bi\u00e7ilmi\u015f kaftan. Peki ama birilerinin &#8220;iyi rehber&#8221;i nas\u0131l olunur ki?..  Yazar\u0131n bir okul ziyareti s\u0131ras\u0131nda tan\u0131\u015ft\u0131\u011f\u0131, Mo\u011folistan&#8217;dan s\u0131\u011f\u0131nmac\u0131 olarak \u0130ngiltere&#8217;ye gelmi\u015f bir k\u0131z\u0131n h\u00fcz\u00fcnl\u00fc hik\u00e2yesinden etkilenerek kaleme ald\u0131\u011f\u0131 Benim Ad\u0131m Hi\u00e7 Kimse, g\u00f6\u00e7menlerin ve s\u0131\u011f\u0131nmac\u0131lar\u0131n hayatlar\u0131n\u0131 s\u00fcrd\u00fcrebilmek i\u00e7in bat\u0131 \u00fclkelerinde ne gibi m\u00fccadeleler verdi\u011fini g\u00f6zler \u00f6n\u00fcne seren cesur bir \u00e7al\u0131\u015fma.<\/p>\n","protected":false},"excerpt":{"rendered":"<p>&#8220;Usta bir elden \u00e7\u0131km\u0131\u015f nefis bir \u00f6yk\u00fc.&#8221; -Carousel- &#8220;Komik, orijinal ve dokunakl\u0131\u2026 Bu kitab\u0131 okumak bir zevk.&#8221;. -Independent- &#8220;\u0130yi rehber&#8221; olabilmek i\u00e7in\u2026 Carnegie Madalyal\u0131 \u0130ngiliz yazar<span class=\"excerpt-hellip\"> [\u2026]<\/span><\/p>\n","protected":false},"featured_media":0,"template":"","meta":{"_monsterinsights_skip_tracking":false,"_monsterinsights_sitenote_active":false,"_monsterinsights_sitenote_note":"","_monsterinsights_sitenote_category":0},"product_brand":[],"product_cat":[12274,12284],"product_tag":[],"class_list":{"0":"post-698046","1":"product","2":"type-product","3":"status-publish","5":"product_cat-cocuk-ve-genclik-kitaplari","6":"product_cat-hikayeler","7":"pa_cilt-ciltsiz","8":"pa_tur-kitap","9":"pa_yayinevi-tudem-yayinlari","10":"pa_yazar-frank-cottrell-boyce","12":"first","13":"instock","14":"sale","15":"shipping-taxable","16":"purchasable","17":"product-type-simple"},"_links":{"self":[{"href":"https:\/\/roveyayinevi.com.tr\/index.php\/wp-json\/wp\/v2\/product\/698046","targetHints":{"allow":["GET"]}}],"collection":[{"href":"https:\/\/roveyayinevi.com.tr\/index.php\/wp-json\/wp\/v2\/product"}],"about":[{"href":"https:\/\/roveyayinevi.com.tr\/index.php\/wp-json\/wp\/v2\/types\/product"}],"wp:attachment":[{"href":"https:\/\/roveyayinevi.com.tr\/index.php\/wp-json\/wp\/v2\/media?parent=698046"}],"wp:term":[{"taxonomy":"product_brand","embeddable":true,"href":"https:\/\/roveyayinevi.com.tr\/index.php\/wp-json\/wp\/v2\/product_brand?post=698046"},{"taxonomy":"product_cat","embeddable":true,"href":"https:\/\/roveyayinevi.com.tr\/index.php\/wp-json\/wp\/v2\/product_cat?post=698046"},{"taxonomy":"product_tag","embeddable":true,"href":"https:\/\/roveyayinevi.com.tr\/index.php\/wp-json\/wp\/v2\/product_tag?post=698046"}],"curies":[{"name":"wp","href":"https:\/\/api.w.org\/{rel}","templated":true}]}}