{"id":698044,"date":"2025-08-27T14:43:15","date_gmt":"2025-08-27T11:43:15","guid":{"rendered":"https:\/\/roveyayinevi.com.tr\/index.php\/urun\/gumus-kanat\/"},"modified":"2026-04-16T02:07:45","modified_gmt":"2026-04-15T23:07:45","slug":"gumus-kanat","status":"publish","type":"product","link":"https:\/\/roveyayinevi.com.tr\/index.php\/urun\/gumus-kanat\/","title":{"rendered":"G\u00fcm\u00fc\u015f Kanat"},"content":{"rendered":"<p>Minicik y\u00fcreklerin, sevgiye ve umuda en \u00e7ok ihtiya\u00e7 duyduklar\u0131 zamanda ortaya \u00e7\u0131kar G\u00fcm\u00fc\u015f Kanat. O, kaybolmayan \u00fcmitlerin, hayallerin, ideallerin, g\u00fcnden g\u00fcne \u00e7o\u011falan sevginin sembol\u00fcd\u00fcr. K\u00fc\u00e7\u00fck ya\u015fta hayat\u0131n ac\u0131 y\u00fcz\u00fcyle tan\u0131\u015fan Kemal; b\u00fct\u00fcn zorluklar\u0131 sevgi, gayret ve dostlu\u011fun en \u00e7ok da G\u00fcm\u00fc\u015f Kanat\u2019\u0131n yard\u0131m\u0131yla a\u015far. Onun ard\u0131nda kara g\u00fcnlerden mavi hayalleri y\u00fckselir. Ac\u0131lar\u0131 biter g\u00fczelliklere kavu\u015fur. Yazar\u0131n ak\u0131c\u0131, sade ve sevgi dolu kaleminden G\u00fcm\u00fc\u015f Kanat\u2019\u0131 tan\u0131maya ne dersiniz?.. <\/p>\n","protected":false},"excerpt":{"rendered":"<p>Minicik y\u00fcreklerin, sevgiye ve umuda en \u00e7ok ihtiya\u00e7 duyduklar\u0131 zamanda ortaya \u00e7\u0131kar G\u00fcm\u00fc\u015f Kanat. O, kaybolmayan \u00fcmitlerin, hayallerin, ideallerin, g\u00fcnden g\u00fcne \u00e7o\u011falan sevginin sembol\u00fcd\u00fcr. K\u00fc\u00e7\u00fck ya\u015fta<span class=\"excerpt-hellip\"> [\u2026]<\/span><\/p>\n","protected":false},"featured_media":0,"template":"","meta":{"_monsterinsights_skip_tracking":false,"_monsterinsights_sitenote_active":false,"_monsterinsights_sitenote_note":"","_monsterinsights_sitenote_category":0},"product_brand":[],"product_cat":[12274,12284],"product_tag":[],"class_list":{"0":"post-698044","1":"product","2":"type-product","3":"status-publish","5":"product_cat-cocuk-ve-genclik-kitaplari","6":"product_cat-hikayeler","7":"pa_cilt-ciltsiz","8":"pa_tur-kitap","9":"pa_yayinevi-bilge-kultur-sanat","10":"pa_yazar-cahit-ucuk","12":"first","13":"instock","14":"sale","15":"shipping-taxable","16":"purchasable","17":"product-type-simple"},"_links":{"self":[{"href":"https:\/\/roveyayinevi.com.tr\/index.php\/wp-json\/wp\/v2\/product\/698044","targetHints":{"allow":["GET"]}}],"collection":[{"href":"https:\/\/roveyayinevi.com.tr\/index.php\/wp-json\/wp\/v2\/product"}],"about":[{"href":"https:\/\/roveyayinevi.com.tr\/index.php\/wp-json\/wp\/v2\/types\/product"}],"wp:attachment":[{"href":"https:\/\/roveyayinevi.com.tr\/index.php\/wp-json\/wp\/v2\/media?parent=698044"}],"wp:term":[{"taxonomy":"product_brand","embeddable":true,"href":"https:\/\/roveyayinevi.com.tr\/index.php\/wp-json\/wp\/v2\/product_brand?post=698044"},{"taxonomy":"product_cat","embeddable":true,"href":"https:\/\/roveyayinevi.com.tr\/index.php\/wp-json\/wp\/v2\/product_cat?post=698044"},{"taxonomy":"product_tag","embeddable":true,"href":"https:\/\/roveyayinevi.com.tr\/index.php\/wp-json\/wp\/v2\/product_tag?post=698044"}],"curies":[{"name":"wp","href":"https:\/\/api.w.org\/{rel}","templated":true}]}}