{"id":698037,"date":"2025-08-27T14:43:13","date_gmt":"2025-08-27T11:43:13","guid":{"rendered":"https:\/\/roveyayinevi.com.tr\/index.php\/urun\/yonetim-bilimi\/"},"modified":"2026-04-16T02:07:44","modified_gmt":"2026-04-15T23:07:44","slug":"yonetim-bilimi","status":"publish","type":"product","link":"https:\/\/roveyayinevi.com.tr\/index.php\/urun\/yonetim-bilimi\/","title":{"rendered":"Y\u00f6netim Bilimi"},"content":{"rendered":"<p>Bu kitap, yazar\u0131n T\u00fcrk kamu y\u00f6netiminin de\u011fi\u015fik kurulu\u015flar\u0131ndaki 20 y\u0131ll\u0131k y\u00f6neticilik deneyimleri ve g\u00f6zlemleri ile gene yakla\u015f\u0131k bir o kadar y\u0131ll\u0131k kamu y\u00f6netimi alan\u0131ndaki \u00f6\u011fretim \u00fcyesi olarak akademisyenli\u011finin birikimlerini yans\u0131tmaktad\u0131r. Amac\u0131m\u0131z, kamu-\u00f6zel ayr\u0131m\u0131 yapmadan, bir yandan y\u00f6netimle do\u011frudan ya da dolayl\u0131 olarak ilgisi bulunan \u00fcniversitelerin Y\u00f6netim Bilimi , Kamu Y\u00f6netimi gibi derslerin ders kitab\u0131 ya da yard\u0131mc\u0131 kaynak eksikli\u011fini gidermeye \u00e7al\u0131\u015fmak, \u00f6te yandan gene kamu \u00f6zel ayr\u0131m\u0131 yapmadan t\u00fcm \u00f6rg\u00fctlerde y\u00f6netici konumunda bulunan ya da y\u00f6neticilik konumuna gelmek isteyen her d\u00fczeydeki \u00e7al\u0131\u015fana yard\u0131mc\u0131 olmakt\u0131r. Kitab\u0131n s\u00f6z\u00fc edilen ikinci amac\u0131 nedeniyle konular, b\u00fcy\u00fck \u00f6l\u00e7\u00fcde matematik, istatistik gibi say\u0131sal y\u00f6nlerinden ar\u0131nd\u0131r\u0131lm\u0131\u015f, her d\u00fczeydeki ki\u015finin anlayabilece\u011fi g\u00fcnl\u00fck konu\u015fma diline indirgenmeye \u00e7al\u0131\u015f\u0131lm\u0131\u015ft\u0131r. <\/p>\n","protected":false},"excerpt":{"rendered":"<p>Bu kitap, yazar\u0131n T\u00fcrk kamu y\u00f6netiminin de\u011fi\u015fik kurulu\u015flar\u0131ndaki 20 y\u0131ll\u0131k y\u00f6neticilik deneyimleri ve g\u00f6zlemleri ile gene yakla\u015f\u0131k bir o kadar y\u0131ll\u0131k kamu y\u00f6netimi alan\u0131ndaki \u00f6\u011fretim \u00fcyesi<span class=\"excerpt-hellip\"> [\u2026]<\/span><\/p>\n","protected":false},"featured_media":0,"template":"","meta":{"_monsterinsights_skip_tracking":false,"_monsterinsights_sitenote_active":false,"_monsterinsights_sitenote_note":"","_monsterinsights_sitenote_category":0},"product_brand":[],"product_cat":[14841,13043],"product_tag":[],"class_list":{"0":"post-698037","1":"product","2":"type-product","3":"status-publish","5":"product_cat-arastirma-inceleme-kuram","6":"product_cat-ekonomi","7":"pa_cilt-ciltsiz","8":"pa_tur-kitap","9":"pa_yayinevi-siyasal-kitabevi-akademik-kitaplar","10":"pa_yazar-ali-oztekin","12":"first","13":"instock","14":"sale","15":"shipping-taxable","16":"purchasable","17":"product-type-simple"},"_links":{"self":[{"href":"https:\/\/roveyayinevi.com.tr\/index.php\/wp-json\/wp\/v2\/product\/698037","targetHints":{"allow":["GET"]}}],"collection":[{"href":"https:\/\/roveyayinevi.com.tr\/index.php\/wp-json\/wp\/v2\/product"}],"about":[{"href":"https:\/\/roveyayinevi.com.tr\/index.php\/wp-json\/wp\/v2\/types\/product"}],"wp:attachment":[{"href":"https:\/\/roveyayinevi.com.tr\/index.php\/wp-json\/wp\/v2\/media?parent=698037"}],"wp:term":[{"taxonomy":"product_brand","embeddable":true,"href":"https:\/\/roveyayinevi.com.tr\/index.php\/wp-json\/wp\/v2\/product_brand?post=698037"},{"taxonomy":"product_cat","embeddable":true,"href":"https:\/\/roveyayinevi.com.tr\/index.php\/wp-json\/wp\/v2\/product_cat?post=698037"},{"taxonomy":"product_tag","embeddable":true,"href":"https:\/\/roveyayinevi.com.tr\/index.php\/wp-json\/wp\/v2\/product_tag?post=698037"}],"curies":[{"name":"wp","href":"https:\/\/api.w.org\/{rel}","templated":true}]}}