{"id":698034,"date":"2025-08-27T14:43:06","date_gmt":"2025-08-27T11:43:06","guid":{"rendered":"https:\/\/roveyayinevi.com.tr\/index.php\/urun\/kizilelmanin-izinde\/"},"modified":"2026-04-16T02:07:44","modified_gmt":"2026-04-15T23:07:44","slug":"kizilelmanin-izinde","status":"publish","type":"product","link":"https:\/\/roveyayinevi.com.tr\/index.php\/urun\/kizilelmanin-izinde\/","title":{"rendered":"K\u0131z\u0131lelma&#8217;n\u0131n \u0130zinde"},"content":{"rendered":"<p>K\u0131z\u0131lelma\u2019n\u0131n ortaya \u00e7\u0131k\u0131\u015f\u0131 ve onunla ilgili ilk bilgiler \u00e7ok ama \u00e7ok eskilere dayan\u0131r. \u0130lk defa Altay da\u011flar\u0131 ile hazar g\u00f6l\u00fc aras\u0131nda g\u00f6sterilen, Turan Zemin denen yerde, yani T\u00fcrk Mitolojisinde K\u0131z\u0131lelma\u2019dan s\u00f6z edildi\u011fini tesbit edilebiliyoruz. \ufffcTan\u0131t\u0131m Metni<\/p>\n","protected":false},"excerpt":{"rendered":"<p>K\u0131z\u0131lelma\u2019n\u0131n ortaya \u00e7\u0131k\u0131\u015f\u0131 ve onunla ilgili ilk bilgiler \u00e7ok ama \u00e7ok eskilere dayan\u0131r. \u0130lk defa Altay da\u011flar\u0131 ile hazar g\u00f6l\u00fc aras\u0131nda g\u00f6sterilen, Turan Zemin denen yerde,<span class=\"excerpt-hellip\"> [\u2026]<\/span><\/p>\n","protected":false},"featured_media":0,"template":"","meta":{"_monsterinsights_skip_tracking":false,"_monsterinsights_sitenote_active":false,"_monsterinsights_sitenote_note":"","_monsterinsights_sitenote_category":0},"product_brand":[],"product_cat":[12304,13650],"product_tag":[],"class_list":{"0":"post-698034","1":"product","2":"type-product","3":"status-publish","5":"product_cat-tarih","6":"product_cat-turk-tarihi-arastirmalari","7":"pa_tur-kitap","8":"pa_yayinevi-otuken-nesriyat","9":"pa_yazar-necati-gultepe","11":"first","12":"instock","13":"sale","14":"shipping-taxable","15":"purchasable","16":"product-type-simple"},"_links":{"self":[{"href":"https:\/\/roveyayinevi.com.tr\/index.php\/wp-json\/wp\/v2\/product\/698034","targetHints":{"allow":["GET"]}}],"collection":[{"href":"https:\/\/roveyayinevi.com.tr\/index.php\/wp-json\/wp\/v2\/product"}],"about":[{"href":"https:\/\/roveyayinevi.com.tr\/index.php\/wp-json\/wp\/v2\/types\/product"}],"wp:attachment":[{"href":"https:\/\/roveyayinevi.com.tr\/index.php\/wp-json\/wp\/v2\/media?parent=698034"}],"wp:term":[{"taxonomy":"product_brand","embeddable":true,"href":"https:\/\/roveyayinevi.com.tr\/index.php\/wp-json\/wp\/v2\/product_brand?post=698034"},{"taxonomy":"product_cat","embeddable":true,"href":"https:\/\/roveyayinevi.com.tr\/index.php\/wp-json\/wp\/v2\/product_cat?post=698034"},{"taxonomy":"product_tag","embeddable":true,"href":"https:\/\/roveyayinevi.com.tr\/index.php\/wp-json\/wp\/v2\/product_tag?post=698034"}],"curies":[{"name":"wp","href":"https:\/\/api.w.org\/{rel}","templated":true}]}}