{"id":698029,"date":"2025-08-27T14:43:05","date_gmt":"2025-08-27T11:43:05","guid":{"rendered":"https:\/\/roveyayinevi.com.tr\/index.php\/urun\/makalat\/"},"modified":"2026-04-16T02:07:44","modified_gmt":"2026-04-15T23:07:44","slug":"makalat","status":"publish","type":"product","link":"https:\/\/roveyayinevi.com.tr\/index.php\/urun\/makalat\/","title":{"rendered":"Makalat"},"content":{"rendered":"<p>Mak\u00e2l\u00e2t kitab\u0131, \u015eems-i Tebriz\u00ee\u2019nin baz\u0131 meclislerdeki sohbetleri s\u0131ras\u0131nda Mevl\u00e2n\u00e2 ile konu\u015furken aralar\u0131nda ge\u00e7en bahislerin, m\u00fcridler ve inkarc\u0131lar taraf\u0131ndan sorulan sorulara verdi\u011fi cevaplar\u0131n derlemesiyle olu\u015fmu\u015ftur. Eser ayn\u0131 zamanda Mevl\u00e2n\u00e2\u2019n\u0131n \u00f6zel ya\u015fant\u0131s\u0131n\u0131, onun hayat hik\u00e2yesini kapsayan bir\u00e7ok gizli hat\u0131ralar\u0131 da bizim istifademize sunmaktad\u0131r.Mevl\u00e2n\u00e2\u2019n\u0131n \u015eems-i Tebriz\u00ee ile nas\u0131l bulu\u015ftu\u011funu anlatan ve o bulu\u015fman\u0131n efsanele\u015fmi\u015f y\u00f6nlerini, iyi bilinmeyen, sebepleri anla\u015f\u0131lmayan taraflar\u0131n\u0131 ayd\u0131nlatmak gayreti g\u00f6steren \u00e7ok say\u0131da eski ve yeni men\u00e2k\u0131b yazarlar\u0131 bu hik\u00e2yeleri ancak romantik bir k\u0131l\u0131kta uzun uzad\u0131ya nakletmeye \u00f6zenmi\u015flerdir. Mak\u00e2l\u00e2t kitab\u0131, bu gizli kalm\u0131\u015f konular \u00fczerindeki perdeyi kald\u0131rd\u0131\u011f\u0131 gibi Mevl\u00e2n\u00e2\u2019n\u0131n \u015eems\u2019e nas\u0131l tabi oldu\u011funa da bir dereceye kadar \u0131\u015f\u0131k tutmakta ve a\u00e7\u0131kl\u0131k getirmektedir.Kitap, herkes\u00e7e bilinen halin aksine olarak \u015eems-i Tebriz\u00ee\u2019nin \u00e7ok kesin g\u00f6r\u00fc\u015fl\u00fc bir bilgin ve bir hakikat a\u015f\u0131\u011f\u0131, m\u00fcr\u015fidlik mertebesine ermi\u015f arif bir yol g\u00f6sterici oldu\u011funu \u00f6\u011fretmektedir. \u0130\u015fte sadece bu nokta bile eserin \u00f6nemini belirtmeye yeter.<\/p>\n","protected":false},"excerpt":{"rendered":"<p>Mak\u00e2l\u00e2t kitab\u0131, \u015eems-i Tebriz\u00ee\u2019nin baz\u0131 meclislerdeki sohbetleri s\u0131ras\u0131nda Mevl\u00e2n\u00e2 ile konu\u015furken aralar\u0131nda ge\u00e7en bahislerin, m\u00fcridler ve inkarc\u0131lar taraf\u0131ndan sorulan sorulara verdi\u011fi cevaplar\u0131n derlemesiyle olu\u015fmu\u015ftur. Eser ayn\u0131<span class=\"excerpt-hellip\"> [\u2026]<\/span><\/p>\n","protected":false},"featured_media":0,"template":"","meta":{"_monsterinsights_skip_tracking":false,"_monsterinsights_sitenote_active":false,"_monsterinsights_sitenote_note":"","_monsterinsights_sitenote_category":0},"product_brand":[],"product_cat":[12718,12719,12720],"product_tag":[],"class_list":{"0":"post-698029","1":"product","2":"type-product","3":"status-publish","5":"product_cat-din","6":"product_cat-islam","7":"product_cat-tasavvuf-mezhepler-tarikatlar","8":"pa_cilt-ciltsiz","9":"pa_tur-kitap","10":"pa_yayinevi-atac-yayinlari","11":"pa_yazar-sems-i-tebrizi","13":"first","14":"instock","15":"sale","16":"shipping-taxable","17":"purchasable","18":"product-type-simple"},"_links":{"self":[{"href":"https:\/\/roveyayinevi.com.tr\/index.php\/wp-json\/wp\/v2\/product\/698029","targetHints":{"allow":["GET"]}}],"collection":[{"href":"https:\/\/roveyayinevi.com.tr\/index.php\/wp-json\/wp\/v2\/product"}],"about":[{"href":"https:\/\/roveyayinevi.com.tr\/index.php\/wp-json\/wp\/v2\/types\/product"}],"wp:attachment":[{"href":"https:\/\/roveyayinevi.com.tr\/index.php\/wp-json\/wp\/v2\/media?parent=698029"}],"wp:term":[{"taxonomy":"product_brand","embeddable":true,"href":"https:\/\/roveyayinevi.com.tr\/index.php\/wp-json\/wp\/v2\/product_brand?post=698029"},{"taxonomy":"product_cat","embeddable":true,"href":"https:\/\/roveyayinevi.com.tr\/index.php\/wp-json\/wp\/v2\/product_cat?post=698029"},{"taxonomy":"product_tag","embeddable":true,"href":"https:\/\/roveyayinevi.com.tr\/index.php\/wp-json\/wp\/v2\/product_tag?post=698029"}],"curies":[{"name":"wp","href":"https:\/\/api.w.org\/{rel}","templated":true}]}}