{"id":698028,"date":"2025-08-27T14:43:05","date_gmt":"2025-08-27T11:43:05","guid":{"rendered":"https:\/\/roveyayinevi.com.tr\/index.php\/urun\/anayasalarimizda-emekciler-ve-sendikalar\/"},"modified":"2026-04-16T02:07:44","modified_gmt":"2026-04-15T23:07:44","slug":"anayasalarimizda-emekciler-ve-sendikalar","status":"publish","type":"product","link":"https:\/\/roveyayinevi.com.tr\/index.php\/urun\/anayasalarimizda-emekciler-ve-sendikalar\/","title":{"rendered":"Anayasalar\u0131m\u0131zda Emek\u00e7iler ve Sendikalar"},"content":{"rendered":"<p>&#8211; Sendikal hak ve \u00f6zg\u00fcrl\u00fckleri d\u00fczenleyen hukuk metinleri: Anayasa, Yasalar, Kanun H\u00fckm\u00fcnde Kararnameler, T\u00fcz\u00fckler, Y\u00f6netmelikler, Bakanlar Kurulu Kararlar\u0131&#8230; <\/p>\n","protected":false},"excerpt":{"rendered":"<p>&#8211; Sendikal hak ve \u00f6zg\u00fcrl\u00fckleri d\u00fczenleyen hukuk metinleri: Anayasa, Yasalar, Kanun H\u00fckm\u00fcnde Kararnameler, T\u00fcz\u00fckler, Y\u00f6netmelikler, Bakanlar Kurulu Kararlar\u0131&#8230;<\/p>\n","protected":false},"featured_media":0,"template":"","meta":{"_monsterinsights_skip_tracking":false,"_monsterinsights_sitenote_active":false,"_monsterinsights_sitenote_note":"","_monsterinsights_sitenote_category":0},"product_brand":[],"product_cat":[13059,12337],"product_tag":[],"class_list":{"0":"post-698028","1":"product","2":"type-product","3":"status-publish","5":"product_cat-diger-politika-siyaset","6":"product_cat-politika-siyaset","7":"pa_tur-kitap","8":"pa_yayinevi-kaynak-yayinlari","9":"pa_yazar-yildirim-koc","11":"first","12":"instock","13":"sale","14":"shipping-taxable","15":"purchasable","16":"product-type-simple"},"_links":{"self":[{"href":"https:\/\/roveyayinevi.com.tr\/index.php\/wp-json\/wp\/v2\/product\/698028","targetHints":{"allow":["GET"]}}],"collection":[{"href":"https:\/\/roveyayinevi.com.tr\/index.php\/wp-json\/wp\/v2\/product"}],"about":[{"href":"https:\/\/roveyayinevi.com.tr\/index.php\/wp-json\/wp\/v2\/types\/product"}],"wp:attachment":[{"href":"https:\/\/roveyayinevi.com.tr\/index.php\/wp-json\/wp\/v2\/media?parent=698028"}],"wp:term":[{"taxonomy":"product_brand","embeddable":true,"href":"https:\/\/roveyayinevi.com.tr\/index.php\/wp-json\/wp\/v2\/product_brand?post=698028"},{"taxonomy":"product_cat","embeddable":true,"href":"https:\/\/roveyayinevi.com.tr\/index.php\/wp-json\/wp\/v2\/product_cat?post=698028"},{"taxonomy":"product_tag","embeddable":true,"href":"https:\/\/roveyayinevi.com.tr\/index.php\/wp-json\/wp\/v2\/product_tag?post=698028"}],"curies":[{"name":"wp","href":"https:\/\/api.w.org\/{rel}","templated":true}]}}