{"id":698027,"date":"2025-08-27T14:43:05","date_gmt":"2025-08-27T11:43:05","guid":{"rendered":"https:\/\/roveyayinevi.com.tr\/index.php\/urun\/golgelerin-efendisi-5-kuzeydeki-buyucu\/"},"modified":"2026-04-16T02:07:44","modified_gmt":"2026-04-15T23:07:44","slug":"golgelerin-efendisi-5-kuzeydeki-buyucu","status":"publish","type":"product","link":"https:\/\/roveyayinevi.com.tr\/index.php\/urun\/golgelerin-efendisi-5-kuzeydeki-buyucu\/","title":{"rendered":"G\u00f6lgelerin Efendisi 5 &#8211; Kuzeydeki B\u00fcy\u00fcc\u00fc"},"content":{"rendered":"<p>Skandiyal\u0131lar ile Araluenliler\u2019in yapt\u0131\u011f\u0131 antla\u015fman\u0131n \u00fczerinden be\u015f y\u0131l ge\u00e7mi\u015ftir. \u00c7\u0131rakl\u0131k g\u00fcnlerini geride b\u0131rakan Will, art\u0131k tam te\u00e7hizatl\u0131 bir Orman Muhaf\u0131z\u0131 olmu\u015ftur. Will\u2019in sorumlu oldu\u011fu eyalet \u00e7ok sakin bir yer gibi g\u00f6r\u00fcnmekle birlikte, bir s\u00fcre sonra tuhaf olaylar ba\u015fg\u00f6sterir. Kuzeydeki ba\u015fka bir eyalette, Lord Syron aniden gizemli bir hastal\u0131\u011fa yakalan\u0131r. Will, buna b\u00fcy\u00fcc\u00fcl\u00fc\u011f\u00fcn neden oldu\u011fu iddialar\u0131n\u0131 ara\u015ft\u0131r\u0131rken, eski arkada\u015f\u0131 Alyss ile yeni ve tehlikeli bir maceraya at\u0131l\u0131r. Alyss rehin al\u0131n\u0131nca, Will, arkada\u015f\u0131yla g\u00f6revi aras\u0131nda zor bir se\u00e7im yapmak zorunda kalacakt\u0131r.<\/p>\n","protected":false},"excerpt":{"rendered":"<p>Skandiyal\u0131lar ile Araluenliler\u2019in yapt\u0131\u011f\u0131 antla\u015fman\u0131n \u00fczerinden be\u015f y\u0131l ge\u00e7mi\u015ftir. \u00c7\u0131rakl\u0131k g\u00fcnlerini geride b\u0131rakan Will, art\u0131k tam te\u00e7hizatl\u0131 bir Orman Muhaf\u0131z\u0131 olmu\u015ftur. Will\u2019in sorumlu oldu\u011fu eyalet \u00e7ok<span class=\"excerpt-hellip\"> [\u2026]<\/span><\/p>\n","protected":false},"featured_media":0,"template":"","meta":{"_monsterinsights_skip_tracking":false,"_monsterinsights_sitenote_active":false,"_monsterinsights_sitenote_note":"","_monsterinsights_sitenote_category":0},"product_brand":[],"product_cat":[12275,12274],"product_tag":[],"class_list":{"0":"post-698027","1":"product","2":"type-product","3":"status-publish","5":"product_cat-6-12-yas-kitaplari","6":"product_cat-cocuk-ve-genclik-kitaplari","7":"pa_cilt-ciltsiz","8":"pa_tur-kitap","9":"pa_yayinevi-beyaz-balina-yayinlari","10":"pa_yazar-john-flanagan","12":"first","13":"instock","14":"sale","15":"shipping-taxable","16":"purchasable","17":"product-type-simple"},"_links":{"self":[{"href":"https:\/\/roveyayinevi.com.tr\/index.php\/wp-json\/wp\/v2\/product\/698027","targetHints":{"allow":["GET"]}}],"collection":[{"href":"https:\/\/roveyayinevi.com.tr\/index.php\/wp-json\/wp\/v2\/product"}],"about":[{"href":"https:\/\/roveyayinevi.com.tr\/index.php\/wp-json\/wp\/v2\/types\/product"}],"wp:attachment":[{"href":"https:\/\/roveyayinevi.com.tr\/index.php\/wp-json\/wp\/v2\/media?parent=698027"}],"wp:term":[{"taxonomy":"product_brand","embeddable":true,"href":"https:\/\/roveyayinevi.com.tr\/index.php\/wp-json\/wp\/v2\/product_brand?post=698027"},{"taxonomy":"product_cat","embeddable":true,"href":"https:\/\/roveyayinevi.com.tr\/index.php\/wp-json\/wp\/v2\/product_cat?post=698027"},{"taxonomy":"product_tag","embeddable":true,"href":"https:\/\/roveyayinevi.com.tr\/index.php\/wp-json\/wp\/v2\/product_tag?post=698027"}],"curies":[{"name":"wp","href":"https:\/\/api.w.org\/{rel}","templated":true}]}}