{"id":698026,"date":"2025-08-27T14:43:04","date_gmt":"2025-08-27T11:43:04","guid":{"rendered":"https:\/\/roveyayinevi.com.tr\/index.php\/urun\/dil-illuzyonlari\/"},"modified":"2026-04-16T02:07:44","modified_gmt":"2026-04-15T23:07:44","slug":"dil-illuzyonlari","status":"publish","type":"product","link":"https:\/\/roveyayinevi.com.tr\/index.php\/urun\/dil-illuzyonlari\/","title":{"rendered":"Dil \u0130ll\u00fczyonlar\u0131"},"content":{"rendered":"<p>\u015eu anda bu sat\u0131rlar\u0131 okudu\u011funuza g\u00f6re sizi bir merak sarm\u0131\u015f olmal\u0131. Ben bu merak\u0131 &#8216;ya\u015fam\u0131mda neler m\u00fcmk\u00fcn?&#8217; sorusuyla tan\u0131ml\u0131yorum. Bu kitap, merakla ya\u015fama bakarken size bir \u0131\u015f\u0131k tutabilmesi i\u00e7in yay\u0131na haz\u0131rland\u0131. Sayfalar\u0131 kar\u0131\u015ft\u0131r\u0131rken pek \u00e7ok ara\u00e7la kar\u015f\u0131la\u015facaks\u0131n\u0131z. Ya\u015fam haritalar\u0131n\u0131z\u0131 zenginle\u015ftirebilmeniz i\u00e7in \u00e7e\u015fitli yakla\u015f\u0131mlar ve y\u00f6ntemler bulacaks\u0131n\u0131z. Onlar\u0131 okuyup kulland\u0131\u011f\u0131n\u0131zda yeni fark\u0131ndal\u0131klara ula\u015facaks\u0131n\u0131z. Se\u00e7enekleriniz artacak ve zamanla ya\u015fam\u0131n\u0131z\u0131 istedi\u011finiz \u015fekilde ya\u015famak i\u00e7in daha da ustala\u015facaks\u0131n\u0131z. Ya\u015famdaki gizemin sizi merak uyand\u0131rmaya devam etmesi dile\u011fiyle. \ufffcTan\u0131t\u0131m Metni<\/p>\n","protected":false},"excerpt":{"rendered":"<p>\u015eu anda bu sat\u0131rlar\u0131 okudu\u011funuza g\u00f6re sizi bir merak sarm\u0131\u015f olmal\u0131. Ben bu merak\u0131 &#8216;ya\u015fam\u0131mda neler m\u00fcmk\u00fcn?&#8217; sorusuyla tan\u0131ml\u0131yorum. Bu kitap, merakla ya\u015fama bakarken size bir<span class=\"excerpt-hellip\"> [\u2026]<\/span><\/p>\n","protected":false},"featured_media":0,"template":"","meta":{"_monsterinsights_skip_tracking":false,"_monsterinsights_sitenote_active":false,"_monsterinsights_sitenote_note":"","_monsterinsights_sitenote_category":0},"product_brand":[],"product_cat":[12364],"product_tag":[],"class_list":{"0":"post-698026","1":"product","2":"type-product","3":"status-publish","5":"product_cat-genel-konular","6":"pa_cilt-ciltsiz","7":"pa_tur-kitap","8":"pa_yayinevi-is-bankasi-kultur-yayinlari","9":"pa_yazar-robert-dilts","11":"first","12":"instock","13":"sale","14":"shipping-taxable","15":"purchasable","16":"product-type-simple"},"_links":{"self":[{"href":"https:\/\/roveyayinevi.com.tr\/index.php\/wp-json\/wp\/v2\/product\/698026","targetHints":{"allow":["GET"]}}],"collection":[{"href":"https:\/\/roveyayinevi.com.tr\/index.php\/wp-json\/wp\/v2\/product"}],"about":[{"href":"https:\/\/roveyayinevi.com.tr\/index.php\/wp-json\/wp\/v2\/types\/product"}],"wp:attachment":[{"href":"https:\/\/roveyayinevi.com.tr\/index.php\/wp-json\/wp\/v2\/media?parent=698026"}],"wp:term":[{"taxonomy":"product_brand","embeddable":true,"href":"https:\/\/roveyayinevi.com.tr\/index.php\/wp-json\/wp\/v2\/product_brand?post=698026"},{"taxonomy":"product_cat","embeddable":true,"href":"https:\/\/roveyayinevi.com.tr\/index.php\/wp-json\/wp\/v2\/product_cat?post=698026"},{"taxonomy":"product_tag","embeddable":true,"href":"https:\/\/roveyayinevi.com.tr\/index.php\/wp-json\/wp\/v2\/product_tag?post=698026"}],"curies":[{"name":"wp","href":"https:\/\/api.w.org\/{rel}","templated":true}]}}