{"id":698023,"date":"2025-08-27T14:43:04","date_gmt":"2025-08-27T11:43:04","guid":{"rendered":"https:\/\/roveyayinevi.com.tr\/index.php\/urun\/kizlari-kiz-gibi-erkekleri-erkek-gibi-yetistirmek\/"},"modified":"2026-04-16T02:07:44","modified_gmt":"2026-04-15T23:07:44","slug":"kizlari-kiz-gibi-erkekleri-erkek-gibi-yetistirmek","status":"publish","type":"product","link":"https:\/\/roveyayinevi.com.tr\/index.php\/urun\/kizlari-kiz-gibi-erkekleri-erkek-gibi-yetistirmek\/","title":{"rendered":"K\u0131zlar\u0131 K\u0131z Gibi Erkekleri Erkek Gibi Yeti\u015ftirmek"},"content":{"rendered":"<p>Bu kitap, kad\u0131n ve erke\u011fi kendi yarad\u0131l\u0131\u015f\u0131ndan uzakla\u015ft\u0131rmadan yeti\u015ftimenin m\u00fcmk\u00fcn ve gerekli oldu\u011fu inanc\u0131yla yaz\u0131ld\u0131&#8230; K\u00fc\u00e7\u00fck ya\u015flardan itibaren f\u0131trat\u0131na sad\u0131k kal\u0131narak b\u00fcy\u00fct\u00fclen \u00e7ocuklar, ruh sa\u011fl\u0131\u011f\u0131 a\u00e7\u0131s\u0131ndan daha avantajl\u0131 olmaktad\u0131r. Yarat\u0131l\u0131\u015f\u0131ndaki \u00f6zellikler deforme edilerek b\u00fcy\u00fct\u00fclmeye \u00e7al\u0131\u015f\u0131ld\u0131\u011f\u0131nda durum ne aileyi ne de \u00e7ocu\u011fu mutlu etmektedir. <\/p>\n","protected":false},"excerpt":{"rendered":"<p>Bu kitap, kad\u0131n ve erke\u011fi kendi yarad\u0131l\u0131\u015f\u0131ndan uzakla\u015ft\u0131rmadan yeti\u015ftimenin m\u00fcmk\u00fcn ve gerekli oldu\u011fu inanc\u0131yla yaz\u0131ld\u0131&#8230; K\u00fc\u00e7\u00fck ya\u015flardan itibaren f\u0131trat\u0131na sad\u0131k kal\u0131narak b\u00fcy\u00fct\u00fclen \u00e7ocuklar, ruh sa\u011fl\u0131\u011f\u0131 a\u00e7\u0131s\u0131ndan<span class=\"excerpt-hellip\"> [\u2026]<\/span><\/p>\n","protected":false},"featured_media":0,"template":"","meta":{"_monsterinsights_skip_tracking":false,"_monsterinsights_sitenote_active":false,"_monsterinsights_sitenote_note":"","_monsterinsights_sitenote_category":0},"product_brand":[],"product_cat":[12831,12324],"product_tag":[],"class_list":{"0":"post-698023","1":"product","2":"type-product","3":"status-publish","5":"product_cat-aile-ve-cocuk","6":"product_cat-sosyoloji","7":"pa_cilt-ciltsiz","8":"pa_tur-kitap","9":"pa_yayinevi-zafer-yayinlari","10":"pa_yazar-banu-yasar","12":"first","13":"instock","14":"sale","15":"shipping-taxable","16":"purchasable","17":"product-type-simple"},"_links":{"self":[{"href":"https:\/\/roveyayinevi.com.tr\/index.php\/wp-json\/wp\/v2\/product\/698023","targetHints":{"allow":["GET"]}}],"collection":[{"href":"https:\/\/roveyayinevi.com.tr\/index.php\/wp-json\/wp\/v2\/product"}],"about":[{"href":"https:\/\/roveyayinevi.com.tr\/index.php\/wp-json\/wp\/v2\/types\/product"}],"wp:attachment":[{"href":"https:\/\/roveyayinevi.com.tr\/index.php\/wp-json\/wp\/v2\/media?parent=698023"}],"wp:term":[{"taxonomy":"product_brand","embeddable":true,"href":"https:\/\/roveyayinevi.com.tr\/index.php\/wp-json\/wp\/v2\/product_brand?post=698023"},{"taxonomy":"product_cat","embeddable":true,"href":"https:\/\/roveyayinevi.com.tr\/index.php\/wp-json\/wp\/v2\/product_cat?post=698023"},{"taxonomy":"product_tag","embeddable":true,"href":"https:\/\/roveyayinevi.com.tr\/index.php\/wp-json\/wp\/v2\/product_tag?post=698023"}],"curies":[{"name":"wp","href":"https:\/\/api.w.org\/{rel}","templated":true}]}}