{"id":698018,"date":"2025-08-27T14:43:02","date_gmt":"2025-08-27T11:43:02","guid":{"rendered":"https:\/\/roveyayinevi.com.tr\/index.php\/urun\/bir-bugday-tanesi\/"},"modified":"2026-04-16T02:07:44","modified_gmt":"2026-04-15T23:07:44","slug":"bir-bugday-tanesi","status":"publish","type":"product","link":"https:\/\/roveyayinevi.com.tr\/index.php\/urun\/bir-bugday-tanesi\/","title":{"rendered":"Bir Bu\u011fday Tanesi"},"content":{"rendered":"<p>&#8220;Bug\u00fcnler i\u00e7in kan d\u00f6k\u00fcld\u00fc. Barakalar\u0131m\u0131zdaki lekeler kurbanl\u0131k ko\u00e7lardan akan kan\u0131n de\u011fil, biz ya\u015fayal\u0131m diye \u00f6len o\u011fullar\u0131m\u0131z\u0131n ve k\u0131zlar\u0131m\u0131z\u0131n damarlar\u0131ndan akan kan\u0131n lekesidir.&#8221;  Bir Bu\u011fday Tanesi, Kenya&#8217;da 1952-1960 y\u0131llar\u0131 aras\u0131nda ilan edilen ola\u011fan\u00fcst\u00fc halle i\u00e7 i\u00e7e ge\u00e7en ya\u015famlar\u0131 anlat\u0131rken, Kenya&#8217;n\u0131n ba\u011f\u0131ms\u0131zl\u0131k m\u00fccadelesini tarihsel ger\u00e7ekler \u0131\u015f\u0131\u011f\u0131nda ortaya koyuyor. Cesaret ve korkunun, ba\u011fl\u0131l\u0131k ve ihanetin, beyaz g\u00fc\u00e7 ve siyah direni\u015fin kar\u015f\u0131 kar\u015f\u0131ya geldi\u011fi incelikle \u00f6r\u00fclm\u00fc\u015f hik\u00e2yelerde kurgu ve ger\u00e7eklik el ele y\u00fcr\u00fcyor. Afrika edebiyat\u0131n\u0131n en \u00f6nemli isimlerinden Ngugi wa Thiong&#8217;o&#8217;nun 1967&#8217;de yay\u0131mlanm\u0131\u015f bu roman\u0131, tevkif kamplar\u0131na g\u00f6nderilenleri, beyazadamla sava\u015fmak i\u00e7in ormana gidenleri, OHAL&#8217;i, kendi \u00f6zg\u00fcrl\u00fck m\u00fccadelesine ihanet edenleri, s\u00f6m\u00fcr\u00fcleni, s\u00f6m\u00fcreni, zul\u00fcmle, yoksullukla ve a\u00e7l\u0131kla sava\u015fan, hayatta kalmak i\u00e7in direnen halk\u0131 anlat\u0131rken, 1963&#8217;te gelen ba\u011f\u0131ms\u0131zl\u0131kla birlikte kazan\u0131lanlar\u0131 ve kaybedilenleri de sorguluyor. &#8220;Joseph Conrad&#8217;\u0131n bir devrim ve ihanet roman\u0131 olan Bat\u0131l\u0131 G\u00f6zler Alt\u0131nda&#8217;s\u0131n\u0131 model alan Bir Bu\u011fday Tanesi, dili, i\u00e7eri\u011fi ve vizyonu tarih, mek\u00e2n, devrim ve ahlak hakk\u0131ndaki teredd\u00fctler taraf\u0131ndan \u015fekillenen modernist romanlar listesinde yerini al\u0131yor. Bir Bu\u011fday Tanesi ayr\u0131ca, i\u00e7eri\u011findeki ironinin bask\u0131nl\u0131\u011f\u0131yla hem i\u00e7selle\u015ftirip hem tersy\u00fcz eden edeb\u00ee y\u00fcksek modernizm tarz\u0131na yak\u0131nl\u0131\u011f\u0131 da dikkat \u00e7ekici (&#8230;) Bir Bu\u011fday Tanesi&#8217;nin ba\u015far\u0131s\u0131 Ngugi&#8217;nin s\u00f6m\u00fcrgecilik sonras\u0131 Afrika&#8217;daki de\u011fi\u015fim politikas\u0131n\u0131 anlatmak i\u00e7in modernist forma ustaca konu\u015flan\u0131\u015f\u0131na ba\u011flanabilir.&#8221;  -Simon Gikandi, Princeton \u00dcniversitesi, 2008- <\/p>\n","protected":false},"excerpt":{"rendered":"<p>&#8220;Bug\u00fcnler i\u00e7in kan d\u00f6k\u00fcld\u00fc. Barakalar\u0131m\u0131zdaki lekeler kurbanl\u0131k ko\u00e7lardan akan kan\u0131n de\u011fil, biz ya\u015fayal\u0131m diye \u00f6len o\u011fullar\u0131m\u0131z\u0131n ve k\u0131zlar\u0131m\u0131z\u0131n damarlar\u0131ndan akan kan\u0131n lekesidir.&#8221; Bir Bu\u011fday Tanesi, Kenya&#8217;da<span class=\"excerpt-hellip\"> [\u2026]<\/span><\/p>\n","protected":false},"featured_media":0,"template":"","meta":{"_monsterinsights_skip_tracking":false,"_monsterinsights_sitenote_active":false,"_monsterinsights_sitenote_note":"","_monsterinsights_sitenote_category":0},"product_brand":[],"product_cat":[12291,12745],"product_tag":[],"class_list":{"0":"post-698018","1":"product","2":"type-product","3":"status-publish","5":"product_cat-edebiyat","6":"product_cat-tarihi-roman","7":"pa_cilt-ciltsiz","8":"pa_tur-kitap","9":"pa_yayinevi-ayrinti-yayinlari","10":"pa_yazar-ngugi-wa-thiongo","12":"first","13":"instock","14":"sale","15":"shipping-taxable","16":"purchasable","17":"product-type-simple"},"_links":{"self":[{"href":"https:\/\/roveyayinevi.com.tr\/index.php\/wp-json\/wp\/v2\/product\/698018","targetHints":{"allow":["GET"]}}],"collection":[{"href":"https:\/\/roveyayinevi.com.tr\/index.php\/wp-json\/wp\/v2\/product"}],"about":[{"href":"https:\/\/roveyayinevi.com.tr\/index.php\/wp-json\/wp\/v2\/types\/product"}],"wp:attachment":[{"href":"https:\/\/roveyayinevi.com.tr\/index.php\/wp-json\/wp\/v2\/media?parent=698018"}],"wp:term":[{"taxonomy":"product_brand","embeddable":true,"href":"https:\/\/roveyayinevi.com.tr\/index.php\/wp-json\/wp\/v2\/product_brand?post=698018"},{"taxonomy":"product_cat","embeddable":true,"href":"https:\/\/roveyayinevi.com.tr\/index.php\/wp-json\/wp\/v2\/product_cat?post=698018"},{"taxonomy":"product_tag","embeddable":true,"href":"https:\/\/roveyayinevi.com.tr\/index.php\/wp-json\/wp\/v2\/product_tag?post=698018"}],"curies":[{"name":"wp","href":"https:\/\/api.w.org\/{rel}","templated":true}]}}