{"id":698011,"date":"2025-08-27T14:43:00","date_gmt":"2025-08-27T11:43:00","guid":{"rendered":"https:\/\/roveyayinevi.com.tr\/index.php\/urun\/farsca-turkce-sozluk-kucuk-boy\/"},"modified":"2026-04-16T02:07:28","modified_gmt":"2026-04-15T23:07:28","slug":"farsca-turkce-sozluk-kucuk-boy","status":"publish","type":"product","link":"https:\/\/roveyayinevi.com.tr\/index.php\/urun\/farsca-turkce-sozluk-kucuk-boy\/","title":{"rendered":"Fars\u00e7a-T\u00fcrk\u00e7e S\u00f6zl\u00fck (K\u00fc\u00e7\u00fck Boy)"},"content":{"rendered":"<p>Fars\u00e7a-T\u00fcrk\u00e7e S\u00f6zl\u00fck (K\u00fc\u00e7\u00fck Boy) \ufffc<\/p>\n","protected":false},"excerpt":{"rendered":"<p>Fars\u00e7a-T\u00fcrk\u00e7e S\u00f6zl\u00fck (K\u00fc\u00e7\u00fck Boy) \ufffc<\/p>\n","protected":false},"featured_media":0,"template":"","meta":{"_monsterinsights_skip_tracking":false,"_monsterinsights_sitenote_active":false,"_monsterinsights_sitenote_note":"","_monsterinsights_sitenote_category":0},"product_brand":[],"product_cat":[12566,21319,13611],"product_tag":[],"class_list":{"0":"post-698011","1":"product","2":"type-product","3":"status-publish","5":"product_cat-egitim","6":"product_cat-farsca-sozlukler","7":"product_cat-sozlukler-ve-konusma-kilavuzlari","8":"pa_cilt-ciltsiz","9":"pa_tur-kitap","10":"pa_yayinevi-say-yayinlari","11":"pa_yazar-mehmet-kanar","13":"first","14":"instock","15":"sale","16":"shipping-taxable","17":"purchasable","18":"product-type-simple"},"_links":{"self":[{"href":"https:\/\/roveyayinevi.com.tr\/index.php\/wp-json\/wp\/v2\/product\/698011","targetHints":{"allow":["GET"]}}],"collection":[{"href":"https:\/\/roveyayinevi.com.tr\/index.php\/wp-json\/wp\/v2\/product"}],"about":[{"href":"https:\/\/roveyayinevi.com.tr\/index.php\/wp-json\/wp\/v2\/types\/product"}],"wp:attachment":[{"href":"https:\/\/roveyayinevi.com.tr\/index.php\/wp-json\/wp\/v2\/media?parent=698011"}],"wp:term":[{"taxonomy":"product_brand","embeddable":true,"href":"https:\/\/roveyayinevi.com.tr\/index.php\/wp-json\/wp\/v2\/product_brand?post=698011"},{"taxonomy":"product_cat","embeddable":true,"href":"https:\/\/roveyayinevi.com.tr\/index.php\/wp-json\/wp\/v2\/product_cat?post=698011"},{"taxonomy":"product_tag","embeddable":true,"href":"https:\/\/roveyayinevi.com.tr\/index.php\/wp-json\/wp\/v2\/product_tag?post=698011"}],"curies":[{"name":"wp","href":"https:\/\/api.w.org\/{rel}","templated":true}]}}