{"id":698002,"date":"2025-08-27T14:42:58","date_gmt":"2025-08-27T11:42:58","guid":{"rendered":"https:\/\/roveyayinevi.com.tr\/index.php\/urun\/gurultuden-muzige-muzigin-ekonomi-politigi-uzerine\/"},"modified":"2026-04-16T02:07:28","modified_gmt":"2026-04-15T23:07:28","slug":"gurultuden-muzige-muzigin-ekonomi-politigi-uzerine","status":"publish","type":"product","link":"https:\/\/roveyayinevi.com.tr\/index.php\/urun\/gurultuden-muzige-muzigin-ekonomi-politigi-uzerine\/","title":{"rendered":"G\u00fcr\u00fclt\u00fcden M\u00fczi\u011fe M\u00fczi\u011fin Ekonomi &#8211; Politi\u011fi \u00dczerine"},"content":{"rendered":"<p>\u00d6nce kaos vard\u0131\u2026 Ve g\u00fcr\u00fclt\u00fcler\u2026Jacques Attali bu g\u00f6zlemden yola \u00e7\u0131karak m\u00fczi\u011fin ekonomi-politi\u011fini inceliyor ve \u015fu sonuca var\u0131yor: M\u00fczik ileriyi g\u00f6r\u00fcr.\u0130lk\u00e7a\u011flardan ba\u015flayarak toplum, iktidar ve m\u00fczik aras\u0131ndaki ba\u011flar\u0131 ele alan Attali, bu kitab\u0131nda m\u00fczi\u011fin, kurban ayinlerinden saraya, isyanlardan uzla\u015fmalara, iktidardan ekonomiye uzanan b\u00fct\u00fcn tezah\u00fcrlerini inceliyor. G\u00fcr\u00fclt\u00fcn\u00fcn bir silah, m\u00fczi\u011finse onun bi\u00e7im verilmi\u015fi, evcille\u015ftirilmi\u015fi oldu\u011funu g\u00f6sterirken, d\u00fcnyan\u0131n g\u00fcr\u00fclt\u00fclerine kulak vermenin, gelece\u011fi g\u00f6rmemize ve d\u00fczenlememize yard\u0131mc\u0131 olaca\u011f\u0131n\u0131 ileri s\u00fcr\u00fcyor. Attali\u2019ye g\u00f6re gramofonun icad\u0131 gibi yenilikler, insanlar\u0131n yerini makinelerin alaca\u011f\u0131n\u0131 ve her \u015feyin seri olarak kopyalanaca\u011f\u0131n\u0131 bildirmi\u015fti; kay\u0131t teknolojisi ise t\u00fcketim toplumunu\u2026Ard\u0131ndan gen\u00e7li\u011fin isyan\u0131 ve diktat\u00f6rl\u00fc\u011f\u00fc geldi. M\u00fczik art\u0131k ebeveynlerinden k\u00fclt\u00fcrel ve ekonomik ba\u011flar\u0131n\u0131 gitgide daha erken ya\u015fta koparan gen\u00e7lerin b\u00fct\u00fcnle\u015fme, grubunu belirleme arac\u0131yd\u0131.M\u00fczik eserlerine de\u011fer bi\u00e7en hit-parade\u2019lar eserleri oldu\u011fu kadar t\u00fcketicileri de bi\u00e7imlendirir. M\u00fczik art\u0131k yaln\u0131zca ki\u015fisel bir keyif arac\u0131 de\u011fil, ayn\u0131 zamanda bir gruba ait oldu\u011funu tasdik etme yolu ve gen\u00e7ler aras\u0131nda evrensel bir ba\u011fd\u0131r. Y\u0131ld\u0131zlar \u201cyamyam\u201d bir toplumda daha u\u00e7ucu hale gelmekte ve bu y\u0131ld\u0131zlar\u0131n kar\u015f\u0131s\u0131nda gen\u00e7ler hem t\u00fcketim mal\u0131 hem de t\u00fcketici olmaktad\u0131r.Attali, t\u00fcm bunlar\u0131n \u00f6tesinde, dinlemenin yerini m\u00fczik yapma zevkinin alabilece\u011fi ve herkesin kendi m\u00fczi\u011fini yaratabilece\u011fi bir d\u00fcnyan\u0131n tasla\u011f\u0131n\u0131 \u00e7iziyor. Belki de ufukta \u201cHerkesin kendini ke\u015ffetmeyi, kendini sevmeyi \u00f6\u011frenece\u011fi, sonra da ba\u015fkalar\u0131 taraf\u0131ndan ke\u015ffedilmekten ve kar\u015f\u0131l\u0131\u011f\u0131nda hi\u00e7bir \u015fey beklemeden vermekten zevk alaca\u011f\u0131 bir toplum\u201d var. Kim bilir? <\/p>\n","protected":false},"excerpt":{"rendered":"<p>\u00d6nce kaos vard\u0131\u2026 Ve g\u00fcr\u00fclt\u00fcler\u2026Jacques Attali bu g\u00f6zlemden yola \u00e7\u0131karak m\u00fczi\u011fin ekonomi-politi\u011fini inceliyor ve \u015fu sonuca var\u0131yor: M\u00fczik ileriyi g\u00f6r\u00fcr.\u0130lk\u00e7a\u011flardan ba\u015flayarak toplum, iktidar ve m\u00fczik aras\u0131ndaki<span class=\"excerpt-hellip\"> [\u2026]<\/span><\/p>\n","protected":false},"featured_media":0,"template":"","meta":{"_monsterinsights_skip_tracking":false,"_monsterinsights_sitenote_active":false,"_monsterinsights_sitenote_note":"","_monsterinsights_sitenote_category":0},"product_brand":[],"product_cat":[14591,14556],"product_tag":[],"class_list":{"0":"post-698002","1":"product","2":"type-product","3":"status-publish","5":"product_cat-genel-kavramlar-kuram-ve-tarihce","6":"product_cat-muzik","7":"pa_cilt-ciltsiz","8":"pa_tur-kitap","9":"pa_yayinevi-ayrinti-yayinlari","10":"pa_yazar-jacques-attali","12":"first","13":"instock","14":"sale","15":"shipping-taxable","16":"purchasable","17":"product-type-simple"},"_links":{"self":[{"href":"https:\/\/roveyayinevi.com.tr\/index.php\/wp-json\/wp\/v2\/product\/698002","targetHints":{"allow":["GET"]}}],"collection":[{"href":"https:\/\/roveyayinevi.com.tr\/index.php\/wp-json\/wp\/v2\/product"}],"about":[{"href":"https:\/\/roveyayinevi.com.tr\/index.php\/wp-json\/wp\/v2\/types\/product"}],"wp:attachment":[{"href":"https:\/\/roveyayinevi.com.tr\/index.php\/wp-json\/wp\/v2\/media?parent=698002"}],"wp:term":[{"taxonomy":"product_brand","embeddable":true,"href":"https:\/\/roveyayinevi.com.tr\/index.php\/wp-json\/wp\/v2\/product_brand?post=698002"},{"taxonomy":"product_cat","embeddable":true,"href":"https:\/\/roveyayinevi.com.tr\/index.php\/wp-json\/wp\/v2\/product_cat?post=698002"},{"taxonomy":"product_tag","embeddable":true,"href":"https:\/\/roveyayinevi.com.tr\/index.php\/wp-json\/wp\/v2\/product_tag?post=698002"}],"curies":[{"name":"wp","href":"https:\/\/api.w.org\/{rel}","templated":true}]}}