{"id":697994,"date":"2025-08-27T14:42:56","date_gmt":"2025-08-27T11:42:56","guid":{"rendered":"https:\/\/roveyayinevi.com.tr\/index.php\/urun\/dunyada-cinsiyet-esitligi\/"},"modified":"2026-04-16T02:07:28","modified_gmt":"2026-04-15T23:07:28","slug":"dunyada-cinsiyet-esitligi","status":"publish","type":"product","link":"https:\/\/roveyayinevi.com.tr\/index.php\/urun\/dunyada-cinsiyet-esitligi\/","title":{"rendered":"D\u00fcnyada Cinsiyet E\u015fitli\u011fi"},"content":{"rendered":"<p>Elinizdeki yay\u0131n, \u0130\u015f D\u00fcnyas\u0131 dergisinde 1999-2006 y\u0131llar\u0131nda yay\u0131nlanm\u0131\u015f makalelerden yap\u0131lan bir derlemedir. Makaleler Estonya\u2019da i\u015f arayan kad\u0131nlar\u0131n kar\u015f\u0131la\u015ft\u0131klar\u0131 zorluklardan, Tanzanya Birle\u015fik Cumhuriyeti\u2019nde cinsiyet e\u015fitli\u011fine getirilen yenilik\u00e7i ya\u015fam d\u00f6ng\u00fcs\u00fc yakla\u015f\u0131m\u0131na, oradan Norve\u00e7\u2019teki ilerici babal\u0131k izni politikalar\u0131na kadar uzanan bir kapsamdad\u0131r. Okuyucunun, se\u00e7imleri hem ilgin\u00e7 hem de ilham verici bulaca\u011f\u0131 umulmaktad\u0131r. Hepsinden de \u00f6nemlisi, makalelerden pek \u00e7o\u011funun herhangi bir yerde taklit edilebilecek ba\u015far\u0131l\u0131 cinsiyet e\u015fitli\u011fi giri\u015fimleri i\u00e7ermesidir. Yay\u0131n, bu y\u00f6n\u00fcyle bilgi payla\u015f\u0131m\u0131 a\u00e7\u0131s\u0131ndan \u00f6nemli bir ara\u00e7 haline gelmektedir. \ufffcTan\u0131t\u0131m Metni<\/p>\n","protected":false},"excerpt":{"rendered":"<p>Elinizdeki yay\u0131n, \u0130\u015f D\u00fcnyas\u0131 dergisinde 1999-2006 y\u0131llar\u0131nda yay\u0131nlanm\u0131\u015f makalelerden yap\u0131lan bir derlemedir. Makaleler Estonya\u2019da i\u015f arayan kad\u0131nlar\u0131n kar\u015f\u0131la\u015ft\u0131klar\u0131 zorluklardan, Tanzanya Birle\u015fik Cumhuriyeti\u2019nde cinsiyet e\u015fitli\u011fine getirilen yenilik\u00e7i<span class=\"excerpt-hellip\"> [\u2026]<\/span><\/p>\n","protected":false},"featured_media":0,"template":"","meta":{"_monsterinsights_skip_tracking":false,"_monsterinsights_sitenote_active":false,"_monsterinsights_sitenote_note":"","_monsterinsights_sitenote_category":0},"product_brand":[],"product_cat":[12365,12364],"product_tag":[],"class_list":{"0":"post-697994","1":"product","2":"type-product","3":"status-publish","5":"product_cat-diger-genel-konular","6":"product_cat-genel-konular","7":"pa_tur-kitap","8":"pa_yayinevi-efil-yayinevi","9":"pa_yazar-omer-faruk-colak","11":"first","12":"instock","13":"sale","14":"shipping-taxable","15":"purchasable","16":"product-type-simple"},"_links":{"self":[{"href":"https:\/\/roveyayinevi.com.tr\/index.php\/wp-json\/wp\/v2\/product\/697994","targetHints":{"allow":["GET"]}}],"collection":[{"href":"https:\/\/roveyayinevi.com.tr\/index.php\/wp-json\/wp\/v2\/product"}],"about":[{"href":"https:\/\/roveyayinevi.com.tr\/index.php\/wp-json\/wp\/v2\/types\/product"}],"wp:attachment":[{"href":"https:\/\/roveyayinevi.com.tr\/index.php\/wp-json\/wp\/v2\/media?parent=697994"}],"wp:term":[{"taxonomy":"product_brand","embeddable":true,"href":"https:\/\/roveyayinevi.com.tr\/index.php\/wp-json\/wp\/v2\/product_brand?post=697994"},{"taxonomy":"product_cat","embeddable":true,"href":"https:\/\/roveyayinevi.com.tr\/index.php\/wp-json\/wp\/v2\/product_cat?post=697994"},{"taxonomy":"product_tag","embeddable":true,"href":"https:\/\/roveyayinevi.com.tr\/index.php\/wp-json\/wp\/v2\/product_tag?post=697994"}],"curies":[{"name":"wp","href":"https:\/\/api.w.org\/{rel}","templated":true}]}}