{"id":697992,"date":"2025-08-27T14:42:55","date_gmt":"2025-08-27T11:42:55","guid":{"rendered":"https:\/\/roveyayinevi.com.tr\/index.php\/urun\/egitim-felsefesi-2\/"},"modified":"2026-04-16T02:07:28","modified_gmt":"2026-04-15T23:07:28","slug":"egitim-felsefesi-2","status":"publish","type":"product","link":"https:\/\/roveyayinevi.com.tr\/index.php\/urun\/egitim-felsefesi-2\/","title":{"rendered":"E\u011fitim Felsefesi"},"content":{"rendered":"<p>\u00c7ocukluk insan ger\u00e7e\u011finin en \u00f6nemli safhas\u0131d\u0131r. \u0130nsanl\u0131\u011f\u0131n b\u00fct\u00fcn g\u00fcc\u00fc ve tohumu onda ya\u015famaktad\u0131r. \u00c7ocu\u011fu tan\u0131mak, tarihi, medeniyeti, K\u00fclt\u00fcr\u00fc tan\u0131mak kadar g\u00fc\u00e7t\u00fcr. Bunun i\u00e7in \u00e7ocu\u011fun yeti\u015fmesinden ba\u015fka bir \u015fey olmayan e\u011fitim insan\u0131n kendisi i\u00e7in yery\u00fcz\u00fcnde yapt\u0131\u011f\u0131 i\u015flerden en b\u00fcy\u00fc\u011f\u00fcd\u00fcr. Dinler, ahlak sistemleri, felsefeler, her biri kendilerine g\u00f6re bir e\u011fitim tarz\u0131 ileri s\u00fcrm\u00fc\u015flerdir.Dinlerin il\u00e2hi emirle ilen s\u00fcrd\u00fc\u011f\u00fc e\u011fitim \u015fekilleri felsefe sistemlerinde d\u00fc\u015f\u00fcnceler ve tavsiyeler halini alm\u0131\u015ft\u0131r. Bilimler bu tavsiyeleri ara\u015ft\u0131rmalara dayand\u0131rarak, daha az kategorik, daha ihtiyatl\u0131 bir \u015fekle koymu\u015ftur. Buradan pedagoji, e\u011fitim bilimi, \u00e7ocuk psikolojisi, pedoloji, \u00e7ocuk fizyolojisi vb. dallar\u0131 meydana gelmi\u015ftir. Pedagojinin tarihi belki de d\u00fc\u015f\u00fcnce tarihi kadar eskidir. Yaln\u0131z Yunan felsefesinde de\u011fil. \u00c7in ve Hint felsefelerinde de d\u00fc\u015f\u00fcncenin uyand\u0131\u011f\u0131 zamandan beri \u00e7ocuk yeti\u015ftirme ve \u00e7ocu\u011fun madd\u00ee ve manev\u00ee geli\u015fmesi \u00fczerinde d\u00fc\u015f\u00fcncelere rastlanmaktad\u0131r.Bug\u00fcnk\u00fc e\u011fitim sistemlerinin bir k\u0131sm\u0131 ilerici, bir k\u0131sm\u0131 tutucu, bir k\u0131sm\u0131 gelenek\u00e7idir. Fakat \u00e7a\u011f\u0131m\u0131z\u0131n \u015fartlan ve insan bilimlerinin bug\u00fcnk\u00fc durumu d\u00fc\u015f\u00fcn\u00fcl\u00fcnce, ilerici olmamak kabil de\u011fildir.Bizim anlatt\u0131\u011f\u0131m\u0131z e\u011fitim sistemi insanl\u0131k tarihinin tecr\u00fcbelerinden faydalanarak, onun \u015fimdiki ritmine uygun insanlar yeti\u015ftirece\u011fi i\u00e7in \u201cinsan\u00ee\u201ddir. Her memlekette b\u00f6yle bir yeti\u015ftirme o memleketin kendi k\u00fclt\u00fcr\u00fcnden kuvvet alaca\u011f\u0131, bug\u00fcnk\u00fc varl\u0131\u011f\u0131n\u0131 kuran gelene\u011fine dayanaca\u011f\u0131 i\u00e7in \u201cmilli\u201ddir.    <\/p>\n","protected":false},"excerpt":{"rendered":"<p>\u00c7ocukluk insan ger\u00e7e\u011finin en \u00f6nemli safhas\u0131d\u0131r. \u0130nsanl\u0131\u011f\u0131n b\u00fct\u00fcn g\u00fcc\u00fc ve tohumu onda ya\u015famaktad\u0131r. \u00c7ocu\u011fu tan\u0131mak, tarihi, medeniyeti, K\u00fclt\u00fcr\u00fc tan\u0131mak kadar g\u00fc\u00e7t\u00fcr. Bunun i\u00e7in \u00e7ocu\u011fun yeti\u015fmesinden ba\u015fka<span class=\"excerpt-hellip\"> [\u2026]<\/span><\/p>\n","protected":false},"featured_media":0,"template":"","meta":{"_monsterinsights_skip_tracking":false,"_monsterinsights_sitenote_active":false,"_monsterinsights_sitenote_note":"","_monsterinsights_sitenote_category":0},"product_brand":[],"product_cat":[12389,12388],"product_tag":[],"class_list":{"0":"post-697992","1":"product","2":"type-product","3":"status-publish","5":"product_cat-diger-felsefe","6":"product_cat-felsefe","7":"pa_cilt-ciltsiz","8":"pa_tur-kitap","9":"pa_yayinevi-dogu-bati-yayinlari","10":"pa_yazar-hilmi-ziya-ulken","12":"first","13":"instock","14":"sale","15":"shipping-taxable","16":"purchasable","17":"product-type-simple"},"_links":{"self":[{"href":"https:\/\/roveyayinevi.com.tr\/index.php\/wp-json\/wp\/v2\/product\/697992","targetHints":{"allow":["GET"]}}],"collection":[{"href":"https:\/\/roveyayinevi.com.tr\/index.php\/wp-json\/wp\/v2\/product"}],"about":[{"href":"https:\/\/roveyayinevi.com.tr\/index.php\/wp-json\/wp\/v2\/types\/product"}],"wp:attachment":[{"href":"https:\/\/roveyayinevi.com.tr\/index.php\/wp-json\/wp\/v2\/media?parent=697992"}],"wp:term":[{"taxonomy":"product_brand","embeddable":true,"href":"https:\/\/roveyayinevi.com.tr\/index.php\/wp-json\/wp\/v2\/product_brand?post=697992"},{"taxonomy":"product_cat","embeddable":true,"href":"https:\/\/roveyayinevi.com.tr\/index.php\/wp-json\/wp\/v2\/product_cat?post=697992"},{"taxonomy":"product_tag","embeddable":true,"href":"https:\/\/roveyayinevi.com.tr\/index.php\/wp-json\/wp\/v2\/product_tag?post=697992"}],"curies":[{"name":"wp","href":"https:\/\/api.w.org\/{rel}","templated":true}]}}