{"id":697991,"date":"2025-08-27T14:42:55","date_gmt":"2025-08-27T11:42:55","guid":{"rendered":"https:\/\/roveyayinevi.com.tr\/index.php\/urun\/cevahir-dagi\/"},"modified":"2026-04-16T02:07:28","modified_gmt":"2026-04-15T23:07:28","slug":"cevahir-dagi","status":"publish","type":"product","link":"https:\/\/roveyayinevi.com.tr\/index.php\/urun\/cevahir-dagi\/","title":{"rendered":"Cevahir Da\u011f\u0131"},"content":{"rendered":"<p>Ben, masal\u0131n o \u00e7ekici b\u00fcy\u00fcs\u00fcn\u00fc ve o g\u00fczel tad\u0131n\u0131, Racia ninemin bana anlatt\u0131\u011f\u0131 masallarda tatt\u0131m. Ah ke\u015fke siz de bir kez dinleyebilseydiniz o ya\u015fl\u0131, o sevimli ve o bilge kad\u0131n\u0131! Ama \u00fcz\u00fclmeyin; ondan dinledi\u011fim Cevahir Da\u011f\u0131 adl\u0131 masal\u0131, bu kitab\u0131mda sizlere anlatt\u0131m: \u015eehzade, bir an \u00f6nce sevgilisine kavu\u015fmay\u0131 diliyordu. Bu y\u00fczden de nereye gidece\u011fini \u00e7ok iyi biliyordu. Gidiyordu, g\u00fcnd\u00fcz\u00fcn\u00fc katarak geceye. Gidiyordu, onu Cevahir Da\u011f\u0131\u2019na \u00e7\u0131karan \u00e7irkin suratl\u0131 adama rastlad\u0131\u011f\u0131 o k\u00f6ye. Gidiyordu, tekrar o k\u00f6ydeki ayn\u0131 kahveye. Giderken akl\u0131na tak\u0131lm\u0131\u015ft\u0131 bir konu. Ya adam tan\u0131rsa ikinci kez kar\u015f\u0131s\u0131nda g\u00f6r\u00fcnce onu! Yolda, hep bu d\u00fc\u015f\u00fcnceye kafas\u0131n\u0131 takt\u0131. \u015e\u00f6yle d\u00f6n\u00fcp at\u0131na ve giyim ku\u015fam\u0131na bir bakt\u0131. Adamla ilk kar\u015f\u0131la\u015fmas\u0131nda t\u0131pk\u0131 bir dilenci gibiydi; ama \u015eehzade, \u015fimdi tam bir beyefendiydi. O \u00e7irkin suratl\u0131 adam, onu bu haliyle nerden tan\u0131yacakt\u0131? Bu soru g\u00fcnlerce kafas\u0131nda dola\u015ft\u0131. \u00c7ok uzun bir yolculuktan sonra yine ayn\u0131 k\u00f6ye ula\u015ft\u0131. <\/p>\n","protected":false},"excerpt":{"rendered":"<p>Ben, masal\u0131n o \u00e7ekici b\u00fcy\u00fcs\u00fcn\u00fc ve o g\u00fczel tad\u0131n\u0131, Racia ninemin bana anlatt\u0131\u011f\u0131 masallarda tatt\u0131m. Ah ke\u015fke siz de bir kez dinleyebilseydiniz o ya\u015fl\u0131, o sevimli<span class=\"excerpt-hellip\"> [\u2026]<\/span><\/p>\n","protected":false},"featured_media":0,"template":"","meta":{"_monsterinsights_skip_tracking":false,"_monsterinsights_sitenote_active":false,"_monsterinsights_sitenote_note":"","_monsterinsights_sitenote_category":0},"product_brand":[],"product_cat":[12274,12523],"product_tag":[],"class_list":{"0":"post-697991","1":"product","2":"type-product","3":"status-publish","5":"product_cat-cocuk-ve-genclik-kitaplari","6":"product_cat-masallar","7":"pa_tur-kitap","8":"pa_yayinevi-demos-yayinlari","9":"pa_yazar-yalcin-aydin-aycicek","11":"first","12":"instock","13":"sale","14":"shipping-taxable","15":"purchasable","16":"product-type-simple"},"_links":{"self":[{"href":"https:\/\/roveyayinevi.com.tr\/index.php\/wp-json\/wp\/v2\/product\/697991","targetHints":{"allow":["GET"]}}],"collection":[{"href":"https:\/\/roveyayinevi.com.tr\/index.php\/wp-json\/wp\/v2\/product"}],"about":[{"href":"https:\/\/roveyayinevi.com.tr\/index.php\/wp-json\/wp\/v2\/types\/product"}],"wp:attachment":[{"href":"https:\/\/roveyayinevi.com.tr\/index.php\/wp-json\/wp\/v2\/media?parent=697991"}],"wp:term":[{"taxonomy":"product_brand","embeddable":true,"href":"https:\/\/roveyayinevi.com.tr\/index.php\/wp-json\/wp\/v2\/product_brand?post=697991"},{"taxonomy":"product_cat","embeddable":true,"href":"https:\/\/roveyayinevi.com.tr\/index.php\/wp-json\/wp\/v2\/product_cat?post=697991"},{"taxonomy":"product_tag","embeddable":true,"href":"https:\/\/roveyayinevi.com.tr\/index.php\/wp-json\/wp\/v2\/product_tag?post=697991"}],"curies":[{"name":"wp","href":"https:\/\/api.w.org\/{rel}","templated":true}]}}