{"id":697990,"date":"2025-08-27T14:42:55","date_gmt":"2025-08-27T11:42:55","guid":{"rendered":"https:\/\/roveyayinevi.com.tr\/index.php\/urun\/ala-cocuk-yollarda\/"},"modified":"2026-04-16T02:07:28","modified_gmt":"2026-04-15T23:07:28","slug":"ala-cocuk-yollarda","status":"publish","type":"product","link":"https:\/\/roveyayinevi.com.tr\/index.php\/urun\/ala-cocuk-yollarda\/","title":{"rendered":"Ala \u00c7ocuk Yollarda"},"content":{"rendered":"<p>Antik \u00c7a\u011f\u2019da, Ege k\u0131y\u0131lar\u0131n\u0131 bir \u00e7ocu\u011fun g\u00f6z\u00fcnden anlatan \u00f6yk\u00fcler!Arkeolog, yay\u0131nc\u0131, yazar Mine Soysal\u2019\u0131n 1996-2000 y\u0131llar\u0131 aras\u0131nda yazd\u0131\u011f\u0131 d\u00f6rt kitaptan olu\u015fan Ala Kitaplar\u0131 dizisi tek kitapta topland\u0131. Soysal\u2019\u0131n, g\u00fcn\u00fcm\u00fczden 2500 y\u0131l \u00f6nce Ege k\u0131y\u0131lar\u0131n\u0131 bir \u00e7ocu\u011fun g\u00f6z\u00fcnden \u015fiirsel bir dille anlatt\u0131\u011f\u0131 \u00f6yk\u00fcler, bilimsel verilerin \u0131\u015f\u0131\u011f\u0131nda kaleme al\u0131nd\u0131. Anadolu\u2019nun her yan\u0131nda kal\u0131nt\u0131lar\u0131na rastlanan eski kentlerin, kutsal alanlar\u0131n, yollar\u0131n, pazaryerlerinin ya da tap\u0131naklar\u0131n ger\u00e7ekte nas\u0131l g\u00f6r\u00fcnd\u00fcklerini, kimler taraf\u0131ndan, nas\u0131l kullan\u0131ld\u0131\u011f\u0131n\u0131 anlatan kitap, Serdar G. S\u00f6nmez\u2019in karakalem resimleri ve \u00f6zenli bask\u0131s\u0131yla arma\u011fan niteli\u011fi kazanan, hem \u00e7ocuklar hem yeti\u015fkinler i\u00e7in k\u00fclt\u00fcr tarihimizin \u00f6nemli bir d\u00f6nemini ayd\u0131nlatan de\u011ferli bir rehber niteli\u011finde.\u0130lk \u00f6yk\u00fc \u201cAla\u201dda tan\u0131d\u0131\u011f\u0131m\u0131z Ala \u00e7ocuk, Anadolu \u00fclkesini bulutlar\u0131n aras\u0131ndaki G\u00f6kku\u015fa\u011f\u0131 Evi\u2019nden izleyen merakl\u0131 bir \u00e7ocuktur. G\u00fcn\u00fcn birinde dostlar\u0131 Bilge Ya\u011fmur ve Deli R\u00fczg\u00e2r\u2019a Anadolu\u2019ya gitmek istedi\u011fini s\u00f6yler. \u0130kinci \u00f6yk\u00fc \u201cMermer Kent Priene\u201dde Ala, 2500 y\u0131l \u00f6ncelerindeki Priene kentini, bir Demeter rahibesi olan Nikeso\u2019dan dinleyecek, kentin ya\u011fmurla y\u0131kanan sokaklar\u0131nda y\u00fcr\u00fcyecektir. \u00dc\u00e7\u00fcnc\u00fc \u00f6yk\u00fc \u201cDa\u011flardaki Tanr\u0131lar, Labraynda\u201dda Ala\u2019n\u0131n yolu Anadolu\u2019nun en eski kutsal alanlar\u0131ndan olan Labraynda\u2019ya d\u00fc\u015fer. Milas Ovas\u0131\u2019na bakan da\u011flardaki Zeus Tap\u0131na\u011f\u0131\u2019na giden Ala, fildi\u015fi ke\u00e7i Pani\u2019den yap\u0131lan t\u00f6renleri ve inan\u00e7lar\u0131 dinler. Son \u00f6yk\u00fc \u201cMavi Zamanlar, Halikarnassos\u201dtaysa Ala, tarih biliminin babas\u0131 olarak kabul edilen ara\u015ft\u0131rmac\u0131-yazar Herodotos\u2019la kar\u015f\u0131la\u015f\u0131r. Ala, bir zamanlar g\u00fcn\u00fcm\u00fcz\u00fcn e\u011flence merkezi Bodrum\u2019un yerinde y\u00fckselen Halikarnassos kentinin ve D\u00fcnyan\u0131n Yedi Harikas\u0131\u2019ndan biri olan Mausoleum\u2019un \u00f6yk\u00fcs\u00fcn\u00fc bu kentte do\u011fup b\u00fcy\u00fcyen Herodotos\u2019un a\u011fz\u0131ndan dinler\u2026\ufffc<\/p>\n","protected":false},"excerpt":{"rendered":"<p>Antik \u00c7a\u011f\u2019da, Ege k\u0131y\u0131lar\u0131n\u0131 bir \u00e7ocu\u011fun g\u00f6z\u00fcnden anlatan \u00f6yk\u00fcler!Arkeolog, yay\u0131nc\u0131, yazar Mine Soysal\u2019\u0131n 1996-2000 y\u0131llar\u0131 aras\u0131nda yazd\u0131\u011f\u0131 d\u00f6rt kitaptan olu\u015fan Ala Kitaplar\u0131 dizisi tek kitapta topland\u0131.<span class=\"excerpt-hellip\"> [\u2026]<\/span><\/p>\n","protected":false},"featured_media":0,"template":"","meta":{"_monsterinsights_skip_tracking":false,"_monsterinsights_sitenote_active":false,"_monsterinsights_sitenote_note":"","_monsterinsights_sitenote_category":0},"product_brand":[],"product_cat":[12274,12284],"product_tag":[],"class_list":{"0":"post-697990","1":"product","2":"type-product","3":"status-publish","5":"product_cat-cocuk-ve-genclik-kitaplari","6":"product_cat-hikayeler","7":"pa_cilt-ciltsiz","8":"pa_tur-kitap","9":"pa_yayinevi-gunisigi-kitapligi","10":"pa_yazar-mine-soysal","12":"first","13":"instock","14":"sale","15":"shipping-taxable","16":"purchasable","17":"product-type-simple"},"_links":{"self":[{"href":"https:\/\/roveyayinevi.com.tr\/index.php\/wp-json\/wp\/v2\/product\/697990","targetHints":{"allow":["GET"]}}],"collection":[{"href":"https:\/\/roveyayinevi.com.tr\/index.php\/wp-json\/wp\/v2\/product"}],"about":[{"href":"https:\/\/roveyayinevi.com.tr\/index.php\/wp-json\/wp\/v2\/types\/product"}],"wp:attachment":[{"href":"https:\/\/roveyayinevi.com.tr\/index.php\/wp-json\/wp\/v2\/media?parent=697990"}],"wp:term":[{"taxonomy":"product_brand","embeddable":true,"href":"https:\/\/roveyayinevi.com.tr\/index.php\/wp-json\/wp\/v2\/product_brand?post=697990"},{"taxonomy":"product_cat","embeddable":true,"href":"https:\/\/roveyayinevi.com.tr\/index.php\/wp-json\/wp\/v2\/product_cat?post=697990"},{"taxonomy":"product_tag","embeddable":true,"href":"https:\/\/roveyayinevi.com.tr\/index.php\/wp-json\/wp\/v2\/product_tag?post=697990"}],"curies":[{"name":"wp","href":"https:\/\/api.w.org\/{rel}","templated":true}]}}