{"id":697988,"date":"2025-08-27T14:42:54","date_gmt":"2025-08-27T11:42:54","guid":{"rendered":"https:\/\/roveyayinevi.com.tr\/index.php\/urun\/cocuk-egitiminde-oyun-dili\/"},"modified":"2026-04-16T02:07:27","modified_gmt":"2026-04-15T23:07:27","slug":"cocuk-egitiminde-oyun-dili","status":"publish","type":"product","link":"https:\/\/roveyayinevi.com.tr\/index.php\/urun\/cocuk-egitiminde-oyun-dili\/","title":{"rendered":"\u00c7ocuk E\u011fitiminde Oyun Dili"},"content":{"rendered":"<p>Oyun, \u00e7ocukar\u0131n hayat\u0131 tan\u0131ma bi\u00e7imidir. \u00c7ocuklara olumlu davran\u0131\u015flar\u0131 sevgiyle kazand\u0131rman\u0131n tek yoludur. Oyun, i\u015fbirli\u011fi yapmay\u0131, ileti\u015fim kurmay\u0131, uyumlu olmay\u0131, payla\u015fmay\u0131, sayg\u0131 duymay\u0131, kurallara uymay\u0131, s\u0131ra beklemeyi, yenmeyi, yenilmeyi \u00f6\u011fretir. Yenilgi ile y\u00fczle\u015fmeyi ve bu duygu ile ba\u015fa \u00e7\u0131kabilmeyi g\u00f6sterir. kimi zaman da d\u0131\u015flanmay\u0131 ya\u015fat\u0131r. Anne baba olarak, biz bu duygular\u0131 ya\u015fad\u0131k, ya\u015fad\u0131k\u00e7a \u00f6\u011frendik. \u015eimdi ise kurallar\u0131 \u00e7ocu\u011fumuza kuru kuru anlatarak \u00f6\u011fretmeye \u00e7al\u0131\u015f\u0131yoruz. Oysa elimizde &#8216;oyun&#8217; diye \u00e7ok sahici bir yard\u0131mc\u0131 var. Teknolojinin oyununa gelmeyip \u00e7ocuiklar\u0131m\u0131z\u0131 oyun oynamaya te\u015fvik etmeliyiz. \u00c7ocuklar \u00f6\u011frenirken deneyimlemeye ihtiya\u00e7 duyarlar. Oyun ise deneyimlemenin ta kendisidir. Bu kitap yeni \u00e7a\u011f\u0131n &#8216;h\u0131zl\u0131&#8217; \u00e7ocuklar\u0131 i\u00e7in en uygun &#8216;oyun dili&#8217;nin \u015fifrelerini veriyor. <\/p>\n","protected":false},"excerpt":{"rendered":"<p>Oyun, \u00e7ocukar\u0131n hayat\u0131 tan\u0131ma bi\u00e7imidir. \u00c7ocuklara olumlu davran\u0131\u015flar\u0131 sevgiyle kazand\u0131rman\u0131n tek yoludur. Oyun, i\u015fbirli\u011fi yapmay\u0131, ileti\u015fim kurmay\u0131, uyumlu olmay\u0131, payla\u015fmay\u0131, sayg\u0131 duymay\u0131, kurallara uymay\u0131, s\u0131ra beklemeyi,<span class=\"excerpt-hellip\"> [\u2026]<\/span><\/p>\n","protected":false},"featured_media":0,"template":"","meta":{"_monsterinsights_skip_tracking":false,"_monsterinsights_sitenote_active":false,"_monsterinsights_sitenote_note":"","_monsterinsights_sitenote_category":0},"product_brand":[],"product_cat":[12831,12324],"product_tag":[],"class_list":{"0":"post-697988","1":"product","2":"type-product","3":"status-publish","5":"product_cat-aile-ve-cocuk","6":"product_cat-sosyoloji","7":"pa_cilt-ciltsiz","8":"pa_tur-kitap","9":"pa_yayinevi-hayykitap","10":"pa_yazar-nur-eda-kasap-suslu","12":"first","13":"instock","14":"sale","15":"shipping-taxable","16":"purchasable","17":"product-type-simple"},"_links":{"self":[{"href":"https:\/\/roveyayinevi.com.tr\/index.php\/wp-json\/wp\/v2\/product\/697988","targetHints":{"allow":["GET"]}}],"collection":[{"href":"https:\/\/roveyayinevi.com.tr\/index.php\/wp-json\/wp\/v2\/product"}],"about":[{"href":"https:\/\/roveyayinevi.com.tr\/index.php\/wp-json\/wp\/v2\/types\/product"}],"wp:attachment":[{"href":"https:\/\/roveyayinevi.com.tr\/index.php\/wp-json\/wp\/v2\/media?parent=697988"}],"wp:term":[{"taxonomy":"product_brand","embeddable":true,"href":"https:\/\/roveyayinevi.com.tr\/index.php\/wp-json\/wp\/v2\/product_brand?post=697988"},{"taxonomy":"product_cat","embeddable":true,"href":"https:\/\/roveyayinevi.com.tr\/index.php\/wp-json\/wp\/v2\/product_cat?post=697988"},{"taxonomy":"product_tag","embeddable":true,"href":"https:\/\/roveyayinevi.com.tr\/index.php\/wp-json\/wp\/v2\/product_tag?post=697988"}],"curies":[{"name":"wp","href":"https:\/\/api.w.org\/{rel}","templated":true}]}}