{"id":697980,"date":"2025-08-27T14:42:52","date_gmt":"2025-08-27T11:42:52","guid":{"rendered":"https:\/\/roveyayinevi.com.tr\/index.php\/urun\/gurultulu-patirtili-seyler\/"},"modified":"2026-04-16T02:07:27","modified_gmt":"2026-04-15T23:07:27","slug":"gurultulu-patirtili-seyler","status":"publish","type":"product","link":"https:\/\/roveyayinevi.com.tr\/index.php\/urun\/gurultulu-patirtili-seyler\/","title":{"rendered":"G\u00fcr\u00fclt\u00fcl\u00fc Pat\u0131rt\u0131l\u0131 \u015eeyler"},"content":{"rendered":"<p>Biraz fazla m\u0131 g\u00fcr\u00fclt\u00fc yapt\u0131k?Ne?! \u00c7ok mu yaramaz\u0131z?Ama neler oldu\u011funu bilmiyorsun ki!Bizim s\u0131n\u0131f bu sene oldu\u011fundan daha komik!\u00d6\u011fretmenler daha anlay\u0131\u015fl\u0131, hatta daha karizmatik!Hepsini g\u00fcnl\u00fc\u011f\u00fcme yazd\u0131m, tabii ki sen de oku diye.Bu arada benim ad\u0131m \u00c7A\u011eLA. Seni de bizim s\u0131n\u0131fa alal\u0131m m\u0131? <\/p>\n","protected":false},"excerpt":{"rendered":"<p>Biraz fazla m\u0131 g\u00fcr\u00fclt\u00fc yapt\u0131k?Ne?! \u00c7ok mu yaramaz\u0131z?Ama neler oldu\u011funu bilmiyorsun ki!Bizim s\u0131n\u0131f bu sene oldu\u011fundan daha komik!\u00d6\u011fretmenler daha anlay\u0131\u015fl\u0131, hatta daha karizmatik!Hepsini g\u00fcnl\u00fc\u011f\u00fcme yazd\u0131m, tabii<span class=\"excerpt-hellip\"> [\u2026]<\/span><\/p>\n","protected":false},"featured_media":0,"template":"","meta":{"_monsterinsights_skip_tracking":false,"_monsterinsights_sitenote_active":false,"_monsterinsights_sitenote_note":"","_monsterinsights_sitenote_category":0},"product_brand":[],"product_cat":[12274,12284],"product_tag":[],"class_list":{"0":"post-697980","1":"product","2":"type-product","3":"status-publish","5":"product_cat-cocuk-ve-genclik-kitaplari","6":"product_cat-hikayeler","7":"pa_cilt-ciltsiz","8":"pa_tur-kitap","9":"pa_yayinevi-nesil-cocuk-yayinlari","10":"pa_yazar-yusuf-asal","12":"first","13":"instock","14":"sale","15":"shipping-taxable","16":"purchasable","17":"product-type-simple"},"_links":{"self":[{"href":"https:\/\/roveyayinevi.com.tr\/index.php\/wp-json\/wp\/v2\/product\/697980","targetHints":{"allow":["GET"]}}],"collection":[{"href":"https:\/\/roveyayinevi.com.tr\/index.php\/wp-json\/wp\/v2\/product"}],"about":[{"href":"https:\/\/roveyayinevi.com.tr\/index.php\/wp-json\/wp\/v2\/types\/product"}],"wp:attachment":[{"href":"https:\/\/roveyayinevi.com.tr\/index.php\/wp-json\/wp\/v2\/media?parent=697980"}],"wp:term":[{"taxonomy":"product_brand","embeddable":true,"href":"https:\/\/roveyayinevi.com.tr\/index.php\/wp-json\/wp\/v2\/product_brand?post=697980"},{"taxonomy":"product_cat","embeddable":true,"href":"https:\/\/roveyayinevi.com.tr\/index.php\/wp-json\/wp\/v2\/product_cat?post=697980"},{"taxonomy":"product_tag","embeddable":true,"href":"https:\/\/roveyayinevi.com.tr\/index.php\/wp-json\/wp\/v2\/product_tag?post=697980"}],"curies":[{"name":"wp","href":"https:\/\/api.w.org\/{rel}","templated":true}]}}