{"id":697979,"date":"2025-08-27T14:42:51","date_gmt":"2025-08-27T11:42:51","guid":{"rendered":"https:\/\/roveyayinevi.com.tr\/index.php\/urun\/metis-kucuk-filozoflar-serisi-11-sokratesin-aski\/"},"modified":"2026-04-16T02:07:27","modified_gmt":"2026-04-15T23:07:27","slug":"metis-kucuk-filozoflar-serisi-11-sokratesin-aski","status":"publish","type":"product","link":"https:\/\/roveyayinevi.com.tr\/index.php\/urun\/metis-kucuk-filozoflar-serisi-11-sokratesin-aski\/","title":{"rendered":"Metis K\u00fc\u00e7\u00fck Filozoflar Serisi 11 &#8211; Sokrates&#8217;in A\u015fk\u0131"},"content":{"rendered":"<p>Bu ak\u015fam Eski Atina\u2019n\u0131n en \u00fcnl\u00fc bilginleri, en iyi \u015fairleri, mizah\u00e7\u0131lar\u0131, siyaset\u00e7ileri ve b\u00fcy\u00fck filozof Sokrates muhte\u015fem bir ziyafet i\u00e7in bir aradalar. S\u00f6z s\u00f6z\u00fc a\u00e7\u0131yor ve derin bir soruyu tart\u0131\u015fmaya ba\u015fl\u0131yorlar: \u201cA\u015fk nedir?\u201dK\u00fc\u00e7\u00fck Filozoflar Dizisi, 8 &#8211; 12 ya\u015f \u00e7ocuklar\u0131 i\u00e7in filozoflar\u0131n hik\u00e2yelerini anlatan \u00e7ok g\u00fczel resimlenmi\u015f kitaplardan olu\u015fuyor. Diziyle \u00e7ocuklar\u0131n felsefeye zevkli bir giri\u015f yapmalar\u0131n\u0131, kendi sorular\u0131n\u0131n pe\u015finden gitme al\u0131\u015fkanl\u0131\u011f\u0131 kazanmalar\u0131n\u0131 ama\u00e7l\u0131yoruz. Platon\u2019un \u201c\u015e\u00f6len\u2019i temel al\u0131narak haz\u0131rlanm\u0131\u015f olan Sokrates\u2019in A\u015fk\u0131 dizinin on birinci kitab\u0131. <\/p>\n","protected":false},"excerpt":{"rendered":"<p>Bu ak\u015fam Eski Atina\u2019n\u0131n en \u00fcnl\u00fc bilginleri, en iyi \u015fairleri, mizah\u00e7\u0131lar\u0131, siyaset\u00e7ileri ve b\u00fcy\u00fck filozof Sokrates muhte\u015fem bir ziyafet i\u00e7in bir aradalar. S\u00f6z s\u00f6z\u00fc a\u00e7\u0131yor ve<span class=\"excerpt-hellip\"> [\u2026]<\/span><\/p>\n","protected":false},"featured_media":0,"template":"","meta":{"_monsterinsights_skip_tracking":false,"_monsterinsights_sitenote_active":false,"_monsterinsights_sitenote_note":"","_monsterinsights_sitenote_category":0},"product_brand":[],"product_cat":[12312,12304],"product_tag":[],"class_list":{"0":"post-697979","1":"product","2":"type-product","3":"status-publish","5":"product_cat-diger","6":"product_cat-tarih","7":"pa_cilt-ciltsiz","8":"pa_tur-kitap","9":"pa_yayinevi-metis-yayinlari","10":"pa_yazar-salim-mokaddem","12":"first","13":"instock","14":"sale","15":"shipping-taxable","16":"purchasable","17":"product-type-simple"},"_links":{"self":[{"href":"https:\/\/roveyayinevi.com.tr\/index.php\/wp-json\/wp\/v2\/product\/697979","targetHints":{"allow":["GET"]}}],"collection":[{"href":"https:\/\/roveyayinevi.com.tr\/index.php\/wp-json\/wp\/v2\/product"}],"about":[{"href":"https:\/\/roveyayinevi.com.tr\/index.php\/wp-json\/wp\/v2\/types\/product"}],"wp:attachment":[{"href":"https:\/\/roveyayinevi.com.tr\/index.php\/wp-json\/wp\/v2\/media?parent=697979"}],"wp:term":[{"taxonomy":"product_brand","embeddable":true,"href":"https:\/\/roveyayinevi.com.tr\/index.php\/wp-json\/wp\/v2\/product_brand?post=697979"},{"taxonomy":"product_cat","embeddable":true,"href":"https:\/\/roveyayinevi.com.tr\/index.php\/wp-json\/wp\/v2\/product_cat?post=697979"},{"taxonomy":"product_tag","embeddable":true,"href":"https:\/\/roveyayinevi.com.tr\/index.php\/wp-json\/wp\/v2\/product_tag?post=697979"}],"curies":[{"name":"wp","href":"https:\/\/api.w.org\/{rel}","templated":true}]}}