{"id":697977,"date":"2025-08-27T14:42:51","date_gmt":"2025-08-27T11:42:51","guid":{"rendered":"https:\/\/roveyayinevi.com.tr\/index.php\/urun\/kizilbas-aydinlanma\/"},"modified":"2026-04-16T02:07:27","modified_gmt":"2026-04-15T23:07:27","slug":"kizilbas-aydinlanma","status":"publish","type":"product","link":"https:\/\/roveyayinevi.com.tr\/index.php\/urun\/kizilbas-aydinlanma\/","title":{"rendered":"K\u0131z\u0131lba\u015f Ayd\u0131nlanma"},"content":{"rendered":"<p>Can\u0131m\u0131z\u0131 ve ya\u015fam\u0131m\u0131z\u0131 nas\u0131l hi\u00e7le\u015ftirece\u011fimizi, ac\u0131dan muaf tutarak hi\u00e7le\u015ftirdi\u011fimiz can\u0131m\u0131z\u0131n ve ya\u015fam\u0131m\u0131z\u0131n sanc\u0131lar i\u00e7inde hi\u00e7li\u011fimizden nas\u0131l do\u011faca\u011f\u0131n\u0131 deneyimleyemezsek e\u011fer \u00f6lmeden evvel \u00f6l\u00fcp ya\u015farken dirilemeyiz. \u00d6ld\u00fc\u011f\u00fcm\u00fczde geriye miras olarak b\u0131rakt\u0131\u011f\u0131m\u0131z bilincimizi-inanc\u0131m\u0131z\u0131, yeniden ac\u0131 \u00e7eker duruma getirecek bedenler bulunulamazsa e\u011fer dondan dona ta\u015f\u0131n\u0131p gelece\u011fe at\u0131lan bir i\u015faret fi\u015fe\u011fi olamay\u0131z. Can\u0131 bedenin, canl\u0131l\u0131\u011f\u0131 ya\u015fam\u0131n zincirlerinden kurtard\u0131\u011f\u0131m\u0131zda, inim inim inleyen canl\u0131 do\u011fan\u0131n kar\u015f\u0131s\u0131nda aln\u0131na kur\u015fun s\u0131ksan kan akmayan, a\u011flarken bize k\u0131s k\u0131s g\u00fclen ola\u011fan\u00fcst\u00fcl\u00fc\u011f\u00fcn \u00e7ocuklar\u0131n\u0131 buluruz. Bizler kendi hi\u00e7li\u011fimize, gelecek ya\u015fam\u0131 \u00fcretirken, bunun bedeli anlam\u0131nda ne gibi bir ac\u0131 \u00e7ekece\u011fimizi \u00f6\u011frenmek i\u00e7in ta\u015f\u0131n\u0131r\u0131z. \u00c7\u00fcnk\u00fc hi\u00e7li\u011fimize ta\u015f\u0131nmadan \u00e7ekti\u011fimiz ac\u0131, gelece\u011fi kurmaktan sak\u0131nman\u0131n, ya\u015fam\u0131n \u00e7eli\u015fkilerinden uzak durman\u0131n bedeli durumuna geldi de ondan. Bize \u00f6\u011fretilen terbiyenin kabu\u011funu k\u0131rman\u0131n, diyalektik kar\u015f\u0131tl\u0131\u011f\u0131n ac\u0131 yan\u0131yla bulu\u015fman\u0131n zaman\u0131 gelmi\u015ftir art\u0131k: Ayr\u0131lman\u0131n kalabal\u0131\u011f\u0131nda azalal\u0131m ya da toplanm\u0131\u015fl\u0131\u011f\u0131n yaln\u0131zl\u0131\u011f\u0131nda \u00e7o\u011falal\u0131m diyorum. <\/p>\n","protected":false},"excerpt":{"rendered":"<p>Can\u0131m\u0131z\u0131 ve ya\u015fam\u0131m\u0131z\u0131 nas\u0131l hi\u00e7le\u015ftirece\u011fimizi, ac\u0131dan muaf tutarak hi\u00e7le\u015ftirdi\u011fimiz can\u0131m\u0131z\u0131n ve ya\u015fam\u0131m\u0131z\u0131n sanc\u0131lar i\u00e7inde hi\u00e7li\u011fimizden nas\u0131l do\u011faca\u011f\u0131n\u0131 deneyimleyemezsek e\u011fer \u00f6lmeden evvel \u00f6l\u00fcp ya\u015farken dirilemeyiz. \u00d6ld\u00fc\u011f\u00fcm\u00fczde geriye<span class=\"excerpt-hellip\"> [\u2026]<\/span><\/p>\n","protected":false},"featured_media":0,"template":"","meta":{"_monsterinsights_skip_tracking":false,"_monsterinsights_sitenote_active":false,"_monsterinsights_sitenote_note":"","_monsterinsights_sitenote_category":0},"product_brand":[],"product_cat":[13575,12718,12719],"product_tag":[],"class_list":{"0":"post-697977","1":"product","2":"type-product","3":"status-publish","5":"product_cat-alevilik-bektasilik","6":"product_cat-din","7":"product_cat-islam","8":"pa_tur-kitap","9":"pa_yayinevi-demos-yayinlari","10":"pa_yazar-esat-korkmaz","12":"first","13":"instock","14":"sale","15":"shipping-taxable","16":"purchasable","17":"product-type-simple"},"_links":{"self":[{"href":"https:\/\/roveyayinevi.com.tr\/index.php\/wp-json\/wp\/v2\/product\/697977","targetHints":{"allow":["GET"]}}],"collection":[{"href":"https:\/\/roveyayinevi.com.tr\/index.php\/wp-json\/wp\/v2\/product"}],"about":[{"href":"https:\/\/roveyayinevi.com.tr\/index.php\/wp-json\/wp\/v2\/types\/product"}],"wp:attachment":[{"href":"https:\/\/roveyayinevi.com.tr\/index.php\/wp-json\/wp\/v2\/media?parent=697977"}],"wp:term":[{"taxonomy":"product_brand","embeddable":true,"href":"https:\/\/roveyayinevi.com.tr\/index.php\/wp-json\/wp\/v2\/product_brand?post=697977"},{"taxonomy":"product_cat","embeddable":true,"href":"https:\/\/roveyayinevi.com.tr\/index.php\/wp-json\/wp\/v2\/product_cat?post=697977"},{"taxonomy":"product_tag","embeddable":true,"href":"https:\/\/roveyayinevi.com.tr\/index.php\/wp-json\/wp\/v2\/product_tag?post=697977"}],"curies":[{"name":"wp","href":"https:\/\/api.w.org\/{rel}","templated":true}]}}