{"id":697976,"date":"2025-08-27T14:42:51","date_gmt":"2025-08-27T11:42:51","guid":{"rendered":"https:\/\/roveyayinevi.com.tr\/index.php\/urun\/turizm-sektorunde-reklamcilik\/"},"modified":"2026-04-16T02:07:27","modified_gmt":"2026-04-15T23:07:27","slug":"turizm-sektorunde-reklamcilik","status":"publish","type":"product","link":"https:\/\/roveyayinevi.com.tr\/index.php\/urun\/turizm-sektorunde-reklamcilik\/","title":{"rendered":"Turizm Sekt\u00f6r\u00fcnde Reklamc\u0131l\u0131k"},"content":{"rendered":"","protected":false},"excerpt":{"rendered":"","protected":false},"featured_media":0,"template":"","meta":{"_monsterinsights_skip_tracking":false,"_monsterinsights_sitenote_active":false,"_monsterinsights_sitenote_note":"","_monsterinsights_sitenote_category":0},"product_brand":[],"product_cat":[13043,17492],"product_tag":[],"class_list":{"0":"post-697976","1":"product","2":"type-product","3":"status-publish","5":"product_cat-ekonomi","6":"product_cat-pazarlama-satis-reklam","7":"pa_tur-kitap","8":"pa_yayinevi-mediacat-kitaplari","9":"pa_yazar-annette-prittchard","11":"first","12":"instock","13":"sale","14":"shipping-taxable","15":"purchasable","16":"product-type-simple"},"_links":{"self":[{"href":"https:\/\/roveyayinevi.com.tr\/index.php\/wp-json\/wp\/v2\/product\/697976","targetHints":{"allow":["GET"]}}],"collection":[{"href":"https:\/\/roveyayinevi.com.tr\/index.php\/wp-json\/wp\/v2\/product"}],"about":[{"href":"https:\/\/roveyayinevi.com.tr\/index.php\/wp-json\/wp\/v2\/types\/product"}],"wp:attachment":[{"href":"https:\/\/roveyayinevi.com.tr\/index.php\/wp-json\/wp\/v2\/media?parent=697976"}],"wp:term":[{"taxonomy":"product_brand","embeddable":true,"href":"https:\/\/roveyayinevi.com.tr\/index.php\/wp-json\/wp\/v2\/product_brand?post=697976"},{"taxonomy":"product_cat","embeddable":true,"href":"https:\/\/roveyayinevi.com.tr\/index.php\/wp-json\/wp\/v2\/product_cat?post=697976"},{"taxonomy":"product_tag","embeddable":true,"href":"https:\/\/roveyayinevi.com.tr\/index.php\/wp-json\/wp\/v2\/product_tag?post=697976"}],"curies":[{"name":"wp","href":"https:\/\/api.w.org\/{rel}","templated":true}]}}