{"id":697974,"date":"2025-08-27T14:42:50","date_gmt":"2025-08-27T11:42:50","guid":{"rendered":"https:\/\/roveyayinevi.com.tr\/index.php\/urun\/hasta-ve-doktor-iletisimi\/"},"modified":"2026-04-16T02:07:27","modified_gmt":"2026-04-15T23:07:27","slug":"hasta-ve-doktor-iletisimi","status":"publish","type":"product","link":"https:\/\/roveyayinevi.com.tr\/index.php\/urun\/hasta-ve-doktor-iletisimi\/","title":{"rendered":"Hasta ve Doktor \u0130leti\u015fimi"},"content":{"rendered":"<p>Bu kitap ger\u00e7ek katk\u0131s\u0131n\u0131 hastalarla mutlaka daha iyi ili\u015fkiler kurulmas\u0131n\u0131 hararetle \u00f6\u011f\u00fctlemek gibi bir amac\u0131n pe\u015finde olmad\u0131\u011f\u0131 i\u00e7in yapmaktad\u0131r. Bunun yerine, anahtar kavramlar kitapta spesifik davran\u0131\u015flara \u00e7evrilmekte ve b\u00f6ylelikle gerekli pratik becerilerin anla\u015f\u0131lmas\u0131 ve \u00f6\u011frenilmesi m\u00fcmk\u00fcn k\u0131l\u0131nmaktad\u0131r&#8230; Hasta tedavisinde yayg\u0131n olan ileti\u015fim tarz\u0131 genelde otoriterdir: \u00d6nce sorular\u0131 sorar\u0131m, sonra da yap\u0131lmas\u0131 gerekenleri sana s\u00f6ylerim. Thomas Gordon ve W. Sterling Edwards, hastay\u0131 eksiksiz bilgilendirmek suretiyle onun tedavi s\u00fcrecine ve kendi de\u011ferlerine dayanarak yap\u0131lan se\u00e7imlere aktif kat\u0131l\u0131m\u0131n\u0131 i\u00e7eren farkl\u0131 bir yakla\u015f\u0131m\u0131 tart\u0131\u015fmakta ve inanmam\u0131z\u0131 sa\u011flamaktad\u0131r. \u0130leri s\u00fcrd\u00fckleri arg\u00fcmanlara kulak verildi\u011fi takdirde yazarlar\u0131n yumu\u015fak ve uygulanabilir tavsiyeleri sa\u011fl\u0131k alan\u0131nda bir devrim yaratabilecek mahiyettedir.Elinizdeki kitap empatik dinlemenin ve hastalarla kurulan ili\u015fkileri g\u00fc\u00e7lendiren di\u011fer becerilerin uygulanmas\u0131nda yal\u0131n ve y\u00f6ntemsel bir yol sunan pratik, duyarl\u0131 ve mant\u0131kl\u0131 bir eser. Hastalar\u0131na de\u011fer veren hi\u00e7bir hekim bu \u00f6nemli kitab\u0131 g\u00f6rmezden gelemez. Hasta &amp; Doktor \u0130leti\u015fimi hasta ve doktor aras\u0131ndaki ba\u015fl\u0131ca engeli tan\u0131mlamak i\u00e7in verilerden ve ki\u015fisel sezgilerden yararlanm\u0131\u015ft\u0131r. <\/p>\n","protected":false},"excerpt":{"rendered":"<p>Bu kitap ger\u00e7ek katk\u0131s\u0131n\u0131 hastalarla mutlaka daha iyi ili\u015fkiler kurulmas\u0131n\u0131 hararetle \u00f6\u011f\u00fctlemek gibi bir amac\u0131n pe\u015finde olmad\u0131\u011f\u0131 i\u00e7in yapmaktad\u0131r. Bunun yerine, anahtar kavramlar kitapta spesifik davran\u0131\u015flara<span class=\"excerpt-hellip\"> [\u2026]<\/span><\/p>\n","protected":false},"featured_media":0,"template":"","meta":{"_monsterinsights_skip_tracking":false,"_monsterinsights_sitenote_active":false,"_monsterinsights_sitenote_note":"","_monsterinsights_sitenote_category":0},"product_brand":[],"product_cat":[13366,13365],"product_tag":[],"class_list":{"0":"post-697974","1":"product","2":"type-product","3":"status-publish","5":"product_cat-diger-saglik","6":"product_cat-saglik","7":"pa_tur-kitap","8":"pa_yayinevi-profil-kitap","9":"pa_yazar-thomas-gordon","11":"first","12":"instock","13":"sale","14":"shipping-taxable","15":"purchasable","16":"product-type-simple"},"_links":{"self":[{"href":"https:\/\/roveyayinevi.com.tr\/index.php\/wp-json\/wp\/v2\/product\/697974","targetHints":{"allow":["GET"]}}],"collection":[{"href":"https:\/\/roveyayinevi.com.tr\/index.php\/wp-json\/wp\/v2\/product"}],"about":[{"href":"https:\/\/roveyayinevi.com.tr\/index.php\/wp-json\/wp\/v2\/types\/product"}],"wp:attachment":[{"href":"https:\/\/roveyayinevi.com.tr\/index.php\/wp-json\/wp\/v2\/media?parent=697974"}],"wp:term":[{"taxonomy":"product_brand","embeddable":true,"href":"https:\/\/roveyayinevi.com.tr\/index.php\/wp-json\/wp\/v2\/product_brand?post=697974"},{"taxonomy":"product_cat","embeddable":true,"href":"https:\/\/roveyayinevi.com.tr\/index.php\/wp-json\/wp\/v2\/product_cat?post=697974"},{"taxonomy":"product_tag","embeddable":true,"href":"https:\/\/roveyayinevi.com.tr\/index.php\/wp-json\/wp\/v2\/product_tag?post=697974"}],"curies":[{"name":"wp","href":"https:\/\/api.w.org\/{rel}","templated":true}]}}