{"id":697971,"date":"2025-08-27T14:42:49","date_gmt":"2025-08-27T11:42:49","guid":{"rendered":"https:\/\/roveyayinevi.com.tr\/index.php\/urun\/soguk-kazi\/"},"modified":"2026-04-16T02:07:27","modified_gmt":"2026-04-15T23:07:27","slug":"soguk-kazi","status":"publish","type":"product","link":"https:\/\/roveyayinevi.com.tr\/index.php\/urun\/soguk-kazi\/","title":{"rendered":"So\u011fuk Kaz\u0131"},"content":{"rendered":"<p>So\u011fuk Kaz\u0131&#8217;da &#8220;kaz\u0131&#8221;, hem imgelerin kaz\u0131ma yoluyla, belki de kaz\u0131ya kaz\u0131ya olu\u015fturuldu\u011funu, hem de g\u00f6m\u00fcl\u00fc bir \u015feylerin kaz\u0131l\u0131p \u00e7\u0131kart\u0131ld\u0131\u011f\u0131n\u0131 ima ediyor sanki. Birhan Keskin&#8217;in yeni \u015fiir kitab\u0131nda &#8220;Flamingo&#8221; gibi kolayl\u0131kla &#8220;Yery\u00fcz\u00fc Halleri&#8221; \u015fiirlerine dahil edilebilecek \u015fiirler ile, &#8220;\u0130stanbul&#8221;, &#8220;Sulukule&#8221;, &#8220;Tinerci&#8221; ve &#8220;Gazze&#8221; gibi somut \u015fiirler bir arada&#8230; \ufffcTan\u0131t\u0131m Metni<\/p>\n","protected":false},"excerpt":{"rendered":"<p>So\u011fuk Kaz\u0131&#8217;da &#8220;kaz\u0131&#8221;, hem imgelerin kaz\u0131ma yoluyla, belki de kaz\u0131ya kaz\u0131ya olu\u015fturuldu\u011funu, hem de g\u00f6m\u00fcl\u00fc bir \u015feylerin kaz\u0131l\u0131p \u00e7\u0131kart\u0131ld\u0131\u011f\u0131n\u0131 ima ediyor sanki. Birhan Keskin&#8217;in yeni \u015fiir<span class=\"excerpt-hellip\"> [\u2026]<\/span><\/p>\n","protected":false},"featured_media":0,"template":"","meta":{"_monsterinsights_skip_tracking":false,"_monsterinsights_sitenote_active":false,"_monsterinsights_sitenote_note":"","_monsterinsights_sitenote_category":0},"product_brand":[],"product_cat":[12291,12509],"product_tag":[],"class_list":{"0":"post-697971","1":"product","2":"type-product","3":"status-publish","5":"product_cat-edebiyat","6":"product_cat-siir","7":"pa_cilt-ciltsiz","8":"pa_tur-kitap","9":"pa_yayinevi-metis-yayinlari","10":"pa_yazar-birhan-keskin","12":"first","13":"instock","14":"sale","15":"shipping-taxable","16":"purchasable","17":"product-type-simple"},"_links":{"self":[{"href":"https:\/\/roveyayinevi.com.tr\/index.php\/wp-json\/wp\/v2\/product\/697971","targetHints":{"allow":["GET"]}}],"collection":[{"href":"https:\/\/roveyayinevi.com.tr\/index.php\/wp-json\/wp\/v2\/product"}],"about":[{"href":"https:\/\/roveyayinevi.com.tr\/index.php\/wp-json\/wp\/v2\/types\/product"}],"wp:attachment":[{"href":"https:\/\/roveyayinevi.com.tr\/index.php\/wp-json\/wp\/v2\/media?parent=697971"}],"wp:term":[{"taxonomy":"product_brand","embeddable":true,"href":"https:\/\/roveyayinevi.com.tr\/index.php\/wp-json\/wp\/v2\/product_brand?post=697971"},{"taxonomy":"product_cat","embeddable":true,"href":"https:\/\/roveyayinevi.com.tr\/index.php\/wp-json\/wp\/v2\/product_cat?post=697971"},{"taxonomy":"product_tag","embeddable":true,"href":"https:\/\/roveyayinevi.com.tr\/index.php\/wp-json\/wp\/v2\/product_tag?post=697971"}],"curies":[{"name":"wp","href":"https:\/\/api.w.org\/{rel}","templated":true}]}}