{"id":697969,"date":"2025-08-27T14:42:49","date_gmt":"2025-08-27T11:42:49","guid":{"rendered":"https:\/\/roveyayinevi.com.tr\/index.php\/urun\/hic-kimse-siradan-degildir\/"},"modified":"2026-04-16T02:07:27","modified_gmt":"2026-04-15T23:07:27","slug":"hic-kimse-siradan-degildir","status":"publish","type":"product","link":"https:\/\/roveyayinevi.com.tr\/index.php\/urun\/hic-kimse-siradan-degildir\/","title":{"rendered":"Hi\u00e7 Kimse S\u0131radan De\u011fildir"},"content":{"rendered":"<p>19 ya\u015f\u0131nday\u0131m, taksi \u015fof\u00f6r\u00fcy\u00fcm. Sadece bu i\u015fe yar\u0131yorum, bir de arkada\u015flar\u0131mla k\u00e2\u011f\u0131t oynamaya. Ba\u015fka hi\u00e7bir u\u011fra\u015f\u0131m, iste\u011fim, hedefim yok. Bir ev arkada\u015f\u0131m var, ad\u0131 Kap\u0131c\u0131. Kendisi ayn\u0131 zamanda k\u00f6pe\u011fim olur ve kar\u015f\u0131l\u0131kl\u0131 kahve i\u00e7mekten b\u00fcy\u00fck keyif al\u0131r\u0131z. K\u0131sacas\u0131 s\u0131radanl\u0131\u011f\u0131n mihenk ta\u015f\u0131y\u0131m ve bundan \u015fik\u00e2yet\u00e7i de\u011filim. Ama bir g\u00fcn posta kutumda buldu\u011fum iskambil kart\u0131n\u0131n, \u00e7er\u00e7evedeki bu resmi de\u011fi\u015ftirece\u011fini nereden bilebilirdim ki? Hi\u00e7 olu\u015fum, kimli\u011fi belirsiz birini rahats\u0131z etmi\u015fe benziyor ve belli ki benimle oyun oynamak istiyor. Neden sorusunun cevab\u0131 asl\u0131nda \u00e7ok basit: umursamak i\u00e7in. Peki o halde, oyuna haz\u0131r\u0131m! Dilde sadeli\u011fi kullanma yetene\u011fini ba\u015far\u0131l\u0131 bir \u015fekilde ortaya koyan Markus Zusak, Hi\u00e7 Kimse S\u0131radan De\u011fildir adl\u0131 e\u011flenceli oldu\u011fu kadar d\u00fc\u015f\u00fcnd\u00fcren roman\u0131yla, herkesin yapabileceklerinin \u00f6tesine ge\u00e7ebilece\u011fini en s\u0131radan insanlar \u00fczerinden g\u00f6stererek zek\u00e2s\u0131n\u0131 g\u00f6zler \u00f6n\u00fcne seriyor. Zusak dilde abart\u0131dan uzak duran, sadeli\u011fi kullanarak hayal d\u00fcnyan\u0131za girmeyi ustal\u0131kla ba\u015faran bir yazar. Hi\u00e7 Kimse S\u0131radan De\u011fildir de bu yetene\u011fini ortaya koyan iyi bir \u00f6rnek. -Time Magazine- Yal\u0131n ve ak\u0131c\u0131 bir dille anlat\u0131lan, g\u00fczel oldu\u011fu kadar etkileyici bir roman. -Kirkus Reviews- Ola\u011fan\u00fcst\u00fc bir kitap. Mutlaka okunmal\u0131. -School Library Journal- \ufffcTan\u0131t\u0131m Metni<\/p>\n","protected":false},"excerpt":{"rendered":"<p>19 ya\u015f\u0131nday\u0131m, taksi \u015fof\u00f6r\u00fcy\u00fcm. Sadece bu i\u015fe yar\u0131yorum, bir de arkada\u015flar\u0131mla k\u00e2\u011f\u0131t oynamaya. Ba\u015fka hi\u00e7bir u\u011fra\u015f\u0131m, iste\u011fim, hedefim yok. Bir ev arkada\u015f\u0131m var, ad\u0131 Kap\u0131c\u0131. Kendisi<span class=\"excerpt-hellip\"> [\u2026]<\/span><\/p>\n","protected":false},"featured_media":0,"template":"","meta":{"_monsterinsights_skip_tracking":false,"_monsterinsights_sitenote_active":false,"_monsterinsights_sitenote_note":"","_monsterinsights_sitenote_category":0},"product_brand":[],"product_cat":[12891,12291],"product_tag":[],"class_list":{"0":"post-697969","1":"product","2":"type-product","3":"status-publish","5":"product_cat-amerikan-edebiyati","6":"product_cat-edebiyat","7":"pa_tur-kitap","8":"pa_yayinevi-marti-yayinlari","9":"pa_yazar-markus-zusak","11":"first","12":"instock","13":"sale","14":"shipping-taxable","15":"purchasable","16":"product-type-simple"},"_links":{"self":[{"href":"https:\/\/roveyayinevi.com.tr\/index.php\/wp-json\/wp\/v2\/product\/697969","targetHints":{"allow":["GET"]}}],"collection":[{"href":"https:\/\/roveyayinevi.com.tr\/index.php\/wp-json\/wp\/v2\/product"}],"about":[{"href":"https:\/\/roveyayinevi.com.tr\/index.php\/wp-json\/wp\/v2\/types\/product"}],"wp:attachment":[{"href":"https:\/\/roveyayinevi.com.tr\/index.php\/wp-json\/wp\/v2\/media?parent=697969"}],"wp:term":[{"taxonomy":"product_brand","embeddable":true,"href":"https:\/\/roveyayinevi.com.tr\/index.php\/wp-json\/wp\/v2\/product_brand?post=697969"},{"taxonomy":"product_cat","embeddable":true,"href":"https:\/\/roveyayinevi.com.tr\/index.php\/wp-json\/wp\/v2\/product_cat?post=697969"},{"taxonomy":"product_tag","embeddable":true,"href":"https:\/\/roveyayinevi.com.tr\/index.php\/wp-json\/wp\/v2\/product_tag?post=697969"}],"curies":[{"name":"wp","href":"https:\/\/api.w.org\/{rel}","templated":true}]}}