{"id":697953,"date":"2025-08-27T14:42:44","date_gmt":"2025-08-27T11:42:44","guid":{"rendered":"https:\/\/roveyayinevi.com.tr\/index.php\/urun\/sair-evlenmesi-3\/"},"modified":"2026-04-16T02:07:27","modified_gmt":"2026-04-15T23:07:27","slug":"sair-evlenmesi-3","status":"publish","type":"product","link":"https:\/\/roveyayinevi.com.tr\/index.php\/urun\/sair-evlenmesi-3\/","title":{"rendered":"\u015eair Evlenmesi"},"content":{"rendered":"<p>Bir t\u00f6re komedisi \u00f6zelli\u011fi ta\u015f\u0131yan \u015eair Evlenmesi , g\u00f6r\u00fcc\u00fc usul\u00fcyle evlili\u011fin sak\u0131ncalar\u0131n\u0131 konu almaktad\u0131r. Bat\u0131l\u0131 tutum ve davran\u0131\u015f\u0131, k\u0131l\u0131k ve k\u0131yafetiyle pek sevilmeyen, e\u011fitimli olmas\u0131na ra\u011fmen saf bir yap\u0131ya sahip olan M\u00fc\u015ftak Bey, \u015fairli\u011fe \u00f6zenmi\u015f romantik bir gen\u00e7tir. \u0130ki karde\u015ften ya\u015f\u0131 k\u00fc\u00e7\u00fck olan Kumru Han\u0131m\u2019\u0131 sevmektedir. K\u0131lavuz ve yenge han\u0131mlar arac\u0131l\u0131\u011f\u0131yla evlenmeye \u00e7al\u0131\u015f\u0131r. Bu kad\u0131nlar mahallenin imam\u0131 Eb\u00fcllaklaka ile i\u015f birli\u011fi yaparak M\u00fc\u015ftak Bey\u2019i Kumru Han\u0131m\u2019\u0131n ablas\u0131 Sakine Han\u0131m\u2019la evlendirmeye kalk\u0131\u015f\u0131rlar. M\u00fc\u015ftak Bey nikah sonras\u0131nda kendisiyle evlendirilen ki\u015finin, Kumru Han\u0131m\u2019\u0131n \u00e7irkin ve ya\u015fl\u0131 ablas\u0131 Sakine Han\u0131m oldu\u011funu g\u00f6r\u00fcnce \u00f6nce bay\u0131l\u0131r, sonra itiraz eder. Mahalllelinin de i\u015fe kar\u0131\u015fmas\u0131yla ba\u015f\u0131na gelenleri kabul etme mecburiyetinde kalan M\u00fc\u015ftak Bey\u2019in imdad\u0131na arkada\u015f\u0131 Hikmet Bey yeti\u015fir. \u015einasi Bat\u0131l\u0131 bir eseri terc\u00fcme etme veya uyarlama yoluna giderek daha geni\u015f kadrolu bir tiyatro eseri meydana getirme yoluna gitmemi\u015f, halk tiyatrosu motiflerini kullanarak tiyatro yazarlar\u0131na adeta mesaj vermek istemi\u015ftir. \ufffc<\/p>\n","protected":false},"excerpt":{"rendered":"<p>Bir t\u00f6re komedisi \u00f6zelli\u011fi ta\u015f\u0131yan \u015eair Evlenmesi , g\u00f6r\u00fcc\u00fc usul\u00fcyle evlili\u011fin sak\u0131ncalar\u0131n\u0131 konu almaktad\u0131r. Bat\u0131l\u0131 tutum ve davran\u0131\u015f\u0131, k\u0131l\u0131k ve k\u0131yafetiyle pek sevilmeyen, e\u011fitimli olmas\u0131na ra\u011fmen<span class=\"excerpt-hellip\"> [\u2026]<\/span><\/p>\n","protected":false},"featured_media":0,"template":"","meta":{"_monsterinsights_skip_tracking":false,"_monsterinsights_sitenote_active":false,"_monsterinsights_sitenote_note":"","_monsterinsights_sitenote_category":0},"product_brand":[],"product_cat":[12291,12332],"product_tag":[],"class_list":{"0":"post-697953","1":"product","2":"type-product","3":"status-publish","5":"product_cat-edebiyat","6":"product_cat-senaryo","7":"pa_cilt-ciltsiz","8":"pa_tur-kitap","9":"pa_yayinevi-bilge-kultur-sanat","10":"pa_yazar-sinasi","12":"first","13":"instock","14":"sale","15":"shipping-taxable","16":"purchasable","17":"product-type-simple"},"_links":{"self":[{"href":"https:\/\/roveyayinevi.com.tr\/index.php\/wp-json\/wp\/v2\/product\/697953","targetHints":{"allow":["GET"]}}],"collection":[{"href":"https:\/\/roveyayinevi.com.tr\/index.php\/wp-json\/wp\/v2\/product"}],"about":[{"href":"https:\/\/roveyayinevi.com.tr\/index.php\/wp-json\/wp\/v2\/types\/product"}],"wp:attachment":[{"href":"https:\/\/roveyayinevi.com.tr\/index.php\/wp-json\/wp\/v2\/media?parent=697953"}],"wp:term":[{"taxonomy":"product_brand","embeddable":true,"href":"https:\/\/roveyayinevi.com.tr\/index.php\/wp-json\/wp\/v2\/product_brand?post=697953"},{"taxonomy":"product_cat","embeddable":true,"href":"https:\/\/roveyayinevi.com.tr\/index.php\/wp-json\/wp\/v2\/product_cat?post=697953"},{"taxonomy":"product_tag","embeddable":true,"href":"https:\/\/roveyayinevi.com.tr\/index.php\/wp-json\/wp\/v2\/product_tag?post=697953"}],"curies":[{"name":"wp","href":"https:\/\/api.w.org\/{rel}","templated":true}]}}