{"id":697951,"date":"2025-08-27T14:42:44","date_gmt":"2025-08-27T11:42:44","guid":{"rendered":"https:\/\/roveyayinevi.com.tr\/index.php\/urun\/dunya-kadina-karsi\/"},"modified":"2026-04-16T02:07:27","modified_gmt":"2026-04-15T23:07:27","slug":"dunya-kadina-karsi","status":"publish","type":"product","link":"https:\/\/roveyayinevi.com.tr\/index.php\/urun\/dunya-kadina-karsi\/","title":{"rendered":"D\u00fcnya Kad\u0131na Kar\u015f\u0131"},"content":{"rendered":"<p>Bat\u0131 k\u00fclt\u00fcr\u00fc ve onun taklit\u00e7isi t\u00fcm k\u00fclt\u00fcrler, g\u00fc\u00e7l\u00fc kad\u0131na kar\u015f\u0131 antik \u00e7a\u011flardan bu yana sava\u015f a\u00e7m\u0131\u015ft\u0131r. Ataerkil d\u00fczenin toprak anan\u0131n izlerini silme stratejileri, ilk yaz\u0131l\u0131 metinlerden itibaren, kad\u0131n\u0131 k\u00f6t\u00fcleme, basmakal\u0131p tiplere indirgeme ve kurban olarak yans\u0131tma e\u011filimlerinde ortaya \u00e7\u0131kmaktad\u0131r. Anaerkil d\u00fczende toplumda e\u015fit rol oynayan kad\u0131n, ataerkil d\u00fczenin etkisiyle bu e\u015fitli\u011fini kaybetmi\u015f, ataerkil sistemin getirdi\u011fi m\u00fclkiyet\/sahiplenme olgusu ile birlikte toprak, hayvan ve e\u015fya gibi erke\u011fin \u015fahsi mal\u0131 olarak nitelendirilmeye ba\u015flanm\u0131\u015ft\u0131r. Tek tanr\u0131l\u0131 dinlerin yay\u0131lmas\u0131 ile kad\u0131na duyulan korkunun nefrete d\u00f6n\u00fc\u015ft\u00fc\u011f\u00fc \u00e7ok a\u00e7\u0131k bir \u015fekilde ortaya \u00e7\u0131km\u0131\u015ft\u0131r. Yahudi, H\u0131ristiyan ve \u0130slam inan\u0131\u015flar\u0131nda kad\u0131n\u0131n toplumdaki rol\u00fc ve s\u0131n\u0131rlar\u0131 iyiden iyiye daralt\u0131lm\u0131\u015f, Havva\u2019n\u0131n su\u00e7u t\u00fcm kad\u0131nlara atfedilerek, kad\u0131n sosyal hayattan soyutlanm\u0131\u015ft\u0131r. Yirminci y\u00fczy\u0131l ile birlikte kad\u0131nlar, kapitalizmin hizmetinde birer sat\u0131\u015f malzemesi haline d\u00f6n\u00fc\u015fm\u00fc\u015ft\u00fcr. Toplumda bu \u015fekilde ezilen kad\u0131n, ezikli\u011fini i\u00e7selle\u015ftirerek nesilden nesile aktarmaktad\u0131r. Bu k\u0131s\u0131r d\u00f6ng\u00fcn\u00fcn i\u00e7inde ataerkil toplum taraf\u0131ndan ezilen kad\u0131n, ba\u015fka kad\u0131nlar\u0131 ezerek, d\u0131\u015fland\u0131\u011f\u0131 toplumun bir par\u00e7as\u0131 olabilmek i\u00e7in \u00e7\u0131rp\u0131n\u0131r. Bu kitap, kad\u0131n\u0131n ataerkil toplumdaki yerini k\u00fclt\u00fcr\u00fcn farkl\u0131 boyutlar\u0131n\u0131 g\u00f6z \u00f6n\u00fcnde bulundurarak <\/p>\n","protected":false},"excerpt":{"rendered":"<p>Bat\u0131 k\u00fclt\u00fcr\u00fc ve onun taklit\u00e7isi t\u00fcm k\u00fclt\u00fcrler, g\u00fc\u00e7l\u00fc kad\u0131na kar\u015f\u0131 antik \u00e7a\u011flardan bu yana sava\u015f a\u00e7m\u0131\u015ft\u0131r. Ataerkil d\u00fczenin toprak anan\u0131n izlerini silme stratejileri, ilk yaz\u0131l\u0131 metinlerden<span class=\"excerpt-hellip\"> [\u2026]<\/span><\/p>\n","protected":false},"featured_media":0,"template":"","meta":{"_monsterinsights_skip_tracking":false,"_monsterinsights_sitenote_active":false,"_monsterinsights_sitenote_note":"","_monsterinsights_sitenote_category":0},"product_brand":[],"product_cat":[12835,12324],"product_tag":[],"class_list":{"0":"post-697951","1":"product","2":"type-product","3":"status-publish","5":"product_cat-genel-sosyoloji","6":"product_cat-sosyoloji","7":"pa_tur-kitap","8":"pa_yayinevi-efil-yayinevi","9":"pa_yazar-purnur-ucar-ozbirinci","11":"first","12":"instock","13":"sale","14":"shipping-taxable","15":"purchasable","16":"product-type-simple"},"_links":{"self":[{"href":"https:\/\/roveyayinevi.com.tr\/index.php\/wp-json\/wp\/v2\/product\/697951","targetHints":{"allow":["GET"]}}],"collection":[{"href":"https:\/\/roveyayinevi.com.tr\/index.php\/wp-json\/wp\/v2\/product"}],"about":[{"href":"https:\/\/roveyayinevi.com.tr\/index.php\/wp-json\/wp\/v2\/types\/product"}],"wp:attachment":[{"href":"https:\/\/roveyayinevi.com.tr\/index.php\/wp-json\/wp\/v2\/media?parent=697951"}],"wp:term":[{"taxonomy":"product_brand","embeddable":true,"href":"https:\/\/roveyayinevi.com.tr\/index.php\/wp-json\/wp\/v2\/product_brand?post=697951"},{"taxonomy":"product_cat","embeddable":true,"href":"https:\/\/roveyayinevi.com.tr\/index.php\/wp-json\/wp\/v2\/product_cat?post=697951"},{"taxonomy":"product_tag","embeddable":true,"href":"https:\/\/roveyayinevi.com.tr\/index.php\/wp-json\/wp\/v2\/product_tag?post=697951"}],"curies":[{"name":"wp","href":"https:\/\/api.w.org\/{rel}","templated":true}]}}