{"id":697949,"date":"2025-08-27T14:42:43","date_gmt":"2025-08-27T11:42:43","guid":{"rendered":"https:\/\/roveyayinevi.com.tr\/index.php\/urun\/ingilizce-ilk-100-sozcuk-boyama-kitabi\/"},"modified":"2026-04-16T02:07:27","modified_gmt":"2026-04-15T23:07:27","slug":"ingilizce-ilk-100-sozcuk-boyama-kitabi","status":"publish","type":"product","link":"https:\/\/roveyayinevi.com.tr\/index.php\/urun\/ingilizce-ilk-100-sozcuk-boyama-kitabi\/","title":{"rendered":"\u0130ngilizce \u0130lk 100 S\u00f6zc\u00fck Boyama Kitab\u0131"},"content":{"rendered":"<p>Bu kitap, \u00e7ocuklar\u0131n dil \u00f6\u011frenimi i\u00e7in haz\u0131rlanm\u0131\u015ft\u0131r. Hem okul \u00f6ncesi hem de okul \u00e7a\u011f\u0131ndaki \u00e7ocuklar i\u00e7in e\u015fsiz bir hazine niteli\u011findedir. \ufffcTan\u0131t\u0131m Metni<\/p>\n","protected":false},"excerpt":{"rendered":"<p>Bu kitap, \u00e7ocuklar\u0131n dil \u00f6\u011frenimi i\u00e7in haz\u0131rlanm\u0131\u015ft\u0131r. Hem okul \u00f6ncesi hem de okul \u00e7a\u011f\u0131ndaki \u00e7ocuklar i\u00e7in e\u015fsiz bir hazine niteli\u011findedir. \ufffcTan\u0131t\u0131m Metni<\/p>\n","protected":false},"featured_media":0,"template":"","meta":{"_monsterinsights_skip_tracking":false,"_monsterinsights_sitenote_active":false,"_monsterinsights_sitenote_note":"","_monsterinsights_sitenote_category":0},"product_brand":[],"product_cat":[12492,12274],"product_tag":[],"class_list":{"0":"post-697949","1":"product","2":"type-product","3":"status-publish","5":"product_cat-bilmece-bulmaca","6":"product_cat-cocuk-ve-genclik-kitaplari","7":"pa_cilt-ciltsiz","8":"pa_tur-kitap","9":"pa_yayinevi-1001-cicek-kitaplar","10":"pa_yazar-heather-amery","12":"first","13":"instock","14":"sale","15":"shipping-taxable","16":"purchasable","17":"product-type-simple"},"_links":{"self":[{"href":"https:\/\/roveyayinevi.com.tr\/index.php\/wp-json\/wp\/v2\/product\/697949","targetHints":{"allow":["GET"]}}],"collection":[{"href":"https:\/\/roveyayinevi.com.tr\/index.php\/wp-json\/wp\/v2\/product"}],"about":[{"href":"https:\/\/roveyayinevi.com.tr\/index.php\/wp-json\/wp\/v2\/types\/product"}],"wp:attachment":[{"href":"https:\/\/roveyayinevi.com.tr\/index.php\/wp-json\/wp\/v2\/media?parent=697949"}],"wp:term":[{"taxonomy":"product_brand","embeddable":true,"href":"https:\/\/roveyayinevi.com.tr\/index.php\/wp-json\/wp\/v2\/product_brand?post=697949"},{"taxonomy":"product_cat","embeddable":true,"href":"https:\/\/roveyayinevi.com.tr\/index.php\/wp-json\/wp\/v2\/product_cat?post=697949"},{"taxonomy":"product_tag","embeddable":true,"href":"https:\/\/roveyayinevi.com.tr\/index.php\/wp-json\/wp\/v2\/product_tag?post=697949"}],"curies":[{"name":"wp","href":"https:\/\/api.w.org\/{rel}","templated":true}]}}