{"id":697947,"date":"2025-08-27T14:42:43","date_gmt":"2025-08-27T11:42:43","guid":{"rendered":"https:\/\/roveyayinevi.com.tr\/index.php\/urun\/atillanin-sarayinda-bir-romali\/"},"modified":"2026-04-16T02:07:27","modified_gmt":"2026-04-15T23:07:27","slug":"atillanin-sarayinda-bir-romali","status":"publish","type":"product","link":"https:\/\/roveyayinevi.com.tr\/index.php\/urun\/atillanin-sarayinda-bir-romali\/","title":{"rendered":"Atilla&#8217;n\u0131n Saray\u0131nda Bir Romal\u0131"},"content":{"rendered":"<p>Bizans \u0130mparatorlu\u011fu\u2019nun haric\u00ee politikas\u0131nda m\u00fchim vazifeler \u00fcstlenen Priskos, \u0130mparator II. Theodosius (480-450)taraf\u0131ndan Avrupa Hun \u0130mparatoru Attila\u2019ya g\u00f6nderilen el\u00e7ilik heyetinde vazife alm\u0131\u015f ve Theodosius\u2019a k\u0131zg\u0131nl\u0131\u011f\u0131sebebiyle el\u00e7ileri huzuruna kabul etmek istemeyen Attila\u2019y\u0131 ikna ederek imparatorluk memuru olan Maximinus ileg\u00f6r\u00fc\u015fmesini sa\u011flam\u0131\u015ft\u0131r. Priskos\u2019un bu seyahat boyunca m\u00fc\u015fahedelerini ihtiva eden tarih\u00ee eseri V. as\u0131r Avrupa T\u00fcrkve bilhassa Attila devri Hun tarihinin yeg\u00e2ne ana kayna\u011f\u0131 durumundad\u0131r.Terc\u00fcmesini verdi\u011fimiz bu eser, Avrupa Hunlar\u0131\u2019n\u0131n siyasi tarih ve k\u00fclt\u00fcrleri bak\u0131m\u0131ndan olduk\u00e7a m\u00fchim hususlarihtiva etmektedir. Attila\u2019n\u0131n Bizans ile ili\u015fkilerine dair Priskos\u2019un verdi\u011fi teferruatl\u0131 bilgilerin yan\u0131s\u0131ra, Hunlar\u0131n Bat\u0131Roma \u0130mparatorlu\u011fu ve Perslerle olan m\u00fcnasebetlerine dair de \u00e7e\u015fitli malumatlar vermektedir. Ayr\u0131ca Bizanskaynaklar\u0131nda ilk defa rastlanan baz\u0131 T\u00fcrk boylar\u0131n\u0131n Do\u011fu Avrupa\u2019da ortaya \u00e7\u0131k\u0131\u015flar\u0131ndan da geni\u015f olarakbahsedilmektedir.Priskos, T\u00fcrk devlet te\u015fkilat\u0131, adalet sistemi ve T\u00fcrk\u2019\u00fcn insana verdi\u011fi k\u0131ymet ile bunlar\u0131n Roma\u2019daki tatbikinimukayese imkan\u0131 sa\u011flamaktad\u0131r. Attila\u2019n\u0131n \u015fahsiyeti, m\u00fctevaz\u0131 hayat\u0131, saray\u0131, ziyafet sofras\u0131 ve orada uygulananprotokol, idare tarz\u0131na dair de k\u0131ymetli bilgiler vermektedir.<\/p>\n","protected":false},"excerpt":{"rendered":"<p>Bizans \u0130mparatorlu\u011fu\u2019nun haric\u00ee politikas\u0131nda m\u00fchim vazifeler \u00fcstlenen Priskos, \u0130mparator II. Theodosius (480-450)taraf\u0131ndan Avrupa Hun \u0130mparatoru Attila\u2019ya g\u00f6nderilen el\u00e7ilik heyetinde vazife alm\u0131\u015f ve Theodosius\u2019a k\u0131zg\u0131nl\u0131\u011f\u0131sebebiyle el\u00e7ileri huzuruna<span class=\"excerpt-hellip\"> [\u2026]<\/span><\/p>\n","protected":false},"featured_media":0,"template":"","meta":{"_monsterinsights_skip_tracking":false,"_monsterinsights_sitenote_active":false,"_monsterinsights_sitenote_note":"","_monsterinsights_sitenote_category":0},"product_brand":[],"product_cat":[12370,12304],"product_tag":[],"class_list":{"0":"post-697947","1":"product","2":"type-product","3":"status-publish","5":"product_cat-arastirma-inceleme","6":"product_cat-tarih","7":"pa_cilt-ciltsiz","8":"pa_tur-kitap","9":"pa_yayinevi-yeditepe-yayinevi","10":"pa_yazar-ali-ahmetbeyoglu","12":"first","13":"instock","14":"sale","15":"shipping-taxable","16":"purchasable","17":"product-type-simple"},"_links":{"self":[{"href":"https:\/\/roveyayinevi.com.tr\/index.php\/wp-json\/wp\/v2\/product\/697947","targetHints":{"allow":["GET"]}}],"collection":[{"href":"https:\/\/roveyayinevi.com.tr\/index.php\/wp-json\/wp\/v2\/product"}],"about":[{"href":"https:\/\/roveyayinevi.com.tr\/index.php\/wp-json\/wp\/v2\/types\/product"}],"wp:attachment":[{"href":"https:\/\/roveyayinevi.com.tr\/index.php\/wp-json\/wp\/v2\/media?parent=697947"}],"wp:term":[{"taxonomy":"product_brand","embeddable":true,"href":"https:\/\/roveyayinevi.com.tr\/index.php\/wp-json\/wp\/v2\/product_brand?post=697947"},{"taxonomy":"product_cat","embeddable":true,"href":"https:\/\/roveyayinevi.com.tr\/index.php\/wp-json\/wp\/v2\/product_cat?post=697947"},{"taxonomy":"product_tag","embeddable":true,"href":"https:\/\/roveyayinevi.com.tr\/index.php\/wp-json\/wp\/v2\/product_tag?post=697947"}],"curies":[{"name":"wp","href":"https:\/\/api.w.org\/{rel}","templated":true}]}}